{"id":26,"date":"2011-05-18T18:48:11","date_gmt":"2011-05-18T18:48:11","guid":{"rendered":"http:\/\/localhost\/unidades\/bonfim\/?page_id=26"},"modified":"2023-10-24T13:53:59","modified_gmt":"2023-10-24T16:53:59","slug":"infraestrutura","status":"publish","type":"page","link":"https:\/\/www.ifbaiano.edu.br\/unidades\/itapetinga\/infraestrutura\/","title":{"rendered":"Infraestrutura"},"content":{"rendered":"<p><span style=\"color: #006600\"><span style=\"font-family: Arial,sans-serif\"><b>Pavilh\u00e3o I<\/b><\/span><\/span><\/p>\n<p><span style=\"font-family: Arial,sans-serif\">08 Salas de aula com capacidade para\u00a0 40 alunos;<\/span><\/p>\n<p><span style=\"font-family: Arial,sans-serif\">01 Laborat\u00f3rio did\u00e1tico para an\u00e1lises bromatol\u00f3gicas;<\/span><\/p>\n<p><span style=\"font-family: Arial,sans-serif\">01 Laborat\u00f3rio did\u00e1tico para an\u00e1lises e processamento de alimentos;<\/span><\/p>\n<p><span style=\"font-family: Arial,sans-serif\">01 Sala de aula para as Turmas de EAD;<\/span><\/p>\n<p><span style=\"font-family: Arial,sans-serif\">01 Laborat\u00f3rio de inform\u00e1tica com 40 computadores;<\/span><\/p>\n<p><span style=\"font-family: Arial,sans-serif\">01 Refeit\u00f3rio com capacidade para 100 alunos simult\u00e2neos;<\/span><\/p>\n<p><span style=\"font-family: Arial,sans-serif\">Sala dos Professores<\/span>;<\/p>\n<p><span style=\"font-family: Arial,sans-serif\">01 Biblioteca com exemplares de livros atualizados periodicamente para atender cursos de n\u00edvel m\u00e9dio e superior;<\/span><\/p>\n<p><span style=\"font-family: Arial,sans-serif\">Banheiros adaptados para pessoas com necessidades espec\u00edficas;<\/span><\/p>\n<p><span style=\"font-family: Arial,sans-serif\">Campo experimental para aulas pr\u00e1ticas nas \u00e1reas de Agronomia, Zootecnia e Meio Ambiente.<\/span><\/p>\n<hr \/>\n<p><span style=\"color: #006600\"><span style=\"font-family: Arial,sans-serif\"><b>Administrativo<\/b><\/span><\/span><\/p>\n<p><span style=\"font-family: Arial,sans-serif\">Salas dos Setores Administrativo ( Gest\u00e3o de Pessoas, Compras, Licita\u00e7\u00f5es e Contratos, Coordena\u00e7\u00e3o Financeira e Cont\u00e1bil, Coordena\u00e7\u00e3o de Log\u00edstica, Setores de Almoxarifado e Patrim\u00f4nio).\u00a0<\/span><\/p>\n<p><span style=\"color: #006600\"><span style=\"font-family: Arial,sans-serif\"><b>Pavilh\u00e3o II<\/b><\/span><\/span><\/p>\n<p><span style=\"font-family: Arial,sans-serif\">01 Laborat\u00f3rio de F\u00edsica e Matem\u00e1tica;<\/span><\/p>\n<p><span style=\"font-family: Arial,sans-serif\">01 Laborat\u00f3rio de Qu\u00edmica;<\/span><\/p>\n<p><span style=\"font-family: Arial,sans-serif\">01 Laborat\u00f3rio de Biologia;<\/span><\/p>\n<p><span style=\"font-family: Arial,sans-serif\">01 Laborat\u00f3rio de Desenho T\u00e9cnico (em implanta\u00e7\u00e3o);<\/span><\/p>\n<p><span style=\"font-family: Arial,sans-serif\">03 Laborat\u00f3rios de Inform\u00e1tica;<\/span><\/p>\n<p><span style=\"font-family: Arial,sans-serif\">11 Salas de Aula com capacidade para at\u00e9 45 alunos;<\/span><\/p>\n<p><span style=\"font-family: Arial,sans-serif\">Coordena\u00e7\u00e3o de Assist\u00eancia Estudantil;<\/span><\/p>\n<p><span style=\"font-family: Arial,sans-serif\">Coordena\u00e7\u00e3o de Ensino;<\/span><\/p>\n<p><span style=\"font-family: Arial,sans-serif\">Reprografia;<\/span><\/p>\n<p><span style=\"font-family: Arial,sans-serif\">Sala dos Professores;<\/span><\/p>\n<p><span style=\"font-family: Arial,sans-serif\">Banheiros Adaptados para Pessoas com Necessidades Espec\u00edficas.<\/span><\/p>\n","protected":false},"excerpt":{"rendered":"<p>Pavilh\u00e3o I 08 Salas de aula com capacidade para\u00a0 40 alunos; 01 Laborat\u00f3rio did\u00e1tico para an\u00e1lises bromatol\u00f3gicas; 01 Laborat\u00f3rio did\u00e1tico para an\u00e1lises e processamento de alimentos; 01 Sala de aula para as Turmas de EAD; 01 Laborat\u00f3rio de inform\u00e1tica com 40 computadores; 01 Refeit\u00f3rio com capacidade para 100 alunos simult\u00e2neos; Sala dos Professores; 01 Biblioteca [&hellip;]<\/p>\n","protected":false},"author":1,"featured_media":635,"parent":0,"menu_order":0,"comment_status":"closed","ping_status":"closed","template":"","meta":[],"_links":{"self":[{"href":"https:\/\/www.ifbaiano.edu.br\/unidades\/itapetinga\/wp-json\/wp\/v2\/pages\/26"}],"collection":[{"href":"https:\/\/www.ifbaiano.edu.br\/unidades\/itapetinga\/wp-json\/wp\/v2\/pages"}],"about":[{"href":"https:\/\/www.ifbaiano.edu.br\/unidades\/itapetinga\/wp-json\/wp\/v2\/types\/page"}],"author":[{"embeddable":true,"href":"https:\/\/www.ifbaiano.edu.br\/unidades\/itapetinga\/wp-json\/wp\/v2\/users\/1"}],"replies":[{"embeddable":true,"href":"https:\/\/www.ifbaiano.edu.br\/unidades\/itapetinga\/wp-json\/wp\/v2\/comments?post=26"}],"version-history":[{"count":170,"href":"https:\/\/www.ifbaiano.edu.br\/unidades\/itapetinga\/wp-json\/wp\/v2\/pages\/26\/revisions"}],"predecessor-version":[{"id":41261,"href":"https:\/\/www.ifbaiano.edu.br\/unidades\/itapetinga\/wp-json\/wp\/v2\/pages\/26\/revisions\/41261"}],"wp:featuredmedia":[{"embeddable":true,"href":"https:\/\/www.ifbaiano.edu.br\/unidades\/itapetinga\/wp-json\/wp\/v2\/media\/635"}],"wp:attachment":[{"href":"https:\/\/www.ifbaiano.edu.br\/unidades\/itapetinga\/wp-json\/wp\/v2\/media?parent=26"}],"curies":[{"name":"wp","href":"https:\/\/api.w.org\/{rel}","templated":true}]}}