{"id":30,"date":"2011-05-18T18:48:44","date_gmt":"2011-05-18T18:48:44","guid":{"rendered":"http:\/\/localhost\/unidades\/bonfim\/?page_id=30"},"modified":"2025-02-20T15:19:15","modified_gmt":"2025-02-20T18:19:15","slug":"funcionamento-horarios","status":"publish","type":"page","link":"https:\/\/www.ifbaiano.edu.br\/unidades\/itapetinga\/funcionamento-horarios\/","title":{"rendered":"Hor\u00e1rio de Funcionamento"},"content":{"rendered":"<table style=\"border-collapse: collapse;border-spacing: 0px;width: 694px;height: 5px\"><colgroup> <col style=\"width: 708px\" \/><\/colgroup>\n<tbody>\n<tr>\n<th style=\"font-family: Arial, sans-serif;font-size: xx-small;font-weight: normal;padding: 2px 8px;border-style: solid;border-width: 0px;overflow: hidden;background-color: #036400\">\u00a0<\/th>\n<\/tr>\n<tr>\n<td style=\"font-family: Arial, sans-serif;font-size: 18px;padding: 10px 8px;border-style: solid;border-width: 0px;overflow: hidden;font-weight: bold;background-color: #efefef\" rowspan=\"2\">HOR\u00c1RIO DE FUNCIONAMENTO \/ ATENDIMENTO<\/td>\n<\/tr>\n<\/tbody>\n<\/table>\n<p data-start=\"0\" data-end=\"82\">O atendimento ao p\u00fablico no Campus Itapetinga funciona de segunda a sexta-feira:<\/p>\n<ul data-start=\"84\" data-end=\"196\">\n<li data-start=\"84\" data-end=\"119\">Turno matutino: das 7h30 \u00e0s 12h<\/li>\n<li data-start=\"120\" data-end=\"158\">Turno vespertino: das 14h \u00e0s 17h30<\/li>\n<li data-start=\"159\" data-end=\"196\">Turno noturno: das 18h30 \u00e0s 21h30<\/li>\n<\/ul>\n<p>*Hor\u00e1rios ainda n\u00e3o aprovados<\/p>\n<table style=\"border-collapse: collapse;border-spacing: 0px;height: 251px\" width=\"798\">\n<tbody>\n<tr>\n<th style=\"font-family: Verdana, Geneva, sans-serif !important;font-size: 13px;font-weight: bold;padding: 10px 5px;border-style: solid;border-width: 1px;overflow: hidden;background-color: #036400;color: #ffffff;text-align: center\">Setor<\/th>\n<th style=\"font-family: Verdana, Geneva, sans-serif !important;font-size: 13px;font-weight: bold;padding: 10px 5px;border-style: solid;border-width: 1px;overflow: hidden;background-color: #036400;color: #ffffff;text-align: center\">Manh\u00e3<\/th>\n<th style=\"font-family: Verdana, Geneva, sans-serif !important;font-size: 13px;font-weight: bold;padding: 10px 5px;border-style: solid;border-width: 1px;overflow: hidden;background-color: #036400;color: #ffffff;text-align: center\">Tarde<\/th>\n<th style=\"font-family: Verdana, Geneva, sans-serif !important;font-size: 13px;font-weight: bold;padding: 10px 5px;border-style: solid;border-width: 1px;overflow: hidden;background-color: #036400;color: #ffffff;text-align: center\">Noite<\/th>\n<\/tr>\n<tr>\n<td style=\"font-family: Arial, sans-serif;font-size: 14px;padding: 10px 5px;border-style: solid;border-width: 1px;overflow: hidden\">Diretoria Geral<\/td>\n<td style=\"font-family: Arial, sans-serif;font-size: 14px;padding: 10px 5px;border-style: solid;border-width: 1px;overflow: hidden\">07:30 \u00e0s 12:00*<\/td>\n<td style=\"font-family: Arial, sans-serif;font-size: 14px;padding: 10px 5px;border-style: solid;border-width: 1px;overflow: hidden\">14:00 \u00e0s 17:30*<\/td>\n<td style=\"font-family: Arial, sans-serif;font-size: 14px;padding: 10px 5px;border-style: solid;border-width: 1px;overflow: hidden\">17:30 \u00e0s 21:30*<\/td>\n<\/tr>\n<tr>\n<td style=\"font-family: Arial, sans-serif;font-size: 14px;padding: 10px 5px;border-style: solid;border-width: 1px;overflow: hidden\">Secretaria<\/td>\n<td style=\"font-family: Arial, sans-serif;font-size: 14px;padding: 10px 5px;border-style: solid;border-width: 1px;overflow: hidden\">07:30 \u00e0s 12:00<\/td>\n<td style=\"font-family: Arial, sans-serif;font-size: 14px;padding: 10px 5px;border-style: solid;border-width: 1px;overflow: hidden\">14:00 \u00e0s 17:30<\/td>\n<td style=\"font-family: Arial, sans-serif;font-size: 14px;padding: 10px 5px;border-style: solid;border-width: 1px;overflow: hidden\">17:00 \u00e0s 21:30<\/td>\n<\/tr>\n<tr>\n<td style=\"font-family: Arial, sans-serif;font-size: 14px;padding: 10px 5px;border-style: solid;border-width: 1px;overflow: hidden\">Biblioteca<\/td>\n<td style=\"font-family: Arial, sans-serif;font-size: 14px;padding: 10px 5px;border-style: solid;border-width: 1px;overflow: hidden\">07:30 \u00e0s 12:00<\/td>\n<td style=\"font-family: Arial, sans-serif;font-size: 14px;padding: 10px 5px;border-style: solid;border-width: 1px;overflow: hidden\">14:00 \u00e0s 17:30<\/td>\n<td style=\"font-family: Arial, sans-serif;font-size: 14px;padding: 10px 5px;border-style: solid;border-width: 1px;overflow: hidden\">17:00 \u00e0s 21:30<\/td>\n<\/tr>\n<tr>\n<td style=\"font-family: Arial, sans-serif;font-size: 14px;padding: 10px 5px;border-style: solid;border-width: 1px;overflow: hidden\">\u00a0<\/td>\n<td style=\"font-family: Arial, sans-serif;font-size: 14px;padding: 10px 5px;border-style: solid;border-width: 1px;overflow: hidden\">\u00a0<\/td>\n<td style=\"font-family: Arial, sans-serif;font-size: 14px;padding: 10px 5px;border-style: solid;border-width: 1px;overflow: hidden\">\u00a0<\/td>\n<td style=\"font-family: Arial,sans-serif;font-size: 14px;padding: 10px 5px;border-style: solid;border-width: 1px;overflow: hidden;text-align: center\">\u00a0<\/td>\n<\/tr>\n<tr>\n<td style=\"font-family: Arial, sans-serif;font-size: 14px;padding: 10px 5px;border-style: solid;border-width: 1px;overflow: hidden;vertical-align: top\">\u00a0<\/td>\n<td style=\"font-family: Arial, sans-serif;font-size: 14px;padding: 10px 5px;border-style: solid;border-width: 1px;overflow: hidden;vertical-align: top\">\u00a0<\/td>\n<td style=\"font-family: Arial, sans-serif;font-size: 14px;padding: 10px 5px;border-style: solid;border-width: 1px;overflow: hidden;vertical-align: top\">\u00a0<\/td>\n<td style=\"font-family: Arial, sans-serif;font-size: 14px;padding: 10px 5px;border-style: solid;border-width: 1px;overflow: hidden;vertical-align: top\">\u00a0<\/td>\n<\/tr>\n<\/tbody>\n<\/table>\n\n\n<p>*A agenda da Dire\u00e7\u00e3o Geral fica dispon\u00edvel na aba Agenda do Diretor.<\/p>\n","protected":false},"excerpt":{"rendered":"<p>\u00a0 HOR\u00c1RIO DE FUNCIONAMENTO \/ ATENDIMENTO O atendimento ao p\u00fablico no Campus Itapetinga funciona de segunda a sexta-feira: Turno matutino: das 7h30 \u00e0s 12h Turno vespertino: das 14h \u00e0s 17h30 Turno noturno: das 18h30 \u00e0s 21h30 *Hor\u00e1rios ainda n\u00e3o aprovados Setor Manh\u00e3 Tarde Noite Diretoria Geral 07:30 \u00e0s 12:00* 14:00 \u00e0s 17:30* 17:30 \u00e0s 21:30* [&hellip;]<\/p>\n","protected":false},"author":1,"featured_media":0,"parent":0,"menu_order":0,"comment_status":"closed","ping_status":"closed","template":"","meta":[],"_links":{"self":[{"href":"https:\/\/www.ifbaiano.edu.br\/unidades\/itapetinga\/wp-json\/wp\/v2\/pages\/30"}],"collection":[{"href":"https:\/\/www.ifbaiano.edu.br\/unidades\/itapetinga\/wp-json\/wp\/v2\/pages"}],"about":[{"href":"https:\/\/www.ifbaiano.edu.br\/unidades\/itapetinga\/wp-json\/wp\/v2\/types\/page"}],"author":[{"embeddable":true,"href":"https:\/\/www.ifbaiano.edu.br\/unidades\/itapetinga\/wp-json\/wp\/v2\/users\/1"}],"replies":[{"embeddable":true,"href":"https:\/\/www.ifbaiano.edu.br\/unidades\/itapetinga\/wp-json\/wp\/v2\/comments?post=30"}],"version-history":[{"count":18,"href":"https:\/\/www.ifbaiano.edu.br\/unidades\/itapetinga\/wp-json\/wp\/v2\/pages\/30\/revisions"}],"predecessor-version":[{"id":43990,"href":"https:\/\/www.ifbaiano.edu.br\/unidades\/itapetinga\/wp-json\/wp\/v2\/pages\/30\/revisions\/43990"}],"wp:attachment":[{"href":"https:\/\/www.ifbaiano.edu.br\/unidades\/itapetinga\/wp-json\/wp\/v2\/media?parent=30"}],"curies":[{"name":"wp","href":"https:\/\/api.w.org\/{rel}","templated":true}]}}