{"id":30753,"date":"2013-07-09T18:42:25","date_gmt":"2013-07-09T21:42:25","guid":{"rendered":"http:\/\/www.ifbaiano.edu.br\/unidades\/itapetinga\/?page_id=30753"},"modified":"2013-10-06T10:46:01","modified_gmt":"2013-10-06T13:46:01","slug":"processo-seletivo-para-professor-substituto-2013","status":"publish","type":"page","link":"https:\/\/www.ifbaiano.edu.br\/unidades\/itapetinga\/processo-seletivo-para-professor-substituto-2013\/","title":{"rendered":"Processos Seletivos 2013"},"content":{"rendered":"<h2><strong>Programa Nacional de Integra\u00e7\u00e3o do Projeto Mulheres Mil:\u00a0<\/strong><strong>Processo Seletivo Curso de Forma\u00e7\u00e3o Inicial e Continuada<\/strong><span style=\"font-size: 13px;font-weight: normal\">\u00a0<\/span><\/h2>\n<p><strong><a href=\"http:\/\/www.ifbaiano.edu.br\/unidades\/itapetinga\/files\/2013\/09\/Lista-segunda-chamada-salgadeiros.pdf\" target=\"_blank\">Lista de 2\u00aa Chamada<\/a> &#8211; 24\/09\/2013 <span style=\"color: #ff0000\">(Novo)<\/span><\/strong><\/p>\n<p><strong><a href=\"http:\/\/www.ifbaiano.edu.br\/unidades\/itapetinga\/files\/2013\/09\/LISTA-CLASS-MULHERES-MIL.pdf\" target=\"_blank\">Lista de Classificadas curso Salgadeiro <\/a>&#8211; 11\/09\/2013\u00a0<\/strong><\/p>\n<p><strong><a href=\"http:\/\/www.ifbaiano.edu.br\/unidades\/itapetinga\/files\/2013\/09\/INSCR-INDEFERIDAS.pdf\" target=\"_blank\">Inscri\u00e7\u00f5es Indeferidas <\/a>&#8211; 11\/09\/2013\u00a0<\/strong><\/p>\n<p><strong><a href=\"http:\/\/www.ifbaiano.edu.br\/unidades\/itapetinga\/files\/2013\/09\/ORIENT-MATR-E-RECLA-SALGAD.pdf\" target=\"_blank\">Orienta\u00e7\u00f5es para matr\u00edcula e reclassifica\u00e7\u00f5es <\/a>&#8211; 11\/09\/2013<\/strong><\/p>\n<p><a href=\"http:\/\/www.ifbaiano.edu.br\/unidades\/itapetinga\/files\/2013\/08\/EDITAL06.2013MulheresMil-.pdf\" target=\"_blank\">\u00a0<\/a><strong><a href=\"http:\/\/www.ifbaiano.edu.br\/unidades\/itapetinga\/files\/2013\/08\/EDITAL06.2013MulheresMil-.pdf\" target=\"_blank\">Curso de Salgadeiro &#8211;\u00a0EDITAL N\u00ba 06\/2013<\/a> &#8211; 15\/08\/2013\u00a0<\/strong><\/p>\n<p>&nbsp;<\/p>\n<p><!--more--><\/p>\n<p>&nbsp;<\/p>\n<h1><strong>Processo Seletivo de Vagas Remanescentes Curso T\u00e9cnico em Agropecu\u00e1ria Subsequente<\/strong><\/h1>\n<p><strong>\u00a0<a href=\"http:\/\/www.ifbaiano.edu.br\/unidades\/itapetinga\/files\/2013\/08\/RESVAGASREM-final.pdf\" target=\"_blank\">RESULTADO<\/a> &#8211; 30\/08\/2013 <span style=\"color: #ff0000\">Novo!!!<\/span><\/strong><\/p>\n<p><strong><a href=\"http:\/\/www.ifbaiano.edu.br\/unidades\/itapetinga\/files\/2013\/08\/entrevista-2.pdf\" target=\"_blank\">CONVOCA\u00c7\u00c3O PARA ENTREVISTAS<\/a><\/strong> &#8211; <strong>27\/08\/2013 <span style=\"color: #ff0000\">Novo!!!<\/span><\/strong><\/p>\n<p><strong>\u00a0<a href=\"http:\/\/www.ifbaiano.edu.br\/unidades\/itapetinga\/files\/2013\/08\/Edital-VagasRemaAgro05.08.pdf\" target=\"_blank\">EDITAL N\u00ba 05\/2013 <\/a>&#8211; 05\/08\/2013\u00a0<\/strong><\/p>\n<p>&nbsp;<\/p>\n<p><!--more--><!--more--><\/p>\n<p><strong><span style=\"font-size: 1.5em\">Processo Seletivo para Professor Substituto 2013<\/span><\/strong><\/p>\n<h3><strong><span style=\"color: #ff0000\">Professor Substituto de Qu\u00edmica<\/span><\/strong><\/h3>\n<p><strong><a href=\"http:\/\/www.ifbaiano.edu.br\/unidades\/itapetinga\/files\/2013\/10\/Resultprofsubstquimica.pdf\" target=\"_blank\">Resultado Preliminar &#8211;<\/a> 06\/10\/2013 <span style=\"color: #ff0000\">(Novo)<\/span><\/strong><\/p>\n<p><strong><a href=\"http:\/\/www.ifbaiano.edu.br\/unidades\/itapetinga\/files\/2013\/10\/HOMOLINSCRQUIMICA.pdf\" target=\"_blank\">Homologa\u00e7\u00e3o de Inscri\u00e7\u00e3o &#8211;<\/a> 01\/10\/2013\u00a0<\/strong><\/p>\n<p><strong><a href=\"http:\/\/www.ifbaiano.edu.br\/unidades\/itapetinga\/files\/2013\/09\/InscriPrehomolquimica.pdf\" target=\"_blank\">Inscri\u00e7\u00f5es Pr\u00e9-Homologadas<\/a> &#8211; 23\/09\/2013\u00a0<\/strong><\/p>\n<p><strong><a href=\"http:\/\/www.ifbaiano.edu.br\/reitoria\/wp-content\/uploads\/2013\/09\/edital_docente_itapetinga.pdf\" target=\"_blank\">Edital N\u00ba 135\/2013<\/a><\/strong><\/p>\n<p>&nbsp;<\/p>\n<p><!--more--><\/p>\n<h3><strong><span style=\"color: #ff0000\">Professor Substituto de Zootecnia e Hist\u00f3ria<\/span><\/strong><\/h3>\n<p><strong><a href=\"http:\/\/www.ifbaiano.edu.br\/unidades\/itapetinga\/files\/2013\/07\/Resultado-Final.pdf\" target=\"_blank\">Resultado Final <\/a>&#8211; 31\/07\/2013\u00a0<\/strong><\/p>\n<p><strong><a href=\"http:\/\/www.ifbaiano.edu.br\/unidades\/itapetinga\/files\/2013\/07\/Resultado.pdf\" target=\"_blank\">\u00a0Resultado\u00a0<\/a>\u00a0&#8211; 29\/09\/2013\u00a0<\/strong><\/p>\n<p><strong><a href=\"http:\/\/www.ifbaiano.edu.br\/unidades\/itapetinga\/files\/2013\/07\/lista-prehomologadosfinal.pdf\" target=\"_blank\">Lista de Pr\u00e9-Homologa\u00e7\u00e3o das Inscri\u00e7\u00f5es ap\u00f3s recursos <\/a>&#8211; \u00a020\/07\/2013\u00a0<\/strong><\/p>\n<p><strong><a href=\"http:\/\/www.ifbaiano.edu.br\/unidades\/itapetinga\/files\/2013\/07\/Lista-Geral.pdf\" target=\"_blank\">Pr\u00e9-Homologa\u00e7\u00e3o das Inscri\u00e7\u00f5es<\/a> &#8211; 18\/07\/2013\u00a0<\/strong><\/p>\n<p><strong><a href=\"http:\/\/www.ifbaiano.edu.br\/unidades\/itapetinga\/files\/2013\/07\/Edital-PROFESSOR-SUBSTITUTO.pdf\" target=\"_blank\">Edital n\u00ba 85\/2013<\/a> &#8211; 09\/07\/2013 <\/strong><\/p>\n<p><strong><a href=\"http:\/\/www.ifbaiano.edu.br\/unidades\/itapetinga\/files\/2013\/07\/FICHA-DE-INSCRICAO-correta.pdf\" target=\"_blank\">Ficha de Inscri\u00e7\u00e3o\u00a0<\/a><\/strong><\/p>\n<p><strong><a href=\"http:\/\/www.ifbaiano.edu.br\/unidades\/itapetinga\/files\/2013\/07\/FORMULARIO-PARA-RECURSO.pdf\" target=\"_blank\">Formul\u00e1rio de Recurso<\/a><\/strong><\/p>\n<p>&nbsp;<\/p>\n<p>&nbsp;<\/p>\n<p>&nbsp;<\/p>\n","protected":false},"excerpt":{"rendered":"<p>Programa Nacional de Integra\u00e7\u00e3o do Projeto Mulheres Mil:\u00a0Processo Seletivo Curso de Forma\u00e7\u00e3o Inicial e Continuada\u00a0 Lista de 2\u00aa Chamada &#8211; 24\/09\/2013 (Novo) Lista de Classificadas curso Salgadeiro &#8211; 11\/09\/2013\u00a0 Inscri\u00e7\u00f5es Indeferidas &#8211; 11\/09\/2013\u00a0 Orienta\u00e7\u00f5es para matr\u00edcula e reclassifica\u00e7\u00f5es &#8211; 11\/09\/2013 \u00a0Curso de Salgadeiro &#8211;\u00a0EDITAL N\u00ba 06\/2013 &#8211; 15\/08\/2013\u00a0 &nbsp;<\/p>\n","protected":false},"author":18,"featured_media":0,"parent":0,"menu_order":0,"comment_status":"open","ping_status":"open","template":"","meta":[],"_links":{"self":[{"href":"https:\/\/www.ifbaiano.edu.br\/unidades\/itapetinga\/wp-json\/wp\/v2\/pages\/30753"}],"collection":[{"href":"https:\/\/www.ifbaiano.edu.br\/unidades\/itapetinga\/wp-json\/wp\/v2\/pages"}],"about":[{"href":"https:\/\/www.ifbaiano.edu.br\/unidades\/itapetinga\/wp-json\/wp\/v2\/types\/page"}],"author":[{"embeddable":true,"href":"https:\/\/www.ifbaiano.edu.br\/unidades\/itapetinga\/wp-json\/wp\/v2\/users\/18"}],"replies":[{"embeddable":true,"href":"https:\/\/www.ifbaiano.edu.br\/unidades\/itapetinga\/wp-json\/wp\/v2\/comments?post=30753"}],"version-history":[{"count":56,"href":"https:\/\/www.ifbaiano.edu.br\/unidades\/itapetinga\/wp-json\/wp\/v2\/pages\/30753\/revisions"}],"predecessor-version":[{"id":30757,"href":"https:\/\/www.ifbaiano.edu.br\/unidades\/itapetinga\/wp-json\/wp\/v2\/pages\/30753\/revisions\/30757"}],"wp:attachment":[{"href":"https:\/\/www.ifbaiano.edu.br\/unidades\/itapetinga\/wp-json\/wp\/v2\/media?parent=30753"}],"curies":[{"name":"wp","href":"https:\/\/api.w.org\/{rel}","templated":true}]}}