{"id":32358,"date":"2015-01-28T11:20:27","date_gmt":"2015-01-28T14:20:27","guid":{"rendered":"http:\/\/www.ifbaiano.edu.br\/unidades\/itapetinga\/?page_id=32358"},"modified":"2025-01-24T15:46:55","modified_gmt":"2025-01-24T18:46:55","slug":"dg-contato","status":"publish","type":"page","link":"https:\/\/www.ifbaiano.edu.br\/unidades\/itapetinga\/dg\/dg-contato\/","title":{"rendered":"Contato"},"content":{"rendered":"\n<p class=\"has-medium-font-size\"><strong>Diretor Geral<\/strong><\/p>\n\n\n\n<p>R\u00f4mulo Sp\u00f3sito das Virgens<br><a rel=\"noreferrer noopener\" href=\"http:\/\/lattes.cnpq.br\/0938810026128213\" target=\"_blank\">Curr\u00edculo Lattes<\/a><br><strong>E-mail: <\/strong>diretor@itapetinga.ifbaiano.edu.br<br>Tel.: 77 99969-7107 Ramal: 201<\/p>\n\n\n\n<hr class=\"wp-block-separator has-alpha-channel-opacity\" \/>\n\n\n\n<p class=\"has-medium-font-size\"><strong>Equipe<\/strong><\/p>\n\n\n\n<p><strong>Gabinete<\/strong><br>Renatta Soares Souza<br><strong>E-mail<\/strong>:\u00a0gabinete@itapetinga.ifbaiano.edu.br<br>Tel.: 77 99969-7107 Ramal: 202<\/p>\n\n\n\n<p><strong>Administrador<\/strong><br>Lazaro Alves Bezerra<strong><br>E-mail:\u00a0\u00a0<\/strong>lazaro.bezerra@ifbaiano.edu.br<br>Tel.: 77 99969-7107 Ramal: 209<\/p>\n\n\n\n<p><strong>N\u00facleo de Gest\u00e3o de Pessoas<\/strong><br>Adriana Oliveira de Souza Silva<br><strong>E\u00a0-mail<\/strong>: nagp@itapetinga.ifbaiano.edu.br<br>Tel.: 77 99969-7107 Ramal: 210<\/p>\n\n\n\n<p><strong>N\u00facleo de Gest\u00e3o de Tecnologia da Informa\u00e7\u00e3o<\/strong><br>Marcelo Cavalcante Berti Sanjuan\u00a0<br><strong>E-mail:<\/strong>\u00a0ngti@itapetinga.ifbaiano.edu.br<br>Tel.: 77 99969-7107 Ramal: 214<br><\/p>\n","protected":false},"excerpt":{"rendered":"<p>Diretor Geral R\u00f4mulo Sp\u00f3sito das VirgensCurr\u00edculo LattesE-mail: diretor@itapetinga.ifbaiano.edu.brTel.: 77 99969-7107 Ramal: 201 Equipe GabineteRenatta Soares SouzaE-mail:\u00a0gabinete@itapetinga.ifbaiano.edu.brTel.: 77 99969-7107 Ramal: 202 AdministradorLazaro Alves BezerraE-mail:\u00a0\u00a0lazaro.bezerra@ifbaiano.edu.brTel.: 77 99969-7107 Ramal: 209 N\u00facleo de Gest\u00e3o de PessoasAdriana Oliveira de Souza SilvaE\u00a0-mail: nagp@itapetinga.ifbaiano.edu.brTel.: 77 99969-7107 Ramal: 210 N\u00facleo de Gest\u00e3o de Tecnologia da Informa\u00e7\u00e3oMarcelo Cavalcante Berti Sanjuan\u00a0E-mail:\u00a0ngti@itapetinga.ifbaiano.edu.brTel.: 77 99969-7107 Ramal: 214<\/p>\n","protected":false},"author":48,"featured_media":0,"parent":43883,"menu_order":0,"comment_status":"open","ping_status":"open","template":"","meta":[],"_links":{"self":[{"href":"https:\/\/www.ifbaiano.edu.br\/unidades\/itapetinga\/wp-json\/wp\/v2\/pages\/32358"}],"collection":[{"href":"https:\/\/www.ifbaiano.edu.br\/unidades\/itapetinga\/wp-json\/wp\/v2\/pages"}],"about":[{"href":"https:\/\/www.ifbaiano.edu.br\/unidades\/itapetinga\/wp-json\/wp\/v2\/types\/page"}],"author":[{"embeddable":true,"href":"https:\/\/www.ifbaiano.edu.br\/unidades\/itapetinga\/wp-json\/wp\/v2\/users\/48"}],"replies":[{"embeddable":true,"href":"https:\/\/www.ifbaiano.edu.br\/unidades\/itapetinga\/wp-json\/wp\/v2\/comments?post=32358"}],"version-history":[{"count":35,"href":"https:\/\/www.ifbaiano.edu.br\/unidades\/itapetinga\/wp-json\/wp\/v2\/pages\/32358\/revisions"}],"predecessor-version":[{"id":43897,"href":"https:\/\/www.ifbaiano.edu.br\/unidades\/itapetinga\/wp-json\/wp\/v2\/pages\/32358\/revisions\/43897"}],"up":[{"embeddable":true,"href":"https:\/\/www.ifbaiano.edu.br\/unidades\/itapetinga\/wp-json\/wp\/v2\/pages\/43883"}],"wp:attachment":[{"href":"https:\/\/www.ifbaiano.edu.br\/unidades\/itapetinga\/wp-json\/wp\/v2\/media?parent=32358"}],"curies":[{"name":"wp","href":"https:\/\/api.w.org\/{rel}","templated":true}]}}