{"id":32679,"date":"2015-08-24T14:16:27","date_gmt":"2015-08-24T17:16:27","guid":{"rendered":"http:\/\/www.ifbaiano.edu.br\/unidades\/itapetinga\/?page_id=32679"},"modified":"2025-01-28T15:01:08","modified_gmt":"2025-01-28T18:01:08","slug":"contatos","status":"publish","type":"page","link":"https:\/\/www.ifbaiano.edu.br\/unidades\/itapetinga\/campus-2\/contatos\/","title":{"rendered":"CONTATOS"},"content":{"rendered":"\n<p><strong>Biblioteca<br><\/strong>Telefone: (77) 99969-7107 Ramal: 218<br>E-mail: biblioteca@itapetinga.ifbaiano.edu.br<\/p>\n\n\n\n<hr class=\"wp-block-separator has-css-opacity\" \/>\n\n\n\n<p><strong>CAE &#8211; Coordena\u00e7\u00e3o de Assist\u00eancia Estudantil<br><\/strong>Telefone: (77) 99969-7107 Ramal: 220<br>E-mail: cae@itapetinga.ifbaiano.edu.br<\/p>\n\n\n\n<hr class=\"wp-block-separator has-css-opacity\" \/>\n\n\n\n<p><strong>CFC &#8211; Coordena\u00e7\u00e3o Financeira e Cont\u00e1bil<br><\/strong>Telefone: (77) 99969-7107 Ramal: 212<br>E-mail: financeiro@itapetinga.ifbaiano.edu.br<\/p>\n\n\n\n<hr class=\"wp-block-separator has-css-opacity\" \/>\n\n\n\n<p><strong>CSL &#8211; Coord. de Suprimentos e Log\u00edstica<br><\/strong>Telefone: (77) 99969-7107 Ramal: 207<br>E-mail: logistica@itapetinga.ifbaiano.edu.br<\/p>\n\n\n\n<hr class=\"wp-block-separator has-css-opacity\" \/>\n\n\n\n<p><strong>Coordena\u00e7\u00e3o de Pesquisa<br><\/strong>Telefone: (77) 99969-7107 Ramal: 216<\/p>\n\n\n\n<hr class=\"wp-block-separator has-css-opacity\" \/>\n\n\n\n<p><strong>Coordena\u00e7\u00e3o de Extens\u00e3o<br><\/strong>Telefone: (77) 99969-7107 Ramal: 216<\/p>\n\n\n\n<hr class=\"wp-block-separator has-css-opacity\" \/>\n\n\n\n<p><strong>CPA &#8211; Comiss\u00e3o Pr\u00f3pia de Avalia\u00e7\u00e3o<\/strong><br>E-mail: cpa.local@itapetinga.ifbaiano.edu.br<\/p>\n\n\n\n<hr class=\"wp-block-separator has-alpha-channel-opacity\" \/>\n\n\n\n<p><strong>CUEC &#8211; Coordena\u00e7\u00e3o de Unidade Educativa de Campo<br><\/strong>Telefone: (77) 99969-7107 Ramal: 215<br>E-mail: cuec@itapetinga.ifbaiano.edu.br<\/p>\n\n\n\n<hr class=\"wp-block-separator has-css-opacity\" \/>\n\n\n\n<p><strong>DAC&nbsp; &#8211; Diretoria Acad\u00eamica<\/strong><br>Telefone: (77) 99969-7107 Ramal: 205<br>E-mail:&nbsp;dde@itapetinga.ifbaiano.edu.br<\/p>\n\n\n\n<hr class=\"wp-block-separator has-css-opacity\" \/>\n\n\n\n<p><strong>DAD&nbsp; &#8211; Diretoria Administrativa<\/strong><br>Telefone: (77) 99969-7107 Ramal: 209<br>E-mail: dadm@itapetinga.ifbaiano.edu.br<\/p>\n\n\n\n<hr class=\"wp-block-separator has-css-opacity\" \/>\n\n\n\n<p><strong>DG &#8211; Dire\u00e7\u00e3o Geral<br><\/strong>Telefone: (77) 99969-7107 Ramal: 201<br>E-mail: diretor@itapetinga.ifbaiano.edu.br<\/p>\n\n\n\n<hr class=\"wp-block-separator has-alpha-channel-opacity\" \/>\n\n\n\n<p><strong>GABINETE<\/strong> <strong>DA DIRE\u00c7\u00c3O GERAL<\/strong><br>Telefone: (77) 99969-7107 Ramal: 202<br>E-mail: gabinete@itapetinga.ifbaiano.edu.br<\/p>\n\n\n\n<hr class=\"wp-block-separator has-css-opacity\" \/>\n\n\n\n<p><strong>NAGP &#8211; N\u00facleo de Apoio \u00e0 Gest\u00e3o de Pessoas<br><\/strong>Telefone: (77) 99969-7107 Ramal: 210<br>E-mail: nagp@itapetinga.ifbaiano.edu.br<\/p>\n\n\n\n<hr class=\"wp-block-separator has-text-color has-black-color has-alpha-channel-opacity has-black-background-color has-background\" \/>\n\n\n\n<p><strong>NAPNE &#8211; N\u00facleo de Atendimento \u00e0s Pessoas com Necessidades Espec\u00edficas<br><\/strong>Telefone: 77 3261-2213 Ramal: 234<br>E-mail:&nbsp;napne@itapetinga.ifbaiano.edu.br<\/p>\n\n\n\n<hr class=\"wp-block-separator has-css-opacity\" \/>\n\n\n\n<p><strong>NGTI &#8211; N\u00facleo de Gest\u00e3o de Tecnologia da Informa\u00e7\u00e3o<\/strong><br>Telefone: (77) 99969-7107 Ramal: 214<br>E-mail: ngti@itapetinga.ifbaiano.edu.br<\/p>\n\n\n\n<hr class=\"wp-block-separator has-css-opacity\" \/>\n\n\n\n<p><strong>NEOF &#8211; N\u00facleo de Execu\u00e7\u00e3o Or\u00e7ament\u00e1ria e Financeira<br><\/strong>Telefone: (77) 99969-7107 Ramal: 212<br>E-mail: financeiro@itapetinga.ifbaiano.edu.br<\/p>\n\n\n\n<hr class=\"wp-block-separator has-text-color has-black-color has-alpha-channel-opacity has-black-background-color has-background is-style-wide\" \/>\n\n\n\n<p><strong>NUAP &#8211; N\u00facleo de Apoio ao Processo de Ensino-Aprendizagem, Perman\u00eancia e \u00caxito<\/strong><br>E-mail: nuap@itapetinga.ifbaiano.edu.br<\/p>\n\n\n\n<hr class=\"wp-block-separator has-text-color has-black-color has-alpha-channel-opacity has-black-background-color has-background is-style-default\" \/>\n\n\n\n<p><strong>NULIC &#8211; N\u00facleo de Licita\u00e7\u00f5es<br><\/strong>Telefone: (77) 99969-7107 Ramal: 211<br>E-mail: financeiro@itapetinga.ifbaiano.edu.br<\/p>\n\n\n\n<hr class=\"wp-block-separator has-css-opacity\" \/>\n\n\n\n<p><strong>NUCOM &#8211; N\u00facleo de Compras<\/strong><br>Telefone: (77) 99969-7107 Ramal: 207<br>E-mail: nucom@itapetinga.ifbaiano.edu.br<\/p>\n\n\n\n<hr class=\"wp-block-separator has-css-opacity\" \/>\n\n\n\n<p><strong>NUCON &#8211; N\u00facleo de Contratos<\/strong><br>Telefone: (77) 99969-7107 Ramal: 207<br>E-mail: contratos@itapetinga.ifbaiano.edu.br<\/p>\n\n\n\n<hr class=\"wp-block-separator has-css-opacity\" \/>\n\n\n\n<p><strong>ST &#8211; Setor de Transportes<\/strong><\/p>\n\n\n\n<p>Telefone: (77) 99969-7107 Ramal: 222<br>E-mail: transporte@itapetinga.ifbaiano.edu.br<\/p>\n\n\n\n<hr class=\"wp-block-separator has-css-opacity\" \/>\n\n\n\n<p><strong>SRA- Secretaria de Registros Acad\u00eamicos<br><\/strong>Telefone: (77) 99969-7107 Ramal: 203<br>E-mail: sra@itapetinga.ifbaiano.edu.br<\/p>\n\n\n\n<hr class=\"wp-block-separator has-css-opacity\" \/>\n","protected":false},"excerpt":{"rendered":"<p>BibliotecaTelefone: (77) 99969-7107 Ramal: 218E-mail: biblioteca@itapetinga.ifbaiano.edu.br CAE &#8211; Coordena\u00e7\u00e3o de Assist\u00eancia EstudantilTelefone: (77) 99969-7107 Ramal: 220E-mail: cae@itapetinga.ifbaiano.edu.br CFC &#8211; Coordena\u00e7\u00e3o Financeira e Cont\u00e1bilTelefone: (77) 99969-7107 Ramal: 212E-mail: financeiro@itapetinga.ifbaiano.edu.br CSL &#8211; Coord. de Suprimentos e Log\u00edsticaTelefone: (77) 99969-7107 Ramal: 207E-mail: logistica@itapetinga.ifbaiano.edu.br Coordena\u00e7\u00e3o de PesquisaTelefone: (77) 99969-7107 Ramal: 216 Coordena\u00e7\u00e3o de Extens\u00e3oTelefone: (77) 99969-7107 Ramal: 216 CPA [&hellip;]<\/p>\n","protected":false},"author":48,"featured_media":0,"parent":133,"menu_order":5,"comment_status":"open","ping_status":"open","template":"","meta":[],"_links":{"self":[{"href":"https:\/\/www.ifbaiano.edu.br\/unidades\/itapetinga\/wp-json\/wp\/v2\/pages\/32679"}],"collection":[{"href":"https:\/\/www.ifbaiano.edu.br\/unidades\/itapetinga\/wp-json\/wp\/v2\/pages"}],"about":[{"href":"https:\/\/www.ifbaiano.edu.br\/unidades\/itapetinga\/wp-json\/wp\/v2\/types\/page"}],"author":[{"embeddable":true,"href":"https:\/\/www.ifbaiano.edu.br\/unidades\/itapetinga\/wp-json\/wp\/v2\/users\/48"}],"replies":[{"embeddable":true,"href":"https:\/\/www.ifbaiano.edu.br\/unidades\/itapetinga\/wp-json\/wp\/v2\/comments?post=32679"}],"version-history":[{"count":21,"href":"https:\/\/www.ifbaiano.edu.br\/unidades\/itapetinga\/wp-json\/wp\/v2\/pages\/32679\/revisions"}],"predecessor-version":[{"id":41295,"href":"https:\/\/www.ifbaiano.edu.br\/unidades\/itapetinga\/wp-json\/wp\/v2\/pages\/32679\/revisions\/41295"}],"up":[{"embeddable":true,"href":"https:\/\/www.ifbaiano.edu.br\/unidades\/itapetinga\/wp-json\/wp\/v2\/pages\/133"}],"wp:attachment":[{"href":"https:\/\/www.ifbaiano.edu.br\/unidades\/itapetinga\/wp-json\/wp\/v2\/media?parent=32679"}],"curies":[{"name":"wp","href":"https:\/\/api.w.org\/{rel}","templated":true}]}}