{"id":32701,"date":"2015-08-24T14:26:55","date_gmt":"2015-08-24T17:26:55","guid":{"rendered":"http:\/\/www.ifbaiano.edu.br\/unidades\/itapetinga\/?page_id=32701"},"modified":"2024-08-14T08:24:16","modified_gmt":"2024-08-14T11:24:16","slug":"diretoria-administrativa","status":"publish","type":"page","link":"https:\/\/www.ifbaiano.edu.br\/unidades\/itapetinga\/diretoria-administrativa\/","title":{"rendered":"Diretoria Administrativa"},"content":{"rendered":"\n<p class=\"has-black-color has-text-color has-medium-font-size\"><strong> Diretor Administrativo<\/strong><\/p>\n\n\n\n<p style=\"font-size:16px\">Nayron Brito Rocha<\/p>\n\n\n\n<p><strong>E-mail<\/strong>: dadm@itapetinga.ifbaiano.edu.br<\/p>\n\n\n\n<hr class=\"wp-block-separator has-alpha-channel-opacity\" \/>\n\n\n\n<p class=\"has-medium-font-size\"><strong>Equipe:<\/strong><\/p>\n\n\n\n<p><strong>Coordena\u00e7\u00e3o Financeira e Cont\u00e1bil<\/strong>: Fagner Ribeiro Santos<\/p>\n\n\n\n<p><strong>E-mail<\/strong>: financeiro@itapetinga.ifbaiano.edu.br<\/p>\n\n\n\n<p><strong>Coordena\u00e7\u00e3o de Log\u00edstica E Suprimentos<\/strong>: Fred Santana Borba<\/p>\n\n\n\n<p><strong>E-mail<\/strong>: logistica@itapetinga.ifbaiano.edu.br<\/p>\n\n\n\n<p><strong>N\u00facleo de Execu\u00e7\u00e3o Or\u00e7ament\u00e1ria e Financeira<\/strong>: Andressa Santana Gon\u00e7alves<\/p>\n\n\n\n<p><strong>E-mail<\/strong>: financeiro@itapetinga.ifbaiano.edu.br<\/p>\n\n\n\n<p><strong>N\u00facleo de Licita\u00e7\u00e3o<\/strong>: Ravel Rodrigues Ribeiro <\/p>\n\n\n\n<p><strong>E-mail<\/strong>: nulic@itapetinga.ifbaiano.edu.br<\/p>\n\n\n\n<p><strong>N\u00facleo de Compras<\/strong>: Sirlane Olveira<\/p>\n\n\n\n<p><strong>E-mail<\/strong>: compras@itapetinga.ifbaiano.edu.br<\/p>\n\n\n\n<p><strong>N\u00facleo de Contratos<\/strong>: Laiana Goncalves Monteiro<\/p>\n\n\n\n<p><strong>E-mail<\/strong>: contratos@itapetinga.ifbaiano.edu.br<\/p>\n\n\n\n<p><strong>Setor de Almoxarifado<\/strong>: Carlos Henrique Oliveira Nascimento<\/p>\n\n\n\n<p><strong>E-mail<\/strong>: almoxarifado@itapetinga.ifbaiano.edu.br<\/p>\n\n\n\n<p><strong>Setor de Patrim\u00f4nio<\/strong>: Ricardo Dias Cardoso<\/p>\n\n\n\n<p><strong>E-mail<\/strong>: patrimonio@itapetinga.ifbaiano.edu.br<\/p>\n\n\n\n<p><strong>Setor de Transportes<\/strong>: Samuel de Souza Mendes Miranda<\/p>\n\n\n\n<p><strong>E-mail<\/strong>: transporte@itapetinga.ifbaiano.edu.br<\/p>\n","protected":false},"excerpt":{"rendered":"<p>Diretor Administrativo Nayron Brito Rocha E-mail: dadm@itapetinga.ifbaiano.edu.br Equipe: Coordena\u00e7\u00e3o Financeira e Cont\u00e1bil: Fagner Ribeiro Santos E-mail: financeiro@itapetinga.ifbaiano.edu.br Coordena\u00e7\u00e3o de Log\u00edstica E Suprimentos: Fred Santana Borba E-mail: logistica@itapetinga.ifbaiano.edu.br N\u00facleo de Execu\u00e7\u00e3o Or\u00e7ament\u00e1ria e Financeira: Andressa Santana Gon\u00e7alves E-mail: financeiro@itapetinga.ifbaiano.edu.br N\u00facleo de Licita\u00e7\u00e3o: Ravel Rodrigues Ribeiro E-mail: nulic@itapetinga.ifbaiano.edu.br N\u00facleo de Compras: Sirlane Olveira E-mail: compras@itapetinga.ifbaiano.edu.br N\u00facleo de [&hellip;]<\/p>\n","protected":false},"author":48,"featured_media":0,"parent":0,"menu_order":0,"comment_status":"open","ping_status":"open","template":"","meta":[],"_links":{"self":[{"href":"https:\/\/www.ifbaiano.edu.br\/unidades\/itapetinga\/wp-json\/wp\/v2\/pages\/32701"}],"collection":[{"href":"https:\/\/www.ifbaiano.edu.br\/unidades\/itapetinga\/wp-json\/wp\/v2\/pages"}],"about":[{"href":"https:\/\/www.ifbaiano.edu.br\/unidades\/itapetinga\/wp-json\/wp\/v2\/types\/page"}],"author":[{"embeddable":true,"href":"https:\/\/www.ifbaiano.edu.br\/unidades\/itapetinga\/wp-json\/wp\/v2\/users\/48"}],"replies":[{"embeddable":true,"href":"https:\/\/www.ifbaiano.edu.br\/unidades\/itapetinga\/wp-json\/wp\/v2\/comments?post=32701"}],"version-history":[{"count":30,"href":"https:\/\/www.ifbaiano.edu.br\/unidades\/itapetinga\/wp-json\/wp\/v2\/pages\/32701\/revisions"}],"predecessor-version":[{"id":42675,"href":"https:\/\/www.ifbaiano.edu.br\/unidades\/itapetinga\/wp-json\/wp\/v2\/pages\/32701\/revisions\/42675"}],"wp:attachment":[{"href":"https:\/\/www.ifbaiano.edu.br\/unidades\/itapetinga\/wp-json\/wp\/v2\/media?parent=32701"}],"curies":[{"name":"wp","href":"https:\/\/api.w.org\/{rel}","templated":true}]}}