{"id":32718,"date":"2020-07-21T14:30:00","date_gmt":"2020-07-21T17:30:00","guid":{"rendered":"http:\/\/www.ifbaiano.edu.br\/unidades\/itapetinga\/?page_id=32718"},"modified":"2020-08-13T11:34:15","modified_gmt":"2020-08-13T14:34:15","slug":"neabi","status":"publish","type":"page","link":"https:\/\/www.ifbaiano.edu.br\/unidades\/itapetinga\/neabi\/","title":{"rendered":"NEABI"},"content":{"rendered":"\n<div class=\"wp-block-image\"><figure class=\"aligncenter size-large\"><img decoding=\"async\" loading=\"lazy\" width=\"300\" height=\"140\" src=\"https:\/\/www.ifbaiano.edu.br\/unidades\/itapetinga\/files\/2020\/07\/Neabi-bit-1.jpg\" alt=\"\" class=\"wp-image-36736\" \/><\/figure><\/div>\n\n\n\n<p>N\u00facleo de Estudos de Afro-Brasileiros e Ind\u00edgenas do IF Baiano Itapetinga<\/p>\n\n\n\n<p>O NEABI \u00e9 um m\u00facleo de Assessoramento de natureza propositiva, consultiva e deliberativa no tocante \u00e0s quest\u00f5es da diversidade na perspectiva dos princ\u00edpios multiculturais, tendo como escopo o fomento a estudos das quest\u00f5es etnicorraciais e o desenvolvimento de a\u00e7\u00f5es de valoriza\u00e7\u00e3o das identidades afro e ind\u00edgena.<\/p>\n\n\n\n<p> O objetivo principal do NEABI \u00e9 fomentar a discuss\u00e3o, articular e promover a\u00e7\u00f5es referentes ao respeito \u00e0 diversidade etnicorracial e \u00e0 prote\u00e7\u00e3o de direitos de pessoas e grupos \u00e9tnicos atingidos por atos discriminat\u00f3rios, a exemplo do racismo, atrav\u00e9s do assessoramento ao ensino, \u00e0 pesquisa e \u00e0 extens\u00e3o. <\/p>\n\n\n\n<div class=\"wp-block-button aligncenter\"><a class=\"wp-block-button__link has-text-color has-very-light-gray-color has-background has-vivid-green-cyan-background-color\" href=\"https:\/\/www.ifbaiano.edu.br\/unidades\/itapetinga\/files\/2020\/08\/Regimento-do-N\u00facleo-de-Estudos-Afro-Brasileiros-e-Ind\u00edgenas-do-IF-Baiano-Reformula\u00e7\u00e3o.pdf\">Regimento do NEABI &#8211; Reformula\u00e7\u00e3o<\/a><\/div>\n\n\n\n<p>Acompanhe as a\u00e7\u00f5es do NEABI Itapetinga nas redes sociais do campus e em nosso canal no YouTube.<\/p>\n\n\n\n<div class=\"wp-block-button aligncenter\"><a class=\"wp-block-button__link has-background has-vivid-green-cyan-background-color\" href=\"https:\/\/www.youtube.com\/channel\/UCyaZr0JwfF4vyw6Flw3ERmQ\">NEABI Itapetinga<\/a><\/div>\n\n\n\n<figure class=\"wp-block-embed-youtube aligncenter wp-block-embed is-type-video is-provider-youtube wp-embed-aspect-16-9 wp-has-aspect-ratio\"><div class=\"wp-block-embed__wrapper\">\n<iframe loading=\"lazy\" title=\"Inscreva-se no canal do Neabi Itapetinga - IF BAIANO\" width=\"500\" height=\"281\" src=\"https:\/\/www.youtube.com\/embed\/NQM95y_7JiI?feature=oembed\" frameborder=\"0\" allow=\"accelerometer; autoplay; encrypted-media; gyroscope; picture-in-picture\" allowfullscreen><\/iframe>\n<\/div><\/figure>\n\n\n\n<p><\/p>\n","protected":false},"excerpt":{"rendered":"<p>N\u00facleo de Estudos de Afro-Brasileiros e Ind\u00edgenas do IF Baiano Itapetinga O NEABI \u00e9 um m\u00facleo de Assessoramento de natureza propositiva, consultiva e deliberativa no tocante \u00e0s quest\u00f5es da diversidade na perspectiva dos princ\u00edpios multiculturais, tendo como escopo o fomento a estudos das quest\u00f5es etnicorraciais e o desenvolvimento de a\u00e7\u00f5es de valoriza\u00e7\u00e3o das identidades afro [&hellip;]<\/p>\n","protected":false},"author":94,"featured_media":36713,"parent":0,"menu_order":0,"comment_status":"open","ping_status":"closed","template":"","meta":[],"_links":{"self":[{"href":"https:\/\/www.ifbaiano.edu.br\/unidades\/itapetinga\/wp-json\/wp\/v2\/pages\/32718"}],"collection":[{"href":"https:\/\/www.ifbaiano.edu.br\/unidades\/itapetinga\/wp-json\/wp\/v2\/pages"}],"about":[{"href":"https:\/\/www.ifbaiano.edu.br\/unidades\/itapetinga\/wp-json\/wp\/v2\/types\/page"}],"author":[{"embeddable":true,"href":"https:\/\/www.ifbaiano.edu.br\/unidades\/itapetinga\/wp-json\/wp\/v2\/users\/94"}],"replies":[{"embeddable":true,"href":"https:\/\/www.ifbaiano.edu.br\/unidades\/itapetinga\/wp-json\/wp\/v2\/comments?post=32718"}],"version-history":[{"count":17,"href":"https:\/\/www.ifbaiano.edu.br\/unidades\/itapetinga\/wp-json\/wp\/v2\/pages\/32718\/revisions"}],"predecessor-version":[{"id":36789,"href":"https:\/\/www.ifbaiano.edu.br\/unidades\/itapetinga\/wp-json\/wp\/v2\/pages\/32718\/revisions\/36789"}],"wp:featuredmedia":[{"embeddable":true,"href":"https:\/\/www.ifbaiano.edu.br\/unidades\/itapetinga\/wp-json\/wp\/v2\/media\/36713"}],"wp:attachment":[{"href":"https:\/\/www.ifbaiano.edu.br\/unidades\/itapetinga\/wp-json\/wp\/v2\/media?parent=32718"}],"curies":[{"name":"wp","href":"https:\/\/api.w.org\/{rel}","templated":true}]}}