{"id":32733,"date":"2015-08-24T15:36:56","date_gmt":"2015-08-24T18:36:56","guid":{"rendered":"http:\/\/www.ifbaiano.edu.br\/unidades\/itapetinga\/?page_id=32733"},"modified":"2025-01-27T17:56:28","modified_gmt":"2025-01-27T20:56:28","slug":"cen","status":"publish","type":"page","link":"https:\/\/www.ifbaiano.edu.br\/unidades\/itapetinga\/dac\/cen\/","title":{"rendered":"Coordena\u00e7\u00e3o de Ensino"},"content":{"rendered":"\n<p class=\"has-text-align-center\"><strong>A interface entre o ensino, a pesquisa e a extens\u00e3o \u00e9 um dos fundamentos legais do Instituto Federal de Educa\u00e7\u00e3o, Ci\u00eancias e Tecnologia Baiano.<\/strong><\/p>\n\n\n\n<p>As pol\u00edticas de ensino promovem a\u00e7\u00f5es em torno de projetos de nivelamento, monitoria e tutoria acad\u00eamica, de maneira a possibilitar a perman\u00eancia e \u00eaxito do educando, viabilizando a constru\u00e7\u00e3o de uma estrutura curricular flex\u00edvel, interdisciplinar e integradora dos diferentes campos do saber humano, cient\u00edfico, cultural, tecnol\u00f3gico e social.<\/p>\n\n\n\n<p>Uma das diretrizes fundamentais \u00e9 a perman\u00eancia e o \u00eaxito do educando, de acordo com a pol\u00edtica de aproveitamento de estudos e reconhecimento de experi\u00eancias anteriores, mediante decis\u00e3o colegiada, que visa aproveitar os diferentes saberes, que ultrapassa o saber acad\u00eamico-cient\u00edfico, analisando as diretrizes e princ\u00edpios de acordo com os par\u00e2metros legais.<\/p>\n\n\n\n<p>O quadro s\u00f3cio-hist\u00f3rico que se apresenta na contemporaneidade, bem como os modelos de desenvolvimento social adotados, est\u00e3o calcados no avan\u00e7o cient\u00edfico e tecnol\u00f3gico.<\/p>\n\n\n\n<p><strong>Coordena\u00e7\u00e3o de Ensino<\/strong>:&nbsp;Vera Brito<\/p>\n","protected":false},"excerpt":{"rendered":"<p>A interface entre o ensino, a pesquisa e a extens\u00e3o \u00e9 um dos fundamentos legais do Instituto Federal de Educa\u00e7\u00e3o, Ci\u00eancias e Tecnologia Baiano. As pol\u00edticas de ensino promovem a\u00e7\u00f5es em torno de projetos de nivelamento, monitoria e tutoria acad\u00eamica, de maneira a possibilitar a perman\u00eancia e \u00eaxito do educando, viabilizando a constru\u00e7\u00e3o de uma [&hellip;]<\/p>\n","protected":false},"author":48,"featured_media":0,"parent":32750,"menu_order":0,"comment_status":"open","ping_status":"open","template":"","meta":[],"_links":{"self":[{"href":"https:\/\/www.ifbaiano.edu.br\/unidades\/itapetinga\/wp-json\/wp\/v2\/pages\/32733"}],"collection":[{"href":"https:\/\/www.ifbaiano.edu.br\/unidades\/itapetinga\/wp-json\/wp\/v2\/pages"}],"about":[{"href":"https:\/\/www.ifbaiano.edu.br\/unidades\/itapetinga\/wp-json\/wp\/v2\/types\/page"}],"author":[{"embeddable":true,"href":"https:\/\/www.ifbaiano.edu.br\/unidades\/itapetinga\/wp-json\/wp\/v2\/users\/48"}],"replies":[{"embeddable":true,"href":"https:\/\/www.ifbaiano.edu.br\/unidades\/itapetinga\/wp-json\/wp\/v2\/comments?post=32733"}],"version-history":[{"count":9,"href":"https:\/\/www.ifbaiano.edu.br\/unidades\/itapetinga\/wp-json\/wp\/v2\/pages\/32733\/revisions"}],"predecessor-version":[{"id":43921,"href":"https:\/\/www.ifbaiano.edu.br\/unidades\/itapetinga\/wp-json\/wp\/v2\/pages\/32733\/revisions\/43921"}],"up":[{"embeddable":true,"href":"https:\/\/www.ifbaiano.edu.br\/unidades\/itapetinga\/wp-json\/wp\/v2\/pages\/32750"}],"wp:attachment":[{"href":"https:\/\/www.ifbaiano.edu.br\/unidades\/itapetinga\/wp-json\/wp\/v2\/media?parent=32733"}],"curies":[{"name":"wp","href":"https:\/\/api.w.org\/{rel}","templated":true}]}}