{"id":32738,"date":"2015-08-24T15:38:24","date_gmt":"2015-08-24T18:38:24","guid":{"rendered":"http:\/\/www.ifbaiano.edu.br\/unidades\/itapetinga\/?page_id=32738"},"modified":"2025-01-27T17:58:34","modified_gmt":"2025-01-27T20:58:34","slug":"pesquisa","status":"publish","type":"page","link":"https:\/\/www.ifbaiano.edu.br\/unidades\/itapetinga\/dac\/pesquisa\/","title":{"rendered":"Coordena\u00e7\u00e3o de Pesquisa"},"content":{"rendered":"\n<p class=\"has-text-align-center\"><strong>A interface entre o ensino, a pesquisa e a extens\u00e3o \u00e9 um dos fundamentos legais do Instituto Federal de Educa\u00e7\u00e3o, Ci\u00eancias e Tecnologia Baiano.<\/strong><\/p>\n\n\n\n<p>A pol\u00edtica de Pesquisa, P\u00f3s-gradua\u00e7\u00e3o e Inova\u00e7\u00e3o do IF Baiano s\u00e3o atividades coordenadas pela Pr\u00f3-Reitoria de Pesquisa e Inova\u00e7\u00e3o (PROPES), que \u00e9 um \u00f3rg\u00e3o de assessoramento da Reitoria. A PROPES tem como atribui\u00e7\u00f5es, planejar, coordenar e acompanhar as atividades associadas ao desenvolvimento da pesquisa e inova\u00e7\u00e3o, fixando diretrizes para o planejamento e execu\u00e7\u00e3o dessas atividades.<\/p>\n\n\n\n<p>A PROPES preconiza, ainda, a articula\u00e7\u00e3o da pesquisa com o ensino e a extens\u00e3o de forma verticalizada entre os diversos n\u00edveis e modalidades de ensino e \u00e1reas t\u00e9cnicas\/tecnol\u00f3gicas, promovendo oportunidades para uma educa\u00e7\u00e3o continuada.<\/p>\n\n\n\n<p>As concep\u00e7\u00f5es da pol\u00edtica de pesquisa e inova\u00e7\u00e3o do IF Baiano est\u00e3o alicer\u00e7adas com base no artigo 6\u00b0 da Lei n\u00b0 11.892, de 29 de dezembro de 2008.<\/p>\n\n\n\n<p class=\"has-medium-font-size\"><strong>PROJETOS EM EXECU\u00c7\u00c3O &#8211; 2023-2024<\/strong><\/p>\n\n\n\n<p>&#8211; Sensores baseados em materiais graf\u00eanicos para an\u00e1lise de componentes qu\u00edmicos de caf\u00e9s: Estudo te\u00f3rico e experimental.<\/p>\n\n\n\n<p>&#8211; Avalia\u00e7\u00e3o do conhecimento sobre Papiloma V\u00edrus Humano (HPV) dos estudantes em uma institui\u00e7\u00e3o da Rede Federal de Educa\u00e7\u00e3o na Cidade de Itapetinga &#8211; Bahia.<\/p>\n\n\n\n<p>&#8211; Projeto de Inicia\u00e7\u00e3o Cient\u00edfica em Nanotecnologia para Estudantes do Ensino M\u00e9dio com foco na simula\u00e7\u00e3o&nbsp;computacional de estruturas at\u00f4micas de grafeno para o desenvolvimento de transistores.<\/p>\n\n\n\n<p>&#8211; Estudos em microbiologia agr\u00edcola para o desenvolvimento de tecnologia on-farm em propriedades rurais.<\/p>\n\n\n\n<p>&#8211; Recobrimento biopolim\u00e9rico antimicrobiano para prote\u00e7\u00e3o de frutas.<\/p>\n\n\n\n<p>&#8211; Avalia\u00e7\u00e3o F\u00edsico-Quimica de bebidas l\u00e1cteas e polpas de frutas comercializadas na regi\u00e3o de Itapetinga &#8211; BA.&nbsp;<\/p>\n\n\n\n<p>&#8211; Avalia\u00e7\u00e3o da qualidade da \u00e1gua de abastecimento p\u00fablico do munic\u00edpio de Itapetinga, Bahia.<\/p>\n\n\n\n<p><strong>Coordena\u00e7\u00e3o de Pesquisa<\/strong>: Leandro Pereira Lima<\/p>\n","protected":false},"excerpt":{"rendered":"<p>A interface entre o ensino, a pesquisa e a extens\u00e3o \u00e9 um dos fundamentos legais do Instituto Federal de Educa\u00e7\u00e3o, Ci\u00eancias e Tecnologia Baiano. A pol\u00edtica de Pesquisa, P\u00f3s-gradua\u00e7\u00e3o e Inova\u00e7\u00e3o do IF Baiano s\u00e3o atividades coordenadas pela Pr\u00f3-Reitoria de Pesquisa e Inova\u00e7\u00e3o (PROPES), que \u00e9 um \u00f3rg\u00e3o de assessoramento da Reitoria. A PROPES tem [&hellip;]<\/p>\n","protected":false},"author":48,"featured_media":0,"parent":32750,"menu_order":0,"comment_status":"open","ping_status":"open","template":"","meta":[],"_links":{"self":[{"href":"https:\/\/www.ifbaiano.edu.br\/unidades\/itapetinga\/wp-json\/wp\/v2\/pages\/32738"}],"collection":[{"href":"https:\/\/www.ifbaiano.edu.br\/unidades\/itapetinga\/wp-json\/wp\/v2\/pages"}],"about":[{"href":"https:\/\/www.ifbaiano.edu.br\/unidades\/itapetinga\/wp-json\/wp\/v2\/types\/page"}],"author":[{"embeddable":true,"href":"https:\/\/www.ifbaiano.edu.br\/unidades\/itapetinga\/wp-json\/wp\/v2\/users\/48"}],"replies":[{"embeddable":true,"href":"https:\/\/www.ifbaiano.edu.br\/unidades\/itapetinga\/wp-json\/wp\/v2\/comments?post=32738"}],"version-history":[{"count":12,"href":"https:\/\/www.ifbaiano.edu.br\/unidades\/itapetinga\/wp-json\/wp\/v2\/pages\/32738\/revisions"}],"predecessor-version":[{"id":42674,"href":"https:\/\/www.ifbaiano.edu.br\/unidades\/itapetinga\/wp-json\/wp\/v2\/pages\/32738\/revisions\/42674"}],"up":[{"embeddable":true,"href":"https:\/\/www.ifbaiano.edu.br\/unidades\/itapetinga\/wp-json\/wp\/v2\/pages\/32750"}],"wp:attachment":[{"href":"https:\/\/www.ifbaiano.edu.br\/unidades\/itapetinga\/wp-json\/wp\/v2\/media?parent=32738"}],"curies":[{"name":"wp","href":"https:\/\/api.w.org\/{rel}","templated":true}]}}