{"id":32743,"date":"2015-08-24T15:39:47","date_gmt":"2015-08-24T18:39:47","guid":{"rendered":"http:\/\/www.ifbaiano.edu.br\/unidades\/itapetinga\/?page_id=32743"},"modified":"2025-01-27T17:57:02","modified_gmt":"2025-01-27T20:57:02","slug":"extensao","status":"publish","type":"page","link":"https:\/\/www.ifbaiano.edu.br\/unidades\/itapetinga\/dac\/extensao\/","title":{"rendered":"Coordena\u00e7\u00e3o de Extens\u00e3o"},"content":{"rendered":"\n<p class=\"has-text-align-center\"><strong>A interface entre o ensino, a pesquisa e a extens\u00e3o \u00e9 um dos fundamentos legais do Instituto Federal de Educa\u00e7\u00e3o, Ci\u00eancias e Tecnologia Baiano.<\/strong><\/p>\n\n\n\n<p>No contexto legal, a Extens\u00e3o \u00e9 entendida como um processo formativo da Rede Federal de Educa\u00e7\u00e3o Profissional, Cient\u00edfica e Tecnol\u00f3gica \u2013 EPCT e, para tanto, requer a\u00e7\u00f5es integradoras do curr\u00edculo que construam o princ\u00edpio constitucional da indissociabilidade entre Ensino, Pesquisa e Extens\u00e3o.<\/p>\n\n\n\n<p>A Extens\u00e3o Profissional, Cient\u00edfica e Tecnol\u00f3gica \u00e9 definida como processo educativo, cultural, social, cient\u00edfico e tecnol\u00f3gico, que promove a intera\u00e7\u00e3o entre as institui\u00e7\u00f5es, os segmentos sociais e o mundo do trabalho, com \u00eanfase na produ\u00e7\u00e3o, desenvolvimento e difus\u00e3o de conhecimentos cient\u00edficos e tecnol\u00f3gicos visando ao desenvolvimento socioecon\u00f4mico sustent\u00e1vel local e regional.<\/p>\n\n\n\n<p>As a\u00e7\u00f5es desenvolvidas na Extens\u00e3o, por meio de atividades, programas e projetos, dever\u00e3o ser resultado de estudo que considere o contexto s\u00f3cio-pol\u00edtico-econ\u00f4mico-cultural das comunidades e que atenda aos seguintes princ\u00edpios: democracia, equidade, respeito \u00e0 autonomia das comunidades, afirma\u00e7\u00e3o de identidade, conserva\u00e7\u00e3o do ambiente e sustentabilidade com foco territorial, dando prefer\u00eancia \u00e0s a\u00e7\u00f5es no \u00e2mbito da agricultura familiar e camponesa, soberania alimentar e a indissociabilidade entre ensino-pesquisa-extens\u00e3o.<\/p>\n\n\n\n<p><strong>Coordena\u00e7\u00e3o de Extens\u00e3o<\/strong>: Erika Ferreira de Abreu Mac Conell<\/p>\n","protected":false},"excerpt":{"rendered":"<p>A interface entre o ensino, a pesquisa e a extens\u00e3o \u00e9 um dos fundamentos legais do Instituto Federal de Educa\u00e7\u00e3o, Ci\u00eancias e Tecnologia Baiano. No contexto legal, a Extens\u00e3o \u00e9 entendida como um processo formativo da Rede Federal de Educa\u00e7\u00e3o Profissional, Cient\u00edfica e Tecnol\u00f3gica \u2013 EPCT e, para tanto, requer a\u00e7\u00f5es integradoras do curr\u00edculo que [&hellip;]<\/p>\n","protected":false},"author":48,"featured_media":0,"parent":32750,"menu_order":0,"comment_status":"open","ping_status":"open","template":"","meta":[],"_links":{"self":[{"href":"https:\/\/www.ifbaiano.edu.br\/unidades\/itapetinga\/wp-json\/wp\/v2\/pages\/32743"}],"collection":[{"href":"https:\/\/www.ifbaiano.edu.br\/unidades\/itapetinga\/wp-json\/wp\/v2\/pages"}],"about":[{"href":"https:\/\/www.ifbaiano.edu.br\/unidades\/itapetinga\/wp-json\/wp\/v2\/types\/page"}],"author":[{"embeddable":true,"href":"https:\/\/www.ifbaiano.edu.br\/unidades\/itapetinga\/wp-json\/wp\/v2\/users\/48"}],"replies":[{"embeddable":true,"href":"https:\/\/www.ifbaiano.edu.br\/unidades\/itapetinga\/wp-json\/wp\/v2\/comments?post=32743"}],"version-history":[{"count":9,"href":"https:\/\/www.ifbaiano.edu.br\/unidades\/itapetinga\/wp-json\/wp\/v2\/pages\/32743\/revisions"}],"predecessor-version":[{"id":42672,"href":"https:\/\/www.ifbaiano.edu.br\/unidades\/itapetinga\/wp-json\/wp\/v2\/pages\/32743\/revisions\/42672"}],"up":[{"embeddable":true,"href":"https:\/\/www.ifbaiano.edu.br\/unidades\/itapetinga\/wp-json\/wp\/v2\/pages\/32750"}],"wp:attachment":[{"href":"https:\/\/www.ifbaiano.edu.br\/unidades\/itapetinga\/wp-json\/wp\/v2\/media?parent=32743"}],"curies":[{"name":"wp","href":"https:\/\/api.w.org\/{rel}","templated":true}]}}