{"id":32750,"date":"2015-08-24T15:48:21","date_gmt":"2015-08-24T18:48:21","guid":{"rendered":"http:\/\/www.ifbaiano.edu.br\/unidades\/itapetinga\/?page_id=32750"},"modified":"2025-01-27T17:51:52","modified_gmt":"2025-01-27T20:51:52","slug":"dac","status":"publish","type":"page","link":"https:\/\/www.ifbaiano.edu.br\/unidades\/itapetinga\/dac\/","title":{"rendered":"Dire\u00e7\u00e3o Acad\u00eamica"},"content":{"rendered":"\n<p class=\"has-black-color has-text-color has-medium-font-size\"><strong>Diretor Acad\u00eamico:<\/strong><\/p>\n\n\n\n<p class=\"has-normal-font-size\">Lucas Ferreira Borges<\/p>\n\n\n\n<p><strong>E-mail:<\/strong> dac@itapetinga.ifbaiano.edu.br <\/p>\n\n\n\n<hr class=\"wp-block-separator has-css-opacity is-style-default\" \/>\n\n\n\n<p class=\"has-black-color has-text-color has-medium-font-size\"><strong>Equipe:<\/strong><\/p>\n\n\n\n<p><strong>Coordena\u00e7\u00e3o de Ensino<\/strong>: Vera L\u00facia Brito<\/p>\n\n\n\n<p> <strong>E-mail:<\/strong> cen@itapetinga.ifbaiano.edu.br<\/p>\n\n\n\n<p><strong>Coordena\u00e7\u00e3o de Extens\u00e3o:<\/strong> \u00c9rika Ferreira de Abreu Mac Conell<\/p>\n\n\n\n<p> <strong>E-mail:<\/strong> extensao@itapetinga.ifbaiano.edu.br <\/p>\n\n\n\n<p><strong>Coordena\u00e7\u00e3o de Pesquisa<\/strong>: Leandro Lima<\/p>\n\n\n\n<p> <strong>E-mail:<\/strong> pesquisa@itapetinga.ifbaiano.edu.br <\/p>\n\n\n\n<p><strong>Secretaria de Registros Acad\u00eamico &#8211; SRA<\/strong>:  Di Paula Prado <\/p>\n\n\n\n<p> <strong>E-mail:<\/strong> sra@itapetinga.ifbaiano.edu.br <\/p>\n\n\n\n<p><strong>Coordena\u00e7\u00e3o de Assuntos Estudantis<\/strong> <strong>&#8211;<\/strong> <strong>CAE<\/strong>: Gedeval Paiva<\/p>\n\n\n\n<p> <strong>E-mail:<\/strong> cae@itapetinga.ifbaiano.edu.br  <\/p>\n\n\n\n<p><strong>Coordena\u00e7\u00e3o de Unidades Educativas de Campo &#8211; CUEC<\/strong>: Taline Novaes Gama dos Santos<\/p>\n\n\n\n<p> <strong>E-mail:<\/strong> cuec@itapetinga.ifbaiano.edu.br <\/p>\n\n\n\n<p><strong>Setor de Biblioteca<\/strong><\/p>\n\n\n\n<p><strong>E-mail:<\/strong> biblioteca@itapetinga.ifbaiano.edu.br <\/p>\n\n\n\n<p><strong>N\u00facleo de Laborat\u00f3rios<\/strong><\/p>\n\n\n\n<p><strong>E-mail:<\/strong> nlab@itapetinga.ifbaiano.edu.br <\/p>\n","protected":false},"excerpt":{"rendered":"<p>Diretor Acad\u00eamico: Lucas Ferreira Borges E-mail: dac@itapetinga.ifbaiano.edu.br Equipe: Coordena\u00e7\u00e3o de Ensino: Vera L\u00facia Brito E-mail: cen@itapetinga.ifbaiano.edu.br Coordena\u00e7\u00e3o de Extens\u00e3o: \u00c9rika Ferreira de Abreu Mac Conell E-mail: extensao@itapetinga.ifbaiano.edu.br Coordena\u00e7\u00e3o de Pesquisa: Leandro Lima E-mail: pesquisa@itapetinga.ifbaiano.edu.br Secretaria de Registros Acad\u00eamico &#8211; SRA: Di Paula Prado E-mail: sra@itapetinga.ifbaiano.edu.br Coordena\u00e7\u00e3o de Assuntos Estudantis &#8211; CAE: Gedeval Paiva E-mail: cae@itapetinga.ifbaiano.edu.br [&hellip;]<\/p>\n","protected":false},"author":48,"featured_media":0,"parent":0,"menu_order":0,"comment_status":"open","ping_status":"open","template":"","meta":[],"_links":{"self":[{"href":"https:\/\/www.ifbaiano.edu.br\/unidades\/itapetinga\/wp-json\/wp\/v2\/pages\/32750"}],"collection":[{"href":"https:\/\/www.ifbaiano.edu.br\/unidades\/itapetinga\/wp-json\/wp\/v2\/pages"}],"about":[{"href":"https:\/\/www.ifbaiano.edu.br\/unidades\/itapetinga\/wp-json\/wp\/v2\/types\/page"}],"author":[{"embeddable":true,"href":"https:\/\/www.ifbaiano.edu.br\/unidades\/itapetinga\/wp-json\/wp\/v2\/users\/48"}],"replies":[{"embeddable":true,"href":"https:\/\/www.ifbaiano.edu.br\/unidades\/itapetinga\/wp-json\/wp\/v2\/comments?post=32750"}],"version-history":[{"count":40,"href":"https:\/\/www.ifbaiano.edu.br\/unidades\/itapetinga\/wp-json\/wp\/v2\/pages\/32750\/revisions"}],"predecessor-version":[{"id":43913,"href":"https:\/\/www.ifbaiano.edu.br\/unidades\/itapetinga\/wp-json\/wp\/v2\/pages\/32750\/revisions\/43913"}],"wp:attachment":[{"href":"https:\/\/www.ifbaiano.edu.br\/unidades\/itapetinga\/wp-json\/wp\/v2\/media?parent=32750"}],"curies":[{"name":"wp","href":"https:\/\/api.w.org\/{rel}","templated":true}]}}