{"id":32771,"date":"2015-08-24T16:11:08","date_gmt":"2015-08-24T19:11:08","guid":{"rendered":"http:\/\/www.ifbaiano.edu.br\/unidades\/itapetinga\/?page_id=32771"},"modified":"2023-02-14T09:54:59","modified_gmt":"2023-02-14T12:54:59","slug":"requerimentos","status":"publish","type":"page","link":"https:\/\/www.ifbaiano.edu.br\/unidades\/itapetinga\/requerimentos\/","title":{"rendered":"Requerimentos"},"content":{"rendered":"\n<p>Requerimentos \u00e0 Secretaria de Registros Acad\u00eamicos do IF Baiano Campus Itapetinga<\/p>\n\n\n\n<ul><li><strong><a href=\"http:\/\/www.ifbaiano.edu.br\/unidades\/itapetinga\/files\/2018\/06\/Rela\u00e7\u00e3o-de-Documentos-para-Matr\u00edcula-de-Novos-Alunos-1.pdf\" data-type=\"URL\" data-id=\"http:\/\/www.ifbaiano.edu.br\/unidades\/itapetinga\/files\/2018\/06\/Rela\u00e7\u00e3o-de-Documentos-para-Matr\u00edcula-de-Novos-Alunos-1.pdf\">Formul\u00e1rio de Requerimento<\/a><\/strong><\/li><\/ul>\n\n\n\n<p class=\"has-text-align-center\"><strong>PRAZOS PARA EMISS\u00c3O E SOLICITA\u00c7\u00c3O DE DOCUMENTOS NA SRA<\/strong><\/p>\n\n\n\n<div class=\"wp-block-image\"><figure class=\"aligncenter size-large\"><img decoding=\"async\" loading=\"lazy\" width=\"584\" height=\"472\" src=\"https:\/\/www.ifbaiano.edu.br\/unidades\/itapetinga\/files\/2020\/10\/SRA-pz-docs.png\" alt=\"\" class=\"wp-image-37026\" \/><\/figure><\/div>\n","protected":false},"excerpt":{"rendered":"<p>Requerimentos \u00e0 Secretaria de Registros Acad\u00eamicos do IF Baiano Campus Itapetinga Formul\u00e1rio de Requerimento PRAZOS PARA EMISS\u00c3O E SOLICITA\u00c7\u00c3O DE DOCUMENTOS NA SRA<\/p>\n","protected":false},"author":48,"featured_media":0,"parent":0,"menu_order":0,"comment_status":"open","ping_status":"open","template":"","meta":[],"_links":{"self":[{"href":"https:\/\/www.ifbaiano.edu.br\/unidades\/itapetinga\/wp-json\/wp\/v2\/pages\/32771"}],"collection":[{"href":"https:\/\/www.ifbaiano.edu.br\/unidades\/itapetinga\/wp-json\/wp\/v2\/pages"}],"about":[{"href":"https:\/\/www.ifbaiano.edu.br\/unidades\/itapetinga\/wp-json\/wp\/v2\/types\/page"}],"author":[{"embeddable":true,"href":"https:\/\/www.ifbaiano.edu.br\/unidades\/itapetinga\/wp-json\/wp\/v2\/users\/48"}],"replies":[{"embeddable":true,"href":"https:\/\/www.ifbaiano.edu.br\/unidades\/itapetinga\/wp-json\/wp\/v2\/comments?post=32771"}],"version-history":[{"count":6,"href":"https:\/\/www.ifbaiano.edu.br\/unidades\/itapetinga\/wp-json\/wp\/v2\/pages\/32771\/revisions"}],"predecessor-version":[{"id":40441,"href":"https:\/\/www.ifbaiano.edu.br\/unidades\/itapetinga\/wp-json\/wp\/v2\/pages\/32771\/revisions\/40441"}],"wp:attachment":[{"href":"https:\/\/www.ifbaiano.edu.br\/unidades\/itapetinga\/wp-json\/wp\/v2\/media?parent=32771"}],"curies":[{"name":"wp","href":"https:\/\/api.w.org\/{rel}","templated":true}]}}