{"id":33590,"date":"2016-10-05T15:45:19","date_gmt":"2016-10-05T18:45:19","guid":{"rendered":"http:\/\/www.ifbaiano.edu.br\/unidades\/itapetinga\/?page_id=33590"},"modified":"2025-01-24T15:20:01","modified_gmt":"2025-01-24T18:20:01","slug":"processos-internos","status":"publish","type":"page","link":"https:\/\/www.ifbaiano.edu.br\/unidades\/itapetinga\/processos-internos\/","title":{"rendered":"Processos Internos"},"content":{"rendered":"\n<p class=\"has-large-font-size\"><strong>Gest\u00e3o de Processos &#8211; Campus Itapetinga<\/strong><\/p>\n\n\n\n<p class=\"has-medium-font-size\"><strong>Fluxos de Processos<\/strong><\/p>\n\n\n\n<figure class=\"wp-block-image\"><img decoding=\"async\" loading=\"lazy\" width=\"741\" height=\"568\" src=\"http:\/\/www.ifbaiano.edu.br\/unidades\/itapetinga\/files\/2016\/10\/Legenda-ass.png\" alt=\"\" class=\"wp-image-35189\" \/><figcaption class=\"wp-element-caption\">Legenda<\/figcaption><\/figure>\n\n\n\n<figure class=\"wp-block-image\"><img decoding=\"async\" loading=\"lazy\" width=\"740\" height=\"610\" src=\"http:\/\/www.ifbaiano.edu.br\/unidades\/itapetinga\/files\/2016\/10\/MACROPROCESSO-MISS\u00c3O-PDI-ass.png\" alt=\"\" class=\"wp-image-35195\" \/><figcaption class=\"wp-element-caption\">Miss\u00e3o<\/figcaption><\/figure>\n\n\n\n<figure class=\"wp-block-image\"><img decoding=\"async\" loading=\"lazy\" width=\"740\" height=\"566\" src=\"http:\/\/www.ifbaiano.edu.br\/unidades\/itapetinga\/files\/2016\/10\/Fluxo-BSC-ass.png\" alt=\"\" class=\"wp-image-35201\" \/><figcaption class=\"wp-element-caption\">Planejamento Estrat\u00e9gico<\/figcaption><\/figure>\n\n\n\n<figure class=\"wp-block-image\"><img decoding=\"async\" loading=\"lazy\" width=\"861\" height=\"725\" src=\"http:\/\/www.ifbaiano.edu.br\/unidades\/itapetinga\/files\/2019\/07\/Comunica\u00e7\u00e3o-Institucional-.png\" alt=\"\" class=\"wp-image-36041\" \/><figcaption class=\"wp-element-caption\">Comunica\u00e7\u00e3o Institucional<\/figcaption><\/figure>\n\n\n\n<figure class=\"wp-block-image\"><img decoding=\"async\" loading=\"lazy\" width=\"741\" height=\"569\" src=\"http:\/\/www.ifbaiano.edu.br\/unidades\/itapetinga\/files\/2016\/10\/SRA-macroprocesso-ass.png\" alt=\"\" class=\"wp-image-35194\" \/><figcaption class=\"wp-element-caption\">Macroprocesso SRA<\/figcaption><\/figure>\n\n\n\n<figure class=\"wp-block-image\"><img decoding=\"async\" loading=\"lazy\" width=\"741\" height=\"565\" src=\"http:\/\/www.ifbaiano.edu.br\/unidades\/itapetinga\/files\/2016\/10\/SRA-processo-geral-ass.png\" alt=\"\" class=\"wp-image-35196\" \/><figcaption class=\"wp-element-caption\">Processo Geral &#8211; SRA<\/figcaption><\/figure>\n\n\n\n<figure class=\"wp-block-image\"><img decoding=\"async\" loading=\"lazy\" width=\"740\" height=\"564\" src=\"http:\/\/www.ifbaiano.edu.br\/unidades\/itapetinga\/files\/2016\/10\/SRA-subprocesso-procedimento-de-matr\u00edcula-ass.png\" alt=\"\" class=\"wp-image-35198\" \/><figcaption class=\"wp-element-caption\">Subprocesso &#8211; Matr\u00edcula &#8211; SRA<\/figcaption><\/figure>\n\n\n\n<figure class=\"wp-block-image\"><img decoding=\"async\" loading=\"lazy\" width=\"583\" height=\"962\" src=\"http:\/\/www.ifbaiano.edu.br\/unidades\/itapetinga\/files\/2016\/10\/SRA-matr\u00edcula-ass.png\" alt=\"\" class=\"wp-image-35197\" \/><figcaption class=\"wp-element-caption\">Matr\u00edcula<\/figcaption><\/figure>\n\n\n\n<figure class=\"wp-block-gallery has-nested-images columns-default is-cropped wp-block-gallery-1 is-layout-flex\">\n<figure class=\"wp-block-image size-large\"><img decoding=\"async\" loading=\"lazy\" width=\"1153\" height=\"1138\" data-id=\"36419\"  src=\"https:\/\/www.ifbaiano.edu.br\/unidades\/itapetinga\/files\/2020\/03\/FLUXO-GERAL-DE-EST\u00c1GIO-atualizado-2020-ass-3.png\" alt=\"\" class=\"wp-image-36419\" \/><\/figure>\n<figcaption class=\"blocks-gallery-caption wp-element-caption\">Est\u00e1gio<\/figcaption><\/figure>\n\n\n\n<figure class=\"wp-block-image\"><img decoding=\"async\" loading=\"lazy\" width=\"741\" height=\"562\" src=\"http:\/\/www.ifbaiano.edu.br\/unidades\/itapetinga\/files\/2019\/12\/Certifica\u00e7\u00e3o-T\u00e9cnica-Integraliza\u00e7\u00e3o-de-curso-ass.png\" alt=\"\" class=\"wp-image-36243\" \/><figcaption class=\"wp-element-caption\">Integraliza\u00e7\u00e3o de Curso<\/figcaption><\/figure>\n\n\n\n<figure class=\"wp-block-image\"><img decoding=\"async\" loading=\"lazy\" width=\"1004\" height=\"569\" src=\"http:\/\/www.ifbaiano.edu.br\/unidades\/itapetinga\/files\/2019\/12\/Certifica\u00e7\u00e3o-T\u00e9cnica-F1-ass.png\" alt=\"\" class=\"wp-image-36241\" \/><figcaption class=\"wp-element-caption\">Certifica\u00e7\u00e3o T\u00e9cnica Geral<\/figcaption><\/figure>\n\n\n\n<figure class=\"wp-block-image\"><img decoding=\"async\" loading=\"lazy\" width=\"740\" height=\"557\" src=\"http:\/\/www.ifbaiano.edu.br\/unidades\/itapetinga\/files\/2019\/12\/Certifica\u00e7\u00e3o-T\u00e9cnica-Cerimonia-ass.png\" alt=\"\" class=\"wp-image-36242\" \/><figcaption class=\"wp-element-caption\">Certifica\u00e7\u00e3o T\u00e9cnica &#8211; Cerim\u00f4nia<\/figcaption><\/figure>\n\n\n\n<figure class=\"wp-block-image\"><img decoding=\"async\" loading=\"lazy\" width=\"865\" height=\"900\" src=\"http:\/\/www.ifbaiano.edu.br\/unidades\/itapetinga\/files\/2019\/12\/MACROPROCESSO-CEN-atualizado-23jan19.png\" alt=\"\" class=\"wp-image-36250\" \/><figcaption class=\"wp-element-caption\">CEN no IF<\/figcaption><\/figure>\n\n\n\n<figure class=\"wp-block-image\"><img decoding=\"async\" loading=\"lazy\" width=\"894\" height=\"1035\" src=\"http:\/\/www.ifbaiano.edu.br\/unidades\/itapetinga\/files\/2019\/12\/CEN-PARA-DOCENTES-ass.png\" alt=\"\" class=\"wp-image-36251\" \/><figcaption class=\"wp-element-caption\">CEN e Docentes<\/figcaption><\/figure>\n\n\n\n<figure class=\"wp-block-image\"><img decoding=\"async\" loading=\"lazy\" width=\"921\" height=\"1214\" src=\"http:\/\/www.ifbaiano.edu.br\/unidades\/itapetinga\/files\/2019\/12\/CEN-PARA-DICENTES-ass.png\" alt=\"\" class=\"wp-image-36252\" \/><figcaption class=\"wp-element-caption\">CEN e Discentes<\/figcaption><\/figure>\n\n\n\n<figure class=\"wp-block-image\"><img decoding=\"async\" loading=\"lazy\" width=\"832\" height=\"794\" src=\"http:\/\/www.ifbaiano.edu.br\/unidades\/itapetinga\/files\/2019\/12\/CEN-PARA-PAIS-ass.png\" alt=\"\" class=\"wp-image-36253\" \/><figcaption class=\"wp-element-caption\">CEN e Pais<\/figcaption><\/figure>\n\n\n\n<figure class=\"wp-block-image size-full\"><a href=\"https:\/\/www.ifbaiano.edu.br\/unidades\/itapetinga\/files\/2021\/10\/Fluxo-Geral-Simplificado-Refeitorio-1.png\"><img decoding=\"async\" loading=\"lazy\" width=\"836\" height=\"485\" src=\"https:\/\/www.ifbaiano.edu.br\/unidades\/itapetinga\/files\/2021\/10\/Fluxo-Geral-Simplificado-Refeitorio-1.png\" alt=\"\" class=\"wp-image-38344\" \/><\/a><figcaption class=\"wp-element-caption\">Fluxo Geral do Refeit\u00f3rio<\/figcaption><\/figure>\n\n\n\n<figure class=\"wp-block-image\"><img decoding=\"async\" loading=\"lazy\" width=\"941\" height=\"673\" src=\"http:\/\/www.ifbaiano.edu.br\/unidades\/itapetinga\/files\/2016\/10\/Fluxo-evento-capacita\u00e7\u00e3o-via-campus-ATUALIZADO-1.png\" alt=\"\" class=\"wp-image-35380\" \/><figcaption class=\"wp-element-caption\">participa\u00e7\u00f5es via campus<\/figcaption><\/figure>\n\n\n\n<figure class=\"wp-block-image\"><img decoding=\"async\" loading=\"lazy\" width=\"740\" height=\"568\" src=\"http:\/\/www.ifbaiano.edu.br\/unidades\/itapetinga\/files\/2019\/12\/Fluxo-evento-capacita\u00e7\u00e3o-via-reitoria-ass.png\" alt=\"\" class=\"wp-image-36245\" \/><figcaption class=\"wp-element-caption\">participa\u00e7\u00f5es via reitoria<\/figcaption><\/figure>\n\n\n\n<figure class=\"wp-block-image\"><img decoding=\"async\" loading=\"lazy\" width=\"810\" height=\"607\" src=\"http:\/\/www.ifbaiano.edu.br\/unidades\/itapetinga\/files\/2016\/10\/F-Atv-externas-alterado-4-ass.png\" alt=\"\" class=\"wp-image-35191\" \/><figcaption class=\"wp-element-caption\">participa\u00e7\u00f5es com discentes<\/figcaption><\/figure>\n\n\n\n<figure class=\"wp-block-image\"><img decoding=\"async\" loading=\"lazy\" width=\"1162\" height=\"569\" src=\"http:\/\/www.ifbaiano.edu.br\/unidades\/itapetinga\/files\/2016\/10\/Fluxo-1-ass.png\" alt=\"\" class=\"wp-image-35190\" \/><figcaption class=\"wp-element-caption\">Compras &#8211; fluxo geral<\/figcaption><\/figure>\n\n\n\n<figure class=\"wp-block-image\"><img decoding=\"async\" loading=\"lazy\" width=\"741\" height=\"568\" src=\"http:\/\/www.ifbaiano.edu.br\/unidades\/itapetinga\/files\/2016\/10\/Fluxos-Almoxarifado-1-ass.png\" alt=\"\" class=\"wp-image-35204\" \/><figcaption class=\"wp-element-caption\">Almoxarifado &#8211; Estoques<\/figcaption><\/figure>\n\n\n\n<figure class=\"wp-block-image\"><img decoding=\"async\" loading=\"lazy\" width=\"740\" height=\"567\" src=\"http:\/\/www.ifbaiano.edu.br\/unidades\/itapetinga\/files\/2016\/10\/Fluxos-Almoxarifado-2-ass.png\" alt=\"\" class=\"wp-image-35205\" \/><figcaption class=\"wp-element-caption\">Almoxarifado &#8211; Recebimento<\/figcaption><\/figure>\n\n\n\n<figure class=\"wp-block-image\"><img decoding=\"async\" loading=\"lazy\" width=\"740\" height=\"566\" src=\"http:\/\/www.ifbaiano.edu.br\/unidades\/itapetinga\/files\/2016\/10\/Fluxo-de-Patrim\u00f4nio-1-ass.png\" alt=\"\" class=\"wp-image-35203\" \/><figcaption class=\"wp-element-caption\">Patrim\u00f4nio<\/figcaption><\/figure>\n\n\n\n<figure class=\"wp-block-image\"><img decoding=\"async\" loading=\"lazy\" width=\"740\" height=\"566\" src=\"http:\/\/www.ifbaiano.edu.br\/unidades\/itapetinga\/files\/2016\/10\/Fluxo-de-Patrim\u00f4nio-ass.png\" alt=\"\" class=\"wp-image-35199\" \/><figcaption class=\"wp-element-caption\">Patrim\u00f4nio &#8211; Recebimento<\/figcaption><\/figure>\n","protected":false},"excerpt":{"rendered":"<p>Gest\u00e3o de Processos &#8211; Campus Itapetinga Fluxos de Processos<\/p>\n","protected":false},"author":48,"featured_media":0,"parent":0,"menu_order":1,"comment_status":"open","ping_status":"open","template":"","meta":[],"_links":{"self":[{"href":"https:\/\/www.ifbaiano.edu.br\/unidades\/itapetinga\/wp-json\/wp\/v2\/pages\/33590"}],"collection":[{"href":"https:\/\/www.ifbaiano.edu.br\/unidades\/itapetinga\/wp-json\/wp\/v2\/pages"}],"about":[{"href":"https:\/\/www.ifbaiano.edu.br\/unidades\/itapetinga\/wp-json\/wp\/v2\/types\/page"}],"author":[{"embeddable":true,"href":"https:\/\/www.ifbaiano.edu.br\/unidades\/itapetinga\/wp-json\/wp\/v2\/users\/48"}],"replies":[{"embeddable":true,"href":"https:\/\/www.ifbaiano.edu.br\/unidades\/itapetinga\/wp-json\/wp\/v2\/comments?post=33590"}],"version-history":[{"count":37,"href":"https:\/\/www.ifbaiano.edu.br\/unidades\/itapetinga\/wp-json\/wp\/v2\/pages\/33590\/revisions"}],"predecessor-version":[{"id":43892,"href":"https:\/\/www.ifbaiano.edu.br\/unidades\/itapetinga\/wp-json\/wp\/v2\/pages\/33590\/revisions\/43892"}],"wp:attachment":[{"href":"https:\/\/www.ifbaiano.edu.br\/unidades\/itapetinga\/wp-json\/wp\/v2\/media?parent=33590"}],"curies":[{"name":"wp","href":"https:\/\/api.w.org\/{rel}","templated":true}]}}