{"id":33594,"date":"2016-10-05T15:57:41","date_gmt":"2016-10-05T18:57:41","guid":{"rendered":"http:\/\/www.ifbaiano.edu.br\/unidades\/itapetinga\/?page_id=33594"},"modified":"2025-01-24T15:15:11","modified_gmt":"2025-01-24T18:15:11","slug":"diretoria-atual-gestao","status":"publish","type":"page","link":"https:\/\/www.ifbaiano.edu.br\/unidades\/itapetinga\/dg\/diretoria-atual-gestao\/","title":{"rendered":"Dire\u00e7\u00e3o &#8211; Gest\u00e3o 2022-2026"},"content":{"rendered":"\n<p><strong>Diretor(a) Geral<\/strong>:<strong> R\u00f4mulo Sp\u00f3sito das Virgens.<\/strong><\/p>\n\n\n\n<p><strong>Diretor(a) Acad\u00eamico(a): Lucas Ferreira Borges.<\/strong><\/p>\n\n\n\n<p><strong>Diretor Administrativo: Nayron Brito Rocha.<\/strong><\/p>\n","protected":false},"excerpt":{"rendered":"<p>Diretor(a) Geral: R\u00f4mulo Sp\u00f3sito das Virgens. Diretor(a) Acad\u00eamico(a): Lucas Ferreira Borges. Diretor Administrativo: Nayron Brito Rocha.<\/p>\n","protected":false},"author":48,"featured_media":0,"parent":43883,"menu_order":0,"comment_status":"open","ping_status":"open","template":"","meta":[],"_links":{"self":[{"href":"https:\/\/www.ifbaiano.edu.br\/unidades\/itapetinga\/wp-json\/wp\/v2\/pages\/33594"}],"collection":[{"href":"https:\/\/www.ifbaiano.edu.br\/unidades\/itapetinga\/wp-json\/wp\/v2\/pages"}],"about":[{"href":"https:\/\/www.ifbaiano.edu.br\/unidades\/itapetinga\/wp-json\/wp\/v2\/types\/page"}],"author":[{"embeddable":true,"href":"https:\/\/www.ifbaiano.edu.br\/unidades\/itapetinga\/wp-json\/wp\/v2\/users\/48"}],"replies":[{"embeddable":true,"href":"https:\/\/www.ifbaiano.edu.br\/unidades\/itapetinga\/wp-json\/wp\/v2\/comments?post=33594"}],"version-history":[{"count":22,"href":"https:\/\/www.ifbaiano.edu.br\/unidades\/itapetinga\/wp-json\/wp\/v2\/pages\/33594\/revisions"}],"predecessor-version":[{"id":43888,"href":"https:\/\/www.ifbaiano.edu.br\/unidades\/itapetinga\/wp-json\/wp\/v2\/pages\/33594\/revisions\/43888"}],"up":[{"embeddable":true,"href":"https:\/\/www.ifbaiano.edu.br\/unidades\/itapetinga\/wp-json\/wp\/v2\/pages\/43883"}],"wp:attachment":[{"href":"https:\/\/www.ifbaiano.edu.br\/unidades\/itapetinga\/wp-json\/wp\/v2\/media?parent=33594"}],"curies":[{"name":"wp","href":"https:\/\/api.w.org\/{rel}","templated":true}]}}