{"id":33599,"date":"2016-10-05T15:59:57","date_gmt":"2016-10-05T18:59:57","guid":{"rendered":"http:\/\/www.ifbaiano.edu.br\/unidades\/itapetinga\/?page_id=33599"},"modified":"2024-03-21T09:01:35","modified_gmt":"2024-03-21T12:01:35","slug":"boletim-de-servico-interno","status":"publish","type":"page","link":"https:\/\/www.ifbaiano.edu.br\/unidades\/itapetinga\/portarias\/boletim-de-servico-interno\/","title":{"rendered":"BSI 2019"},"content":{"rendered":"<table style=\"border-collapse: collapse;border-spacing: 0px;width: 683px;height: 23px\">\n<colgroup>\n<col style=\"width: 708px\"><\/colgroup>\n<tbody>\n<tr>\n<th style=\"font-family: Arial, sans-serif;font-size: xx-small;font-weight: normal;padding: 2px 8px;border-style: solid;border-width: 0px;overflow: hidden;background-color: #036400\"><\/th>\n<\/tr>\n<tr>\n<td style=\"font-family: Arial, sans-serif;font-size: 18px;padding: 10px 8px;border-style: solid;border-width: 0px;overflow: hidden;font-weight: bold;background-color: #efefef\" rowspan=\"2\">BOLETIM DE SERVI\u00c7O INTERNO 2019<\/p>\n<p>Visando dar publicidade e transpar\u00eancia aos atos internos do Instituto, o Gabinete do <em>campus<\/em> Itapetinga do IF Baiano divulga o Boletim de Servi\u00e7o Interno (BSI).<\/td>\n<\/tr>\n<\/tbody>\n<\/table>\n<hr align=\"left\" noshade=\"noshade\" size=\"1\" width=\"0%\">\n<table style=\"border-collapse: collapse;border-spacing: 0;width: 664px\">\n<colgroup>\n<col style=\"width: 24px\">\n<col style=\"width: 640px\"><\/colgroup>\n<tbody>\n<tr>\n<th style=\"font-family: Arial, sans-serif;font-size: 14px;font-weight: normal;padding: 10px 5px;border-style: solid;border-width: 0px;overflow: hidden;background-color: #c0c0c0\"><\/th>\n<th style=\"font-family: Arial,sans-serif;font-size: 14px;font-weight: normal;padding: 10px 5px;border-style: solid;border-width: 0px;overflow: hidden;background-color: #efefef;vertical-align: top;text-align: left\">JANEIRO 2019 &nbsp;&nbsp;&nbsp;&nbsp;&nbsp;&nbsp;&nbsp;&nbsp; |&nbsp; Visualizar<\/p>\n<p><a href=\"http:\/\/www.ifbaiano.edu.br\/unidades\/itapetinga\/diretoria-geral\/boletim-de-servico-interno\/portarias-internas-janneir-2019\/\" rel=\"attachment wp-att-35843\">Portarias Internas &#8211; Janeiro 2019<\/a><\/p>\n<p><a href=\"http:\/\/www.ifbaiano.edu.br\/unidades\/itapetinga\/diretoria-geral\/boletim-de-servico-interno\/portarias-suap-janneiro-2019\/\" rel=\"attachment wp-att-35844\">Portarias Suap &#8211; Janeiro 2019<\/a><\/th>\n<\/tr>\n<\/tbody>\n<\/table>\n<hr align=\"left\" noshade=\"noshade\" size=\"1\" width=\"0%\">\n<table style=\"border-collapse: collapse;border-spacing: 0;width: 664px\">\n<colgroup>\n<col style=\"width: 24px\">\n<col style=\"width: 640px\"><\/colgroup>\n<tbody>\n<tr>\n<th style=\"font-family: Arial, sans-serif;font-size: 14px;font-weight: normal;padding: 10px 5px;border-style: solid;border-width: 0px;overflow: hidden;background-color: #c0c0c0\"><\/th>\n<th style=\"font-family: Arial,sans-serif;font-size: 14px;font-weight: normal;padding: 10px 5px;border-style: solid;border-width: 0px;overflow: hidden;background-color: #efefef;vertical-align: top;text-align: left\">FEVEREIRO 2019 &nbsp;&nbsp;&nbsp;&nbsp;&nbsp;&nbsp;&nbsp;&nbsp; | Visualizar<\/p>\n<p><a href=\"http:\/\/www.ifbaiano.edu.br\/unidades\/itapetinga\/diretoria-geral\/boletim-de-servico-interno\/portarias-internas-fevereiro-2019\/\" rel=\"attachment wp-att-35841\">Portarias Internas &#8211; Fevereiro 2019<\/a><\/p>\n<p><a href=\"http:\/\/www.ifbaiano.edu.br\/unidades\/itapetinga\/diretoria-geral\/boletim-de-servico-interno\/portaria_suap-fevereiro-2019\/\" rel=\"attachment wp-att-35842\">Portarias Suap &#8211; Fevereiro 2019<\/a><\/th>\n<\/tr>\n<\/tbody>\n<\/table>\n<hr align=\"left\" noshade=\"noshade\" size=\"1\" width=\"0%\">\n<table style=\"border-collapse: collapse;border-spacing: 0px;width: 672px;height: 171px\">\n<colgroup>\n<col style=\"width: 24px\">\n<col style=\"width: 640px\"><\/colgroup>\n<tbody>\n<tr>\n<th style=\"font-family: Arial, sans-serif;font-size: 14px;font-weight: normal;padding: 10px 5px;border-style: solid;border-width: 0px;overflow: hidden;background-color: #c0c0c0\"><\/th>\n<th style=\"font-family: Arial,sans-serif;font-size: 14px;font-weight: normal;padding: 10px 5px;border-style: solid;border-width: 0px;overflow: hidden;background-color: #efefef;vertical-align: top;text-align: left\">MAR\u00c7O 2019 &nbsp;&nbsp;&nbsp;&nbsp;&nbsp;&nbsp;&nbsp;&nbsp; | Visualizar<\/p>\n<p><a href=\"http:\/\/www.ifbaiano.edu.br\/unidades\/itapetinga\/files\/2019\/04\/Portarias-Internas-Mar\u00e7o-2019.pdf\">Portarias Internas &#8211; Mar\u00e7o 2019<\/a><\/p>\n<p><a href=\"http:\/\/www.ifbaiano.edu.br\/unidades\/itapetinga\/files\/2019\/04\/Portarias-Internas-Mar\u00e7o-2019.pdf\">Portarias Suap &#8211; Mar\u00e7o 2019<\/a><\/th>\n<\/tr>\n<\/tbody>\n<\/table>\n<hr align=\"left\" noshade=\"noshade\" size=\"1\" width=\"0%\">\n<table style=\"border-collapse: collapse;border-spacing: 0;width: 664px\">\n<colgroup>\n<col style=\"width: 24px\">\n<col style=\"width: 640px\"><\/colgroup>\n<tbody>\n<tr>\n<th style=\"font-family: Arial, sans-serif;font-size: 14px;font-weight: normal;padding: 10px 5px;border-style: solid;border-width: 0px;overflow: hidden;background-color: #c0c0c0\"><\/th>\n<th style=\"font-family: Arial,sans-serif;font-size: 14px;font-weight: normal;padding: 10px 5px;border-style: solid;border-width: 0px;overflow: hidden;background-color: #efefef;vertical-align: top;text-align: left\">ABRIL 2019 &nbsp;&nbsp;&nbsp;&nbsp;&nbsp;&nbsp;&nbsp;&nbsp; | Visualizar<\/p>\n<p><a href=\"http:\/\/www.ifbaiano.edu.br\/unidades\/itapetinga\/files\/2019\/06\/Portarias-Internas-Abril-2019.pdf\">Portarias Internas &#8211; Abril 2019<\/a><\/p>\n<p><a href=\"http:\/\/www.ifbaiano.edu.br\/unidades\/itapetinga\/files\/2019\/06\/Portarias-Suap-Abril-2019.pdf\">Portarias Suap &#8211; Abril 2019<\/a><\/th>\n<\/tr>\n<\/tbody>\n<\/table>\n<hr align=\"left\" noshade=\"noshade\" size=\"1\" width=\"0%\">\n<table style=\"border-collapse: collapse;border-spacing: 0;width: 664px\">\n<colgroup>\n<col style=\"width: 24px\">\n<col style=\"width: 640px\"><\/colgroup>\n<tbody>\n<tr>\n<th style=\"font-family: Arial, sans-serif;font-size: 14px;font-weight: normal;padding: 10px 5px;border-style: solid;border-width: 0px;overflow: hidden;background-color: #c0c0c0\"><\/th>\n<th style=\"font-family: Arial,sans-serif;font-size: 14px;font-weight: normal;padding: 10px 5px;border-style: solid;border-width: 0px;overflow: hidden;background-color: #efefef;vertical-align: top;text-align: left\">MAIO 2019 &nbsp;&nbsp;&nbsp;&nbsp;&nbsp;&nbsp;&nbsp;&nbsp; | Visualizar<\/th>\n<\/tr>\n<\/tbody>\n<\/table>\n<hr align=\"left\" noshade=\"noshade\" size=\"1\" width=\"0%\">\n<table style=\"border-collapse: collapse;border-spacing: 0;width: 664px\">\n<colgroup>\n<col style=\"width: 24px\">\n<col style=\"width: 640px\"><\/colgroup>\n<tbody>\n<tr>\n<th style=\"font-family: Arial, sans-serif;font-size: 14px;font-weight: normal;padding: 10px 5px;border-style: solid;border-width: 0px;overflow: hidden;background-color: #c0c0c0\"><\/th>\n<th style=\"font-family: Arial,sans-serif;font-size: 14px;font-weight: normal;padding: 10px 5px;border-style: solid;border-width: 0px;overflow: hidden;background-color: #efefef;vertical-align: top;text-align: left\">JUNHO 2019&nbsp; &nbsp;&nbsp;&nbsp;&nbsp;&nbsp;&nbsp;&nbsp; | Visualizar<\/th>\n<\/tr>\n<\/tbody>\n<\/table>\n<hr align=\"left\" noshade=\"noshade\" size=\"1\" width=\"0%\">\n<table style=\"border-collapse: collapse;border-spacing: 0;width: 664px\">\n<colgroup>\n<col style=\"width: 24px\">\n<col style=\"width: 640px\"><\/colgroup>\n<tbody>\n<tr>\n<th style=\"font-family: Arial, sans-serif;font-size: 14px;font-weight: normal;padding: 10px 5px;border-style: solid;border-width: 0px;overflow: hidden;background-color: #c0c0c0\"><\/th>\n<th style=\"font-family: Arial,sans-serif;font-size: 14px;font-weight: normal;padding: 10px 5px;border-style: solid;border-width: 0px;overflow: hidden;background-color: #efefef;vertical-align: top;text-align: left\">JULHO 2019 &nbsp;&nbsp;&nbsp;&nbsp;&nbsp;&nbsp;&nbsp;&nbsp; | Visualizar<\/th>\n<\/tr>\n<\/tbody>\n<\/table>\n<hr align=\"left\" noshade=\"noshade\" size=\"1\" width=\"0%\">\n<table style=\"border-collapse: collapse;border-spacing: 0;width: 664px\">\n<colgroup>\n<col style=\"width: 24px\">\n<col style=\"width: 640px\"><\/colgroup>\n<tbody>\n<tr>\n<th style=\"font-family: Arial, sans-serif;font-size: 14px;font-weight: normal;padding: 10px 5px;border-style: solid;border-width: 0px;overflow: hidden;background-color: #c0c0c0\"><\/th>\n<th style=\"font-family: Arial,sans-serif;font-size: 14px;font-weight: normal;padding: 10px 5px;border-style: solid;border-width: 0px;overflow: hidden;background-color: #efefef;vertical-align: top;text-align: left\">AGOSTO 2019 &nbsp;&nbsp;&nbsp;&nbsp;&nbsp;&nbsp;&nbsp;&nbsp; | Visualizar<\/th>\n<\/tr>\n<\/tbody>\n<\/table>\n<hr align=\"left\" noshade=\"noshade\" size=\"1\" width=\"0%\">\n<table style=\"border-collapse: collapse;border-spacing: 0;width: 664px\">\n<colgroup>\n<col style=\"width: 24px\">\n<col style=\"width: 640px\"><\/colgroup>\n<tbody>\n<tr>\n<th style=\"font-family: Arial, sans-serif;font-size: 14px;font-weight: normal;padding: 10px 5px;border-style: solid;border-width: 0px;overflow: hidden;background-color: #c0c0c0\"><\/th>\n<th style=\"font-family: Arial,sans-serif;font-size: 14px;font-weight: normal;padding: 10px 5px;border-style: solid;border-width: 0px;overflow: hidden;background-color: #efefef;vertical-align: top;text-align: left\">SETEMBRO 2019 &nbsp;&nbsp;&nbsp;&nbsp;&nbsp;&nbsp;&nbsp;&nbsp; | Visualizar<\/th>\n<\/tr>\n<\/tbody>\n<\/table>\n<hr align=\"left\" noshade=\"noshade\" size=\"1\" width=\"0%\">\n<table style=\"border-collapse: collapse;border-spacing: 0;width: 664px\">\n<colgroup>\n<col style=\"width: 24px\">\n<col style=\"width: 640px\"><\/colgroup>\n<tbody>\n<tr>\n<th style=\"font-family: Arial, sans-serif;font-size: 14px;font-weight: normal;padding: 10px 5px;border-style: solid;border-width: 0px;overflow: hidden;background-color: #c0c0c0\"><\/th>\n<th style=\"font-family: Arial,sans-serif;font-size: 14px;font-weight: normal;padding: 10px 5px;border-style: solid;border-width: 0px;overflow: hidden;background-color: #efefef;vertical-align: top;text-align: left\">OUTUBRO 2019 &nbsp;&nbsp;&nbsp;&nbsp;&nbsp;&nbsp;&nbsp;&nbsp; | Visualizar<\/th>\n<\/tr>\n<\/tbody>\n<\/table>\n<hr align=\"left\" noshade=\"noshade\" size=\"1\" width=\"0%\">\n<table style=\"border-collapse: collapse;border-spacing: 0;width: 664px\">\n<colgroup>\n<col style=\"width: 24px\">\n<col style=\"width: 640px\"><\/colgroup>\n<tbody>\n<tr>\n<th style=\"font-family: Arial, sans-serif;font-size: 14px;font-weight: normal;padding: 10px 5px;border-style: solid;border-width: 0px;overflow: hidden;background-color: #c0c0c0\"><\/th>\n<th style=\"font-family: Arial,sans-serif;font-size: 14px;font-weight: normal;padding: 10px 5px;border-style: solid;border-width: 0px;overflow: hidden;background-color: #efefef;vertical-align: top;text-align: left\">NOVEMBRO 2019 &nbsp;&nbsp;&nbsp;&nbsp;&nbsp;&nbsp;&nbsp;&nbsp; | Visualizar<\/th>\n<\/tr>\n<\/tbody>\n<\/table>\n<hr align=\"left\" noshade=\"noshade\" size=\"1\" width=\"0%\">\n<table style=\"border-collapse: collapse;border-spacing: 0;width: 664px\">\n<colgroup>\n<col style=\"width: 24px\">\n<col style=\"width: 640px\"><\/colgroup>\n<tbody>\n<tr>\n<th style=\"font-family: Arial, sans-serif;font-size: 14px;font-weight: normal;padding: 10px 5px;border-style: solid;border-width: 0px;overflow: hidden;background-color: #c0c0c0\"><\/th>\n<th style=\"font-family: Arial,sans-serif;font-size: 14px;font-weight: normal;padding: 10px 5px;border-style: solid;border-width: 0px;overflow: hidden;background-color: #efefef;vertical-align: top;text-align: left\">DEZEMBRO2019 &nbsp;&nbsp;&nbsp;&nbsp;&nbsp;&nbsp;&nbsp;&nbsp; | Visualizar<\/th>\n<\/tr>\n<\/tbody>\n<\/table>\n","protected":false},"excerpt":{"rendered":"<p>BOLETIM DE SERVI\u00c7O INTERNO 2019 Visando dar publicidade e transpar\u00eancia aos atos internos do Instituto, o Gabinete do campus Itapetinga do IF Baiano divulga o Boletim de Servi\u00e7o Interno (BSI). JANEIRO 2019 &nbsp;&nbsp;&nbsp;&nbsp;&nbsp;&nbsp;&nbsp;&nbsp; |&nbsp; Visualizar Portarias Internas &#8211; Janeiro 2019 Portarias Suap &#8211; Janeiro 2019 FEVEREIRO 2019 &nbsp;&nbsp;&nbsp;&nbsp;&nbsp;&nbsp;&nbsp;&nbsp; | Visualizar Portarias Internas &#8211; Fevereiro 2019 [&hellip;]<\/p>\n","protected":false},"author":48,"featured_media":0,"parent":32687,"menu_order":1,"comment_status":"open","ping_status":"open","template":"","meta":[],"_links":{"self":[{"href":"https:\/\/www.ifbaiano.edu.br\/unidades\/itapetinga\/wp-json\/wp\/v2\/pages\/33599"}],"collection":[{"href":"https:\/\/www.ifbaiano.edu.br\/unidades\/itapetinga\/wp-json\/wp\/v2\/pages"}],"about":[{"href":"https:\/\/www.ifbaiano.edu.br\/unidades\/itapetinga\/wp-json\/wp\/v2\/types\/page"}],"author":[{"embeddable":true,"href":"https:\/\/www.ifbaiano.edu.br\/unidades\/itapetinga\/wp-json\/wp\/v2\/users\/48"}],"replies":[{"embeddable":true,"href":"https:\/\/www.ifbaiano.edu.br\/unidades\/itapetinga\/wp-json\/wp\/v2\/comments?post=33599"}],"version-history":[{"count":59,"href":"https:\/\/www.ifbaiano.edu.br\/unidades\/itapetinga\/wp-json\/wp\/v2\/pages\/33599\/revisions"}],"predecessor-version":[{"id":41947,"href":"https:\/\/www.ifbaiano.edu.br\/unidades\/itapetinga\/wp-json\/wp\/v2\/pages\/33599\/revisions\/41947"}],"up":[{"embeddable":true,"href":"https:\/\/www.ifbaiano.edu.br\/unidades\/itapetinga\/wp-json\/wp\/v2\/pages\/32687"}],"wp:attachment":[{"href":"https:\/\/www.ifbaiano.edu.br\/unidades\/itapetinga\/wp-json\/wp\/v2\/media?parent=33599"}],"curies":[{"name":"wp","href":"https:\/\/api.w.org\/{rel}","templated":true}]}}