{"id":33623,"date":"2016-10-05T16:57:36","date_gmt":"2016-10-05T19:57:36","guid":{"rendered":"http:\/\/www.ifbaiano.edu.br\/unidades\/itapetinga\/?page_id=33623"},"modified":"2023-11-01T07:49:51","modified_gmt":"2023-11-01T10:49:51","slug":"gremio-estudantil","status":"publish","type":"page","link":"https:\/\/www.ifbaiano.edu.br\/unidades\/itapetinga\/gremio-estudantil\/","title":{"rendered":"Gr\u00eamio Estudantil"},"content":{"rendered":"\n<hr class=\"wp-block-separator has-css-opacity\" \/>\n\n\n\n<figure class=\"wp-block-image size-full\"><a href=\"https:\/\/www.ifbaiano.edu.br\/unidades\/itapetinga\/files\/2023\/04\/WhatsApp-Image-2023-04-28-at-3.00.04-PM.jpeg\"><img decoding=\"async\" loading=\"lazy\" width=\"1600\" height=\"1200\" src=\"https:\/\/www.ifbaiano.edu.br\/unidades\/itapetinga\/files\/2023\/04\/WhatsApp-Image-2023-04-28-at-3.00.04-PM.jpeg\" alt=\"\" class=\"wp-image-40802\" \/><\/a><\/figure>\n\n\n\n<hr class=\"wp-block-separator has-css-opacity\" \/>\n\n\n\n<p class=\"has-large-font-size\">                               <strong>Gr\u00eamio R.E.P<br>                   Revolucionar Evoluir e Progredir<\/strong><\/p>\n\n\n\n<p><strong>Presidente<\/strong>: Ester Prado Fran\u00e7a;<br><strong>Vice-presidente<\/strong>: Kau\u00e3 Silva Nascimento;<br><strong>Secret\u00e1rio Geral<\/strong>: Kevin Rhyan Santos Matos;<br><strong>Primeiro Secret\u00e1rio<\/strong>: Alice Barreto Oliveira;<br><strong>Tesoureiro\/Diretor de Finan\u00e7as<\/strong>: Marcos Vinicius Soledade Soares;<br><strong>Diretoria de Comunica\u00e7\u00e3o<\/strong>: Ana Karolina Santos Almeida;<br><strong>Diretoria de Arte e Cultura<\/strong>: Gustavo Matos Nunes;<br><strong>Diretoria de Pol\u00edticas Educacionais<\/strong>: Marcos dos Santos Mendes;<br><strong>Diretoria Esporte e Lazer<\/strong>: Kennedy Lincoln de S. Rocha;<br><strong>Diretoria de Mulheres<\/strong>: J\u00falia Silva Santos;<br><strong>Diretoria de Politicas Aafirmativas:<\/strong> Lara Fl\u00e1via Estrela Lima;<br><strong>Diretoria de Sa\u00fade:<\/strong> Leonardo Fran\u00e7a Rocha;<\/p>\n\n\n\n<p><strong>Editais e Documentos<\/strong><\/p>\n\n\n\n<p class=\"has-medium-font-size\"><strong><a href=\"https:\/\/www.ifbaiano.edu.br\/unidades\/itapetinga\/gremio-estudantil\/gremio-estudantil-2023\/\" data-type=\"URL\" data-id=\"https:\/\/www.ifbaiano.edu.br\/unidades\/itapetinga\/gremio-estudantil\/gremio-estudantil-2023\/\">2023<\/a><\/strong><\/p>\n","protected":false},"excerpt":{"rendered":"<p>Gr\u00eamio R.E.P Revolucionar Evoluir e Progredir Presidente: Ester Prado Fran\u00e7a;Vice-presidente: Kau\u00e3 Silva Nascimento;Secret\u00e1rio Geral: Kevin Rhyan Santos Matos;Primeiro Secret\u00e1rio: Alice Barreto Oliveira;Tesoureiro\/Diretor de Finan\u00e7as: Marcos Vinicius Soledade Soares;Diretoria de Comunica\u00e7\u00e3o: Ana Karolina Santos Almeida;Diretoria de Arte e Cultura: Gustavo Matos Nunes;Diretoria de Pol\u00edticas Educacionais: Marcos dos Santos Mendes;Diretoria Esporte e Lazer: Kennedy Lincoln de S. [&hellip;]<\/p>\n","protected":false},"author":48,"featured_media":0,"parent":0,"menu_order":1,"comment_status":"open","ping_status":"open","template":"","meta":[],"_links":{"self":[{"href":"https:\/\/www.ifbaiano.edu.br\/unidades\/itapetinga\/wp-json\/wp\/v2\/pages\/33623"}],"collection":[{"href":"https:\/\/www.ifbaiano.edu.br\/unidades\/itapetinga\/wp-json\/wp\/v2\/pages"}],"about":[{"href":"https:\/\/www.ifbaiano.edu.br\/unidades\/itapetinga\/wp-json\/wp\/v2\/types\/page"}],"author":[{"embeddable":true,"href":"https:\/\/www.ifbaiano.edu.br\/unidades\/itapetinga\/wp-json\/wp\/v2\/users\/48"}],"replies":[{"embeddable":true,"href":"https:\/\/www.ifbaiano.edu.br\/unidades\/itapetinga\/wp-json\/wp\/v2\/comments?post=33623"}],"version-history":[{"count":21,"href":"https:\/\/www.ifbaiano.edu.br\/unidades\/itapetinga\/wp-json\/wp\/v2\/pages\/33623\/revisions"}],"predecessor-version":[{"id":41297,"href":"https:\/\/www.ifbaiano.edu.br\/unidades\/itapetinga\/wp-json\/wp\/v2\/pages\/33623\/revisions\/41297"}],"wp:attachment":[{"href":"https:\/\/www.ifbaiano.edu.br\/unidades\/itapetinga\/wp-json\/wp\/v2\/media?parent=33623"}],"curies":[{"name":"wp","href":"https:\/\/api.w.org\/{rel}","templated":true}]}}