{"id":35586,"date":"2019-02-21T10:25:14","date_gmt":"2019-02-21T13:25:14","guid":{"rendered":"http:\/\/www.ifbaiano.edu.br\/unidades\/itapetinga\/?page_id=35586"},"modified":"2025-05-08T08:50:12","modified_gmt":"2025-05-08T11:50:12","slug":"contratos","status":"publish","type":"page","link":"https:\/\/www.ifbaiano.edu.br\/unidades\/itapetinga\/contratos\/","title":{"rendered":"Contratos"},"content":{"rendered":"\n<p>Trata-se da publica\u00e7\u00e3o dos instrumentos de contratos e respectivas altera\u00e7\u00f5es que foram pactuadas pelo Instituto Federal Baiano &#8211; Campus Itapetinga e empresas p\u00fablicas ou privadas, com fundamento na Lei 8.666\/93, Lei 10.520\/02 e Lei 12.462\/11.<\/p>\n\n\n\n<p><\/p>\n\n\n\n<ol>\n<li>Acesse o&nbsp;<strong><a href=\"https:\/\/contratos.comprasnet.gov.br\/transparencia\/contratos?orgao=%5B%2226404%22%5D&amp;unidade=itapetinga\" data-type=\"URL\" data-id=\"https:\/\/contratos.comprasnet.gov.br\/transparencia\/contratos?orgao=%5B%2226404%22%5D&amp;unidade=itapetinga\" target=\"_blank\" rel=\"noreferrer noopener\">Consulta Contratos do Comprasnet<\/a><\/strong>.<\/li>\n\n\n\n<li>Clique na imagem do olho na coluna a\u00e7\u00f5es a direita, conforme imagem exemplo:<\/li>\n<\/ol>\n\n\n\n<figure class=\"wp-block-image size-full\"><a href=\"https:\/\/www.ifbaiano.edu.br\/unidades\/itapetinga\/files\/2024\/04\/image-1.png\"><img decoding=\"async\" loading=\"lazy\" width=\"1309\" height=\"163\" src=\"https:\/\/www.ifbaiano.edu.br\/unidades\/itapetinga\/files\/2024\/04\/image-1.png\" alt=\"\" class=\"wp-image-42095\" \/><\/a><\/figure>\n\n\n\n<p>                  3.Visualize as informa\u00e7\u00f5es do contrato e verifique os documentos que integram como anexo.<\/p>\n","protected":false},"excerpt":{"rendered":"<p>Trata-se da publica\u00e7\u00e3o dos instrumentos de contratos e respectivas altera\u00e7\u00f5es que foram pactuadas pelo Instituto Federal Baiano &#8211; Campus Itapetinga e empresas p\u00fablicas ou privadas, com fundamento na Lei 8.666\/93, Lei 10.520\/02 e Lei 12.462\/11. 3.Visualize as informa\u00e7\u00f5es do contrato e verifique os documentos que integram como anexo.<\/p>\n","protected":false},"author":94,"featured_media":0,"parent":0,"menu_order":0,"comment_status":"closed","ping_status":"closed","template":"","meta":[],"_links":{"self":[{"href":"https:\/\/www.ifbaiano.edu.br\/unidades\/itapetinga\/wp-json\/wp\/v2\/pages\/35586"}],"collection":[{"href":"https:\/\/www.ifbaiano.edu.br\/unidades\/itapetinga\/wp-json\/wp\/v2\/pages"}],"about":[{"href":"https:\/\/www.ifbaiano.edu.br\/unidades\/itapetinga\/wp-json\/wp\/v2\/types\/page"}],"author":[{"embeddable":true,"href":"https:\/\/www.ifbaiano.edu.br\/unidades\/itapetinga\/wp-json\/wp\/v2\/users\/94"}],"replies":[{"embeddable":true,"href":"https:\/\/www.ifbaiano.edu.br\/unidades\/itapetinga\/wp-json\/wp\/v2\/comments?post=35586"}],"version-history":[{"count":18,"href":"https:\/\/www.ifbaiano.edu.br\/unidades\/itapetinga\/wp-json\/wp\/v2\/pages\/35586\/revisions"}],"predecessor-version":[{"id":42099,"href":"https:\/\/www.ifbaiano.edu.br\/unidades\/itapetinga\/wp-json\/wp\/v2\/pages\/35586\/revisions\/42099"}],"wp:attachment":[{"href":"https:\/\/www.ifbaiano.edu.br\/unidades\/itapetinga\/wp-json\/wp\/v2\/media?parent=35586"}],"curies":[{"name":"wp","href":"https:\/\/api.w.org\/{rel}","templated":true}]}}