{"id":35636,"date":"2019-03-07T11:37:12","date_gmt":"2019-03-07T14:37:12","guid":{"rendered":"http:\/\/www.ifbaiano.edu.br\/unidades\/itapetinga\/?page_id=35636"},"modified":"2025-05-08T09:12:37","modified_gmt":"2025-05-08T12:12:37","slug":"pregoes-2018","status":"publish","type":"page","link":"https:\/\/www.ifbaiano.edu.br\/unidades\/itapetinga\/licitacoes-compras\/pregoes-2018\/","title":{"rendered":"Preg\u00f5es Eletr\u00f4nicos 2018"},"content":{"rendered":"<p>Preg\u00e3o 01-2018 &#8211; Material de Limpeza e Descart\u00e1veis<\/p>\n<p><a href=\"http:\/\/www.ifbaiano.edu.br\/unidades\/itapetinga\/diretoria-administrativa\/licitacoescompras\/2018-2\/pregao-eletronico-2018\/campus-itapetinga-edital-srp-01-2018\/\" rel=\"attachment wp-att-35639\">Edital (SRP) 01-2018<\/a><\/p>\n<p><a href=\"http:\/\/www.ifbaiano.edu.br\/unidades\/itapetinga\/diretoria-administrativa\/licitacoescompras\/2018-2\/pregao-eletronico-2018\/resultado-por-fornecedor-pregao-012018\/\" rel=\"attachment wp-att-35640\">Resultado por Fornecedor &#8211; Preg\u00e3o 012018<\/a><\/p>\n<p>Preg\u00e3o 02-2018 &#8211; Cantina<\/p>\n<p><a href=\"http:\/\/www.ifbaiano.edu.br\/unidades\/itapetinga\/diretoria-administrativa\/licitacoescompras\/2018-2\/pregao-eletronico-2018\/edital-02-2018-cessao-cantina\/\" rel=\"attachment wp-att-35663\">EDITAL 02-2018 &#8211; Cess\u00e3o Cantina<\/a><\/p>\n<p><a href=\"http:\/\/www.ifbaiano.edu.br\/unidades\/itapetinga\/diretoria-administrativa\/licitacoescompras\/2018-2\/pregao-eletronico-2018\/anexo-i-termo-de-referencia\/\" rel=\"attachment wp-att-35664\">Anexo I &#8211; Termo de Refer\u00eancia<\/a><\/p>\n<p><a href=\"http:\/\/www.ifbaiano.edu.br\/unidades\/itapetinga\/diretoria-administrativa\/licitacoescompras\/2018-2\/pregao-eletronico-2018\/anexo-ii-minuta-instrumento-de-contrato\/\" rel=\"attachment wp-att-35665\">Anexo II &#8211; Minuta &#8211; Instrumento de Contrato<\/a><\/p>\n<p><a href=\"http:\/\/www.ifbaiano.edu.br\/unidades\/itapetinga\/diretoria-administrativa\/licitacoescompras\/2018-2\/pregao-eletronico-2018\/anexo-iii-autorizacao-de-cessao-cantina\/\" rel=\"attachment wp-att-35666\">Anexo III &#8211; Autoriza\u00e7\u00e3o de Cess\u00e3o &#8211; Cantina<\/a><\/p>\n<p><a href=\"http:\/\/www.ifbaiano.edu.br\/unidades\/itapetinga\/diretoria-administrativa\/licitacoescompras\/2018-2\/pregao-eletronico-2018\/resultado-por-fornecedor-pregao-022018\/\" rel=\"attachment wp-att-35642\">Resultado por Fornecedor &#8211; Preg\u00e3o 022018<\/a><\/p>\n<p>Preg\u00e3o 03-2018 &#8211; Manuten\u00e7\u00e3o Preventiva<\/p>\n<p><a href=\"http:\/\/www.ifbaiano.edu.br\/unidades\/itapetinga\/diretoria-administrativa\/licitacoescompras\/2018-2\/pregao-eletronico-2018\/edital-srp-03-2018-material-de-manutencao\/\" rel=\"attachment wp-att-35668\">Edital (SRP) 03-2018 &#8211; Material de Manuten\u00e7\u00e3o<\/a><\/p>\n<p><a href=\"http:\/\/www.ifbaiano.edu.br\/unidades\/itapetinga\/diretoria-administrativa\/licitacoescompras\/2018-2\/pregao-eletronico-2018\/minuta-da-ata-pregao-03-2018\/\" rel=\"attachment wp-att-35669\">Minuta da Ata Preg\u00e3o 03-2018<\/a><\/p>\n<p><a href=\"http:\/\/www.ifbaiano.edu.br\/unidades\/itapetinga\/diretoria-administrativa\/licitacoescompras\/2018-2\/pregao-eletronico-2018\/termo-de-referencia-pregao-03-2018\/\" rel=\"attachment wp-att-35670\">Termo de Refer\u00eancia &#8211; Preg\u00e3o 03-2018<\/a><\/p>\n<p><a href=\"http:\/\/www.ifbaiano.edu.br\/unidades\/itapetinga\/diretoria-administrativa\/licitacoescompras\/2018-2\/pregao-eletronico-2018\/resultado-por-fornecedor-pregao-032018\/\" rel=\"attachment wp-att-35643\">Resultado por Fornecedor &#8211; Preg\u00e3o 032018<\/a><\/p>\n<p>Preg\u00e3o 04-2018 &#8211; Vacinas CUEC<\/p>\n<p><a href=\"http:\/\/www.ifbaiano.edu.br\/unidades\/itapetinga\/diretoria-administrativa\/licitacoescompras\/2018-2\/pregao-eletronico-2018\/edital-srp-04-2018\/\" rel=\"attachment wp-att-35644\">Edital (SRP) 04-2018<\/a><\/p>\n<p><a href=\"http:\/\/www.ifbaiano.edu.br\/unidades\/itapetinga\/diretoria-administrativa\/licitacoescompras\/2018-2\/pregao-eletronico-2018\/resultado-por-forncedor-pregao-042018\/\" rel=\"attachment wp-att-35645\">Resultado por Forncedor &#8211; Preg\u00e3o 042018<\/a><\/p>\n<p>Preg\u00e3o 05-2018 &#8211; Material Ambulatorial<\/p>\n<p><a href=\"http:\/\/www.ifbaiano.edu.br\/unidades\/itapetinga\/diretoria-administrativa\/licitacoescompras\/2018-2\/pregao-eletronico-2018\/edital-srp-05-2018-material-ambulatorial\/\" rel=\"attachment wp-att-35646\">Edital (SRP) 05-2018 &#8211; Material Ambulatorial<\/a><\/p>\n<p><a href=\"http:\/\/www.ifbaiano.edu.br\/unidades\/itapetinga\/diretoria-administrativa\/licitacoescompras\/2018-2\/pregao-eletronico-2018\/resultado-por-fornecedor-pregao-052018\/\" rel=\"attachment wp-att-35647\">Resultado por Fornecedor &#8211; Preg\u00e3o 052018<\/a><\/p>\n<p>Preg\u00e3o 06-2018 &#8211; Medicamentos CUEC<\/p>\n<p><a href=\"http:\/\/www.ifbaiano.edu.br\/unidades\/itapetinga\/diretoria-administrativa\/licitacoescompras\/2018-2\/pregao-eletronico-2018\/edital-srp-06-2018-medicamentos\/\" rel=\"attachment wp-att-35648\">Edital (SRP) 06-2018 &#8211; Medicamentos<\/a><\/p>\n<p><a href=\"http:\/\/www.ifbaiano.edu.br\/unidades\/itapetinga\/diretoria-administrativa\/licitacoescompras\/2018-2\/pregao-eletronico-2018\/resultado-por-fornecedor-pregao-062018\/\" rel=\"attachment wp-att-35649\">Resultado por Fornecedor &#8211; Preg\u00e3o 062018<\/a><\/p>\n<p>Preg\u00e3o 07-2018 &#8211; Pe\u00e7as e Ar-condicionado<\/p>\n<p><a href=\"http:\/\/www.ifbaiano.edu.br\/unidades\/itapetinga\/diretoria-administrativa\/licitacoescompras\/2018-2\/pregao-eletronico-2018\/edital-srp-07-2018-ar-condicionado\/\" rel=\"attachment wp-att-35650\">Edital (SRP) 07-2018 &#8211; Ar Condicionado<\/a><\/p>\n<p><a href=\"http:\/\/www.ifbaiano.edu.br\/unidades\/itapetinga\/diretoria-administrativa\/licitacoescompras\/2018-2\/pregao-eletronico-2018\/resultado-por-fornecedor-pregao-072018\/\" rel=\"attachment wp-att-35651\">Resultado por Fornecedor &#8211; Preg\u00e3o 072018<\/a><\/p>\n<p>Preg\u00e3o 09-2018 &#8211; Aquisi\u00e7\u00e3o de G\u00eaneros Aliment\u00edcios<\/p>\n<p><a href=\"http:\/\/www.ifbaiano.edu.br\/unidades\/itapetinga\/diretoria-administrativa\/licitacoescompras\/2018-2\/pregao-eletronico-2018\/edital-pregao-09-2018-refeitorio\/\" rel=\"attachment wp-att-35652\">Edital &#8211; Preg\u00e3o 09-2018 &#8211; Refeit\u00f3rio<\/a><\/p>\n<p><a href=\"http:\/\/www.ifbaiano.edu.br\/unidades\/itapetinga\/diretoria-administrativa\/licitacoescompras\/2018-2\/pregao-eletronico-2018\/resultado-por-fornecedor-pregao-092018\/\" rel=\"attachment wp-att-35653\">Resultado por Fornecedor &#8211; Preg\u00e3o 092018<\/a><\/p>\n<p>Preg\u00e3o 10-2018 &#8211; Aquisi\u00e7\u00e3o de Suprimentos de Inform\u00e1tica<\/p>\n<p><a href=\"http:\/\/www.ifbaiano.edu.br\/unidades\/itapetinga\/diretoria-administrativa\/licitacoescompras\/2018-2\/pregao-eletronico-2018\/edital-srp-10-2018\/\" rel=\"attachment wp-att-35654\">Edital (SRP) 10-2018<\/a><\/p>\n<p><a href=\"http:\/\/www.ifbaiano.edu.br\/unidades\/itapetinga\/diretoria-administrativa\/licitacoescompras\/2018-2\/pregao-eletronico-2018\/resultado-por-fornecedor-pregao-102018\/\" rel=\"attachment wp-att-35655\">Resultado por Fornecedor &#8211; Preg\u00e3o 102018<\/a><\/p>\n<p>Preg\u00e3o 11-2018 &#8211; Manuten\u00e7\u00e3o Ar-condicionado<\/p>\n<p><a href=\"http:\/\/www.ifbaiano.edu.br\/unidades\/itapetinga\/diretoria-administrativa\/licitacoescompras\/2018-2\/pregao-eletronico-2018\/edital-pregao-11-2018-manutencao-de-ar-condicionado\/\" rel=\"attachment wp-att-35656\">Edital &#8211; Preg\u00e3o 11-2018 &#8211; Manuten\u00e7\u00e3o de Ar Condicionado<\/a><\/p>\n<p><a href=\"http:\/\/www.ifbaiano.edu.br\/unidades\/itapetinga\/diretoria-administrativa\/licitacoescompras\/2018-2\/pregao-eletronico-2018\/resultado-por-fornecedor-pregao-112018\/\" rel=\"attachment wp-att-35657\">Resultado por Fornecedor &#8211; Preg\u00e3o 112018<\/a><\/p>\n","protected":false},"excerpt":{"rendered":"<p>Preg\u00e3o 01-2018 &#8211; Material de Limpeza e Descart\u00e1veis Edital (SRP) 01-2018 Resultado por Fornecedor &#8211; Preg\u00e3o 012018 Preg\u00e3o 02-2018 &#8211; Cantina EDITAL 02-2018 &#8211; Cess\u00e3o Cantina Anexo I &#8211; Termo de Refer\u00eancia Anexo II &#8211; Minuta &#8211; Instrumento de Contrato Anexo III &#8211; Autoriza\u00e7\u00e3o de Cess\u00e3o &#8211; Cantina Resultado por Fornecedor &#8211; Preg\u00e3o 022018 Preg\u00e3o [&hellip;]<\/p>\n","protected":false},"author":94,"featured_media":0,"parent":32709,"menu_order":0,"comment_status":"closed","ping_status":"closed","template":"","meta":[],"_links":{"self":[{"href":"https:\/\/www.ifbaiano.edu.br\/unidades\/itapetinga\/wp-json\/wp\/v2\/pages\/35636"}],"collection":[{"href":"https:\/\/www.ifbaiano.edu.br\/unidades\/itapetinga\/wp-json\/wp\/v2\/pages"}],"about":[{"href":"https:\/\/www.ifbaiano.edu.br\/unidades\/itapetinga\/wp-json\/wp\/v2\/types\/page"}],"author":[{"embeddable":true,"href":"https:\/\/www.ifbaiano.edu.br\/unidades\/itapetinga\/wp-json\/wp\/v2\/users\/94"}],"replies":[{"embeddable":true,"href":"https:\/\/www.ifbaiano.edu.br\/unidades\/itapetinga\/wp-json\/wp\/v2\/comments?post=35636"}],"version-history":[{"count":7,"href":"https:\/\/www.ifbaiano.edu.br\/unidades\/itapetinga\/wp-json\/wp\/v2\/pages\/35636\/revisions"}],"predecessor-version":[{"id":44109,"href":"https:\/\/www.ifbaiano.edu.br\/unidades\/itapetinga\/wp-json\/wp\/v2\/pages\/35636\/revisions\/44109"}],"up":[{"embeddable":true,"href":"https:\/\/www.ifbaiano.edu.br\/unidades\/itapetinga\/wp-json\/wp\/v2\/pages\/32709"}],"wp:attachment":[{"href":"https:\/\/www.ifbaiano.edu.br\/unidades\/itapetinga\/wp-json\/wp\/v2\/media?parent=35636"}],"curies":[{"name":"wp","href":"https:\/\/api.w.org\/{rel}","templated":true}]}}