{"id":35774,"date":"2019-03-11T15:23:12","date_gmt":"2019-03-11T18:23:12","guid":{"rendered":"http:\/\/www.ifbaiano.edu.br\/unidades\/itapetinga\/?page_id=35774"},"modified":"2021-06-10T14:20:25","modified_gmt":"2021-06-10T17:20:25","slug":"estrategia","status":"publish","type":"page","link":"https:\/\/www.ifbaiano.edu.br\/unidades\/itapetinga\/estrategia\/","title":{"rendered":"Estrat\u00e9gia"},"content":{"rendered":"<div class=\"textLayer\">\n<div>Baseado no PLANO DE DESENVOLVIMENTO INSTITUCIONAL 2021-2025<\/div>\n<div><\/div>\n<div><span style=\"color: #008000\"><strong>Miss\u00e3o:<\/strong><\/span><\/div>\n<div>Ofertar educa\u00e7\u00e3o profissional, cient\u00edfica e tecnol\u00f3gica, p\u00fablica e de excel\u00eancia,<br \/>\ncom o intuito de contribuir para o desenvolvimento social, econ\u00f4mico, cultural,<br \/>\ntecnol\u00f3gico e cient\u00edfico nas diferentes regi\u00f5es do pa\u00eds.<\/div>\n<\/div>\n<div><\/div>\n<div><span style=\"color: #008000\"><strong>Vis\u00e3o:<\/strong><\/span><\/div>\n<div>Constituir-se, nacional e internacionalmente, como institui\u00e7\u00e3o de refer\u00eancia em<br \/>\neduca\u00e7\u00e3o, especialmente no que se refere \u00e0 forma\u00e7\u00e3o de professores, educa\u00e7\u00e3o<br \/>\nde jovens e adultos e desenvolvimento de tecnologias agr\u00e1rias.<\/div>\n<div><\/div>\n<div><span style=\"color: #008000\"><strong>Valores:<\/strong><\/span><\/div>\n<div><em>Excel\u00eancia:<\/em> baseada na efici\u00eancia, efic\u00e1cia e efetividade nos processos de gest\u00e3o.<br \/>\n<em>Gest\u00e3o democr\u00e1tica<\/em>: baseada nos princ\u00edpios de justi\u00e7a, participa\u00e7\u00e3o, corresponsabilidade,<br \/>\nigualdade nas rela\u00e7\u00f5es sociais e nos processos de gest\u00e3o.<br \/>\n<em>\u00c9tica:<\/em> baseada nos princ\u00edpios de transpar\u00eancia, justi\u00e7a social e responsabilidade<br \/>\ncom o bem p\u00fablico.<br \/>\n<em>Valoriza\u00e7\u00e3o dos trabalhadores:<\/em> baseada no reconhecimento e fortalecimento de que o desempenho da<br \/>\ninstitui\u00e7\u00e3o depende da valoriza\u00e7\u00e3o, do desenvolvimento pessoal e t\u00e9cnico,<br \/>\ndo bem-estar e da realiza\u00e7\u00e3o profissional de todos os trabalhadores.<br \/>\n<em>Valoriza\u00e7\u00e3o dos discentes:<\/em> baseado no reconhecimento de que a raz\u00e3o de ser da institui\u00e7\u00e3o \u00e9 prestar<br \/>\nservi\u00e7os de excel\u00eancia aos seus discentes.<br \/>\n<em>Compromisso social:<\/em> baseado no reconhecimento \u00e0s diferen\u00e7as hist\u00f3ricas, econ\u00f4micas, culturais<br \/>\ne sociais.<br \/>\n<em>Sustentabilidade:<\/em> baseado na responsabilidade social e ambiental.<\/div>\n<div><\/div>\n<div>\n<hr \/>\n<\/div>\n<div><\/div>\n<div><strong><span style=\"color: #008000\">Metodologia Aplicada:<\/span><\/strong> Balanced Scorecard<\/div>\n<div><\/div>\n<div>\n<hr \/>\n<\/div>\n<div><\/div>\n<div>Mapa Estrat\u00e9gico:<\/div>\n<div><\/div>\n<div><a href=\"https:\/\/www.ifbaiano.edu.br\/unidades\/itapetinga\/estrategia\/mapa-estrategico-if-baiano\/\" rel=\"attachment wp-att-37813\"><img decoding=\"async\" loading=\"lazy\" class=\"alignleft size-full wp-image-37813\" src=\"https:\/\/www.ifbaiano.edu.br\/unidades\/itapetinga\/files\/2021\/06\/Mapa-Estrategico-IF-Baiano.png\" alt=\"\" width=\"637\" height=\"494\" \/><\/a><\/div>\n<div><\/div>\n<div><\/div>\n<div><\/div>\n<div><\/div>\n<div><\/div>\n<div><\/div>\n<div><\/div>\n<div><\/div>\n<div><\/div>\n<div>\n<p>Acesse a p\u00e1gina: <a href=\"http:\/\/ifbaiano.edu.br\/portal\/pdi\/\">PDI.IFBAIANO.EDU.BR<\/a><\/p>\n<\/div>\n","protected":false},"excerpt":{"rendered":"<p>Baseado no PLANO DE DESENVOLVIMENTO INSTITUCIONAL 2021-2025 Miss\u00e3o: Ofertar educa\u00e7\u00e3o profissional, cient\u00edfica e tecnol\u00f3gica, p\u00fablica e de excel\u00eancia, com o intuito de contribuir para o desenvolvimento social, econ\u00f4mico, cultural, tecnol\u00f3gico e cient\u00edfico nas diferentes regi\u00f5es do pa\u00eds. Vis\u00e3o: Constituir-se, nacional e internacionalmente, como institui\u00e7\u00e3o de refer\u00eancia em educa\u00e7\u00e3o, especialmente no que se refere \u00e0 forma\u00e7\u00e3o [&hellip;]<\/p>\n","protected":false},"author":94,"featured_media":0,"parent":0,"menu_order":0,"comment_status":"closed","ping_status":"closed","template":"","meta":[],"_links":{"self":[{"href":"https:\/\/www.ifbaiano.edu.br\/unidades\/itapetinga\/wp-json\/wp\/v2\/pages\/35774"}],"collection":[{"href":"https:\/\/www.ifbaiano.edu.br\/unidades\/itapetinga\/wp-json\/wp\/v2\/pages"}],"about":[{"href":"https:\/\/www.ifbaiano.edu.br\/unidades\/itapetinga\/wp-json\/wp\/v2\/types\/page"}],"author":[{"embeddable":true,"href":"https:\/\/www.ifbaiano.edu.br\/unidades\/itapetinga\/wp-json\/wp\/v2\/users\/94"}],"replies":[{"embeddable":true,"href":"https:\/\/www.ifbaiano.edu.br\/unidades\/itapetinga\/wp-json\/wp\/v2\/comments?post=35774"}],"version-history":[{"count":5,"href":"https:\/\/www.ifbaiano.edu.br\/unidades\/itapetinga\/wp-json\/wp\/v2\/pages\/35774\/revisions"}],"predecessor-version":[{"id":37817,"href":"https:\/\/www.ifbaiano.edu.br\/unidades\/itapetinga\/wp-json\/wp\/v2\/pages\/35774\/revisions\/37817"}],"wp:attachment":[{"href":"https:\/\/www.ifbaiano.edu.br\/unidades\/itapetinga\/wp-json\/wp\/v2\/media?parent=35774"}],"curies":[{"name":"wp","href":"https:\/\/api.w.org\/{rel}","templated":true}]}}