{"id":36087,"date":"2019-07-30T08:56:12","date_gmt":"2019-07-30T11:56:12","guid":{"rendered":"http:\/\/www.ifbaiano.edu.br\/unidades\/itapetinga\/?page_id=36087"},"modified":"2023-10-24T13:40:35","modified_gmt":"2023-10-24T16:40:35","slug":"laboratorios","status":"publish","type":"page","link":"https:\/\/www.ifbaiano.edu.br\/unidades\/itapetinga\/laboratorios\/","title":{"rendered":"Laborat\u00f3rios"},"content":{"rendered":"\n<p>Laborat\u00f3rio de F\u00edsica e Matem\u00e1tica;<\/p>\n\n\n\n<p>Laborat\u00f3rio de Qu\u00edmica;<\/p>\n\n\n\n<p>Laborat\u00f3rio de Biologia;<\/p>\n\n\n\n<p>Laborat\u00f3rio de Desenho T\u00e9cnico (Em Implanta\u00e7\u00e3o);<\/p>\n\n\n\n<p>Laborat\u00f3rios de Inform\u00e1tica;<\/p>\n\n\n\n<p>Laborat\u00f3rio de pesquisa em Microbiologia e Biologia Molecular;<\/p>\n\n\n\n<div class=\"wp-block-file\"><a id=\"wp-block-file--media-a13e5a3f-aced-4732-8c2d-607dbc31d51f\" href=\"http:\/\/www.ifbaiano.edu.br\/unidades\/itapetinga\/files\/2019\/07\/MINUTA_REGULAMENTO.pdf\" target=\"_blank\" rel=\"noreferrer noopener\">MINUTA_REGULAMENTO<\/a><\/div>\n\n\n\n<p><a href=\"https:\/\/onedrive.live.com\/?authkey=%21AMcOC2%5FIsCjbMIg&amp;cid=4FB43EBCCC102BB8&amp;id=4FB43EBCCC102BB8%2184101&amp;parId=4FB43EBCCC102BB8%2184100&amp;o=OneUp\" data-type=\"URL\" data-id=\"https:\/\/onedrive.live.com\/?authkey=%21AMcOC2%5FIsCjbMIg&amp;cid=4FB43EBCCC102BB8&amp;id=4FB43EBCCC102BB8%2184101&amp;parId=4FB43EBCCC102BB8%2184100&amp;o=OneUp\">V\u00eddeo Laborat\u00f3rios<\/a><\/p>\n\n\n\n<p><br><br><\/p>\n","protected":false},"excerpt":{"rendered":"<p>Laborat\u00f3rio de F\u00edsica e Matem\u00e1tica; Laborat\u00f3rio de Qu\u00edmica; Laborat\u00f3rio de Biologia; Laborat\u00f3rio de Desenho T\u00e9cnico (Em Implanta\u00e7\u00e3o); Laborat\u00f3rios de Inform\u00e1tica; Laborat\u00f3rio de pesquisa em Microbiologia e Biologia Molecular; V\u00eddeo Laborat\u00f3rios<\/p>\n","protected":false},"author":94,"featured_media":0,"parent":0,"menu_order":0,"comment_status":"closed","ping_status":"closed","template":"","meta":[],"_links":{"self":[{"href":"https:\/\/www.ifbaiano.edu.br\/unidades\/itapetinga\/wp-json\/wp\/v2\/pages\/36087"}],"collection":[{"href":"https:\/\/www.ifbaiano.edu.br\/unidades\/itapetinga\/wp-json\/wp\/v2\/pages"}],"about":[{"href":"https:\/\/www.ifbaiano.edu.br\/unidades\/itapetinga\/wp-json\/wp\/v2\/types\/page"}],"author":[{"embeddable":true,"href":"https:\/\/www.ifbaiano.edu.br\/unidades\/itapetinga\/wp-json\/wp\/v2\/users\/94"}],"replies":[{"embeddable":true,"href":"https:\/\/www.ifbaiano.edu.br\/unidades\/itapetinga\/wp-json\/wp\/v2\/comments?post=36087"}],"version-history":[{"count":9,"href":"https:\/\/www.ifbaiano.edu.br\/unidades\/itapetinga\/wp-json\/wp\/v2\/pages\/36087\/revisions"}],"predecessor-version":[{"id":41253,"href":"https:\/\/www.ifbaiano.edu.br\/unidades\/itapetinga\/wp-json\/wp\/v2\/pages\/36087\/revisions\/41253"}],"wp:attachment":[{"href":"https:\/\/www.ifbaiano.edu.br\/unidades\/itapetinga\/wp-json\/wp\/v2\/media?parent=36087"}],"curies":[{"name":"wp","href":"https:\/\/api.w.org\/{rel}","templated":true}]}}