{"id":36255,"date":"2019-12-10T11:23:58","date_gmt":"2019-12-10T14:23:58","guid":{"rendered":"http:\/\/www.ifbaiano.edu.br\/unidades\/itapetinga\/?page_id=36255"},"modified":"2024-03-26T07:35:35","modified_gmt":"2024-03-26T10:35:35","slug":"portifolio-de-servicos","status":"publish","type":"page","link":"https:\/\/www.ifbaiano.edu.br\/unidades\/itapetinga\/portifolio-de-servicos\/","title":{"rendered":"Portif\u00f3lio de Servi\u00e7os"},"content":{"rendered":"\n<p>IF Baiano campus Itapetinga<\/p>\n\n\n\n<p>Pautado na indissociabilidade entre <strong>ensino, pesquisa e extens\u00e3o<\/strong> e focado no desenvolvimento regional.<\/p>\n\n\n\n<p><strong>1.\nCursos T\u00e9cnicos<\/strong><\/p>\n\n\n\n<p>Modalidade\nIntegrada<\/p>\n\n\n\n<ul>\n<li>Agroind\u00fastria <\/li>\n\n\n\n<li>Agropecu\u00e1ria <\/li>\n\n\n\n<li>Meio Ambiente <\/li>\n<\/ul>\n\n\n\n<p>Modalidade\nSubsequente<\/p>\n\n\n\n<ul>\n<li>\n\n\tAgropecu\u00e1ria\n\t<\/li>\n\n\n\n<li>\n\n\tAlimentos\n\t<\/li>\n\n\n\n<li>\n\n\tManuten\u00e7\u00e3o\n\te Suporte em Inform\u00e1tica\n<\/li>\n<\/ul>\n\n\n\n<p>Modalidade\nEaD<\/p>\n\n\n\n<ul>\n<li>\n\n\tVendas\n\t<\/li>\n\n\n\n<li>\n\n\tSecretariado\n\tEscolar\n\t<\/li>\n\n\n\n<li>\n\n\tMultimeios\n\tDid\u00e1ticos\n<\/li>\n<\/ul>\n\n\n\n<hr class=\"wp-block-separator has-css-opacity\" \/>\n\n\n\n<p><strong>2.\nCursos de P\u00f3s-Gradua\u00e7\u00e3o<\/strong><\/p>\n\n\n\n<ol>\n<li>Ensino de Ci\u00eancias Naturais e Matem\u00e1tica <\/li>\n\n\n\n<li>Leitura e Produ\u00e7\u00e3o Textual Aplicados \u00e0 Educa\u00e7\u00e3o de Jovens e Adultos<\/li>\n\n\n\n<li>Humanidades<\/li>\n<\/ol>\n\n\n\n<hr class=\"wp-block-separator has-css-opacity\" \/>\n\n\n\n<p><strong> 3. Curso de Gradua\u00e7\u00e3o<\/strong><\/p>\n\n\n\n<ol>\n<li>Bacharelado em Sistemas de Informa\u00e7\u00e3o<\/li>\n<\/ol>\n\n\n\n<hr class=\"wp-block-separator has-css-opacity\" \/>\n\n\n\n<p><strong>4. Cursos de Curta Dura\u00e7\u00e3o<\/strong><\/p>\n\n\n\n<p>\nFIC\n\u2013 Forma\u00e7\u00e3o Inicial e Continuada: edital anual com cursos de \u00e1reas\ndiversas<\/p>\n\n\n\n<hr class=\"wp-block-separator has-css-opacity\" \/>\n\n\n\n<p> <strong>5. Eventos<\/strong><\/p>\n\n\n\n<ol>\n<li>\nFeira\n\tde Ci\u00eancias\n\t<\/li>\n\n\n\n<li>\nSemin\u00e1rio\n\tda P\u00f3s-Gradua\u00e7\u00e3o e Cursos T\u00e9cnicos Subsequentes \u2013 SPGS\n\t<\/li>\n\n\n\n<li>\nCaf\u00e9\n\tcom Prosa\n\t<\/li>\n\n\n\n<li>\nFestival\n\tde Artes\n\t<\/li>\n\n\n\n<li>\nExposi\u00e7\u00e3o\n\tAgropecu\u00e1ria de Itapetinga* \n\t\n\t<\/li>\n\n\n\n<li>\nEventos\n\ttem\u00e1ticos diversos (sa\u00fade, inclus\u00e3o, outros)\n<\/li>\n<\/ol>\n\n\n\n<p>\n*Participa\u00e7\u00e3o\nno evento em estande com exposi\u00e7\u00f5es, cursos, oficinas e salas\ntem\u00e1ticas e parcerias de servi\u00e7os.<\/p>\n\n\n\n<hr class=\"wp-block-separator has-css-opacity\" \/>\n\n\n\n<p><strong>6. Participa\u00e7\u00f5es<\/strong><\/p>\n\n\n\n<p>\nParticipa\u00e7\u00f5es\nem eventos pelo territ\u00f3rio e institui\u00e7\u00f5es parcerias (ensino,\npesquisa, extens\u00e3o, cultura e outros), incluindo palestras, mesas,\nbancas.<\/p>\n\n\n\n<hr class=\"wp-block-separator has-css-opacity\" \/>\n\n\n\n<p><strong>7. Outros servi\u00e7os<\/strong><\/p>\n\n\n\n<ul>\n<li>\nProdu\u00e7\u00e3o\n\tde recursos de tecnologia assistiva\n\t<\/li>\n\n\n\n<li>\nProjetos\n\tdiversos\n<\/li>\n<\/ul>\n\n\n\n<hr class=\"wp-block-separator has-css-opacity\" \/>\n\n\n\n<p><strong>8. Servi\u00e7os em implanta\u00e7\u00e3o*<\/strong><\/p>\n\n\n\n<p>Gradua\u00e7\u00e3o<\/p>\n\n\n\n<ul>\n<li>Licenciatura em Letras Libras.<\/li>\n\n\n\n<li>Licenciatura e Bacharelado em Educa\u00e7\u00e3o F\u00edsica.<\/li>\n<\/ul>\n\n\n\n<p><\/p>\n","protected":false},"excerpt":{"rendered":"<p>IF Baiano campus Itapetinga Pautado na indissociabilidade entre ensino, pesquisa e extens\u00e3o e focado no desenvolvimento regional. 1. Cursos T\u00e9cnicos Modalidade Integrada Modalidade Subsequente Modalidade EaD 2. Cursos de P\u00f3s-Gradua\u00e7\u00e3o 3. Curso de Gradua\u00e7\u00e3o 4. Cursos de Curta Dura\u00e7\u00e3o FIC \u2013 Forma\u00e7\u00e3o Inicial e Continuada: edital anual com cursos de \u00e1reas diversas 5. Eventos *Participa\u00e7\u00e3o [&hellip;]<\/p>\n","protected":false},"author":94,"featured_media":0,"parent":0,"menu_order":0,"comment_status":"closed","ping_status":"closed","template":"","meta":[],"_links":{"self":[{"href":"https:\/\/www.ifbaiano.edu.br\/unidades\/itapetinga\/wp-json\/wp\/v2\/pages\/36255"}],"collection":[{"href":"https:\/\/www.ifbaiano.edu.br\/unidades\/itapetinga\/wp-json\/wp\/v2\/pages"}],"about":[{"href":"https:\/\/www.ifbaiano.edu.br\/unidades\/itapetinga\/wp-json\/wp\/v2\/types\/page"}],"author":[{"embeddable":true,"href":"https:\/\/www.ifbaiano.edu.br\/unidades\/itapetinga\/wp-json\/wp\/v2\/users\/94"}],"replies":[{"embeddable":true,"href":"https:\/\/www.ifbaiano.edu.br\/unidades\/itapetinga\/wp-json\/wp\/v2\/comments?post=36255"}],"version-history":[{"count":9,"href":"https:\/\/www.ifbaiano.edu.br\/unidades\/itapetinga\/wp-json\/wp\/v2\/pages\/36255\/revisions"}],"predecessor-version":[{"id":42036,"href":"https:\/\/www.ifbaiano.edu.br\/unidades\/itapetinga\/wp-json\/wp\/v2\/pages\/36255\/revisions\/42036"}],"wp:attachment":[{"href":"https:\/\/www.ifbaiano.edu.br\/unidades\/itapetinga\/wp-json\/wp\/v2\/media?parent=36255"}],"curies":[{"name":"wp","href":"https:\/\/api.w.org\/{rel}","templated":true}]}}