{"id":38,"date":"2011-05-18T18:50:36","date_gmt":"2011-05-18T18:50:36","guid":{"rendered":"http:\/\/localhost\/unidades\/bonfim\/?page_id=38"},"modified":"2024-04-18T14:55:30","modified_gmt":"2024-04-18T17:55:30","slug":"tecnico-administrativos","status":"publish","type":"page","link":"https:\/\/www.ifbaiano.edu.br\/unidades\/itapetinga\/tecnico-administrativos\/","title":{"rendered":"Corpo T\u00e9cnico Administrativo"},"content":{"rendered":"\n<p>Em, 2024, o quadro funcional do IF Baiano &#8211; Campus Itapetinga \u00e9 composto de 107 servidores, sendo 101 efetivos e 6 substitutos.<\/p>\n\n\n\n<p>O&nbsp;quadro de servidores t\u00e9cnicos administrativos em educa\u00e7\u00e3o &#8211; TAE possui 45 servidores,&nbsp;com forma\u00e7\u00e3o acad\u00eamica conforme tabela a seguir:<\/p>\n\n\n\n<figure class=\"wp-block-table\"><table><tbody><tr><td>FORMA\u00c7\u00c3O ACAD\u00caMICA<\/td><td>QUANTIDADE<\/td><\/tr><tr><td>Gradua\u00e7\u00e3o<\/td><td>06<\/td><\/tr><tr><td>Especializa\u00e7\u00e3o<\/td><td>27<\/td><\/tr><tr><td>Mestrado<\/td><td>11<\/td><\/tr><tr><td>Doutorado<\/td><td>01<\/td><\/tr><\/tbody><\/table><\/figure>\n\n\n\n<p><strong>Fonte<\/strong>: SUAP, extra\u00eddo pela servidora Adriana Oliveira<\/p>\n\n\n\n<hr class=\"wp-block-separator has-css-opacity\" \/>\n\n\n\n<p><strong>ADRIANA OLIVEIRA DE SOUZA SILVA<\/strong><\/p>\n\n\n\n<p>Assistente de Aluno<\/p>\n\n\n\n<p><strong>E-mail<\/strong>: <a href=\"mailto:abel.neto@ifbaiano.edu.br\"><\/a><a href=\"mailto:adriana.silva@ifbaiano.edu.br\">adriana.silva@ifbaiano.edu.br<\/a><\/p>\n\n\n\n<hr class=\"wp-block-separator has-css-opacity\" \/>\n\n\n\n<p><strong>ALANNE BRITO CAMPOS<\/strong><\/p>\n\n\n\n<p>Assistente de Aluno<\/p>\n\n\n\n<p><strong>E-mail<\/strong>: <a href=\"mailto:addla.oliveira@ifbaiano.edu.br\"><\/a><a href=\"mailto:allane.campos@ifbaiano.edu.br\">allane.campos@ifbaiano.edu.br<\/a><\/p>\n\n\n\n<hr class=\"wp-block-separator has-css-opacity\" \/>\n\n\n\n<p><strong>ANDRESSA SANTANA GON\u00c7ALVES<\/strong><\/p>\n\n\n\n<p>Auxiliar em Administra\u00e7\u00e3o<\/p>\n\n\n\n<p><strong>E-mail<\/strong>: <a href=\"mailto:andressa.goncalves@ifbaiano.edu.br\">andressa.goncalves@ifbaiano.edu.br<\/a><\/p>\n\n\n\n<hr class=\"wp-block-separator has-css-opacity\" \/>\n\n\n\n<p><strong>CARINE GURUNGA DE MATOS<\/strong><\/p>\n\n\n\n<p>Tradutor Interprete de Linguagem de Sinais<\/p>\n\n\n\n<p><strong>E-mail<\/strong>: <a href=\"mailto:carine.matos@ifbaiano.edu.br\">carine.matos@ifbaiano.edu.br<\/a><\/p>\n\n\n\n<hr class=\"wp-block-separator has-css-opacity\" \/>\n\n\n\n<p><strong>CARLOS HENRIQUE OLIVEIRA NASCIMENTO<\/strong><\/p>\n\n\n\n<p>T\u00e9cnico em Arquivo<\/p>\n\n\n\n<p><strong>E-mail<\/strong>: <a href=\"mailto:carlos.nascimento@ifbaiano.edu.br\">carlos.nascimento@ifbaiano.edu.br<\/a><\/p>\n\n\n\n<hr class=\"wp-block-separator has-css-opacity\" \/>\n\n\n\n<p><strong>CATIA BRITO DOS SANTOS NUNES<\/strong><\/p>\n\n\n\n<p>Assistente em Administra\u00e7\u00e3o<\/p>\n\n\n\n<p><strong>E-mail:<\/strong> <a href=\"mailto:catia.nunes@ifbaiano.edu.br\">catia.nunes@ifbaiano.edu.br<\/a><\/p>\n\n\n\n<hr class=\"wp-block-separator has-css-opacity\" \/>\n\n\n\n<p><strong>CHARLES MARQUES PEREIRA<\/strong><\/p>\n\n\n\n<p>Assistente de Aluno<\/p>\n\n\n\n<p><strong>E-mail<\/strong>: <a href=\"mailto:charles.pereira@ifbaiano.edu.br\">charles.pereira@ifbaiano.edu.br<\/a><\/p>\n\n\n\n<hr class=\"wp-block-separator has-css-opacity\" \/>\n\n\n\n<p><strong>DI PAULA FERREIRA PRADO<\/strong><\/p>\n\n\n\n<p>Assistente em Administra\u00e7\u00e3o<\/p>\n\n\n\n<p><strong>E-mail<\/strong>: <a href=\"mailto:dipaula.prado@ifbaiano.edu.br\">dipaula.prado@ifbaiano.edu.br<\/a><\/p>\n\n\n\n<hr class=\"wp-block-separator has-css-opacity\" \/>\n\n\n\n<p><strong>ED F\u00c1BIO SILVA AGAPITO<\/strong><\/p>\n\n\n\n<p>Engenheiro<\/p>\n\n\n\n<p><strong>E-mail<\/strong>: <a href=\"mailto:ed.fabio@ifbaiano.edu.br\">ed.fabio@ifbaiano.edu.br<\/a><\/p>\n\n\n\n<hr class=\"wp-block-separator has-css-opacity\" \/>\n\n\n\n<p><strong>ELZA NATHALIE PINTO PEIXOTO<\/strong><\/p>\n\n\n\n<p>Odont\u00f3logo<\/p>\n\n\n\n<p><strong>E-mail<\/strong>: <a href=\"mailto:elza.peixoto@ifbaiano.edu.br\">elza.peixoto@ifbaiano.edu.br<\/a><\/p>\n\n\n\n<hr class=\"wp-block-separator has-css-opacity\" \/>\n\n\n\n<p><strong>FAGNER RIBEIRO SANTOS<\/strong><\/p>\n\n\n\n<p>Contador<\/p>\n\n\n\n<p><strong>E-mail<\/strong>: <a href=\"mailto:fagner.santos@ifbaiano.edu.br\">agner.santos@ifbaiano.edu.br<\/a><\/p>\n\n\n\n<hr class=\"wp-block-separator has-css-opacity\" \/>\n\n\n\n<p><strong>FRED SANTANA BORBA<\/strong><\/p>\n\n\n\n<p>Assistente em Administra\u00e7\u00e3o<\/p>\n\n\n\n<p><strong>E-mail<\/strong>: <a href=\"mailto:fred.borba@ifbaiano.edu.br\">fred.borba@ifbaiano.edu.br<\/a><\/p>\n\n\n\n<hr class=\"wp-block-separator has-css-opacity\" \/>\n\n\n\n<p><strong>GRAZIELE MADUREIRA BATISTA JABUR<\/strong><\/p>\n\n\n\n<p>Assistente em Administra\u00e7\u00e3o <\/p>\n\n\n\n<p><strong>E-mail<\/strong>: <a href=\"mailto:graziele.jabur@ifbaiano.edu.br\">graziele.jabur@ifbaiano.edu.br<\/a><\/p>\n\n\n\n<hr class=\"wp-block-separator has-css-opacity\" \/>\n\n\n\n<p><strong>IANA DE OLIVEIRA SOARES<\/strong><\/p>\n\n\n\n<p>Assistente Social<\/p>\n\n\n\n<p><strong>E-mail<\/strong>: <a href=\"mailto:iana.soares@ifbaiano.edu.br\">iana.soares@ifbaiano.edu.br<\/a><\/p>\n\n\n\n<hr class=\"wp-block-separator has-css-opacity\" \/>\n\n\n\n<p><strong>IRIS SANTOS OLIVEIRA<\/strong><\/p>\n\n\n\n<p>Assistente em Administra\u00e7\u00e3o  <\/p>\n\n\n\n<p><strong>E-mail<\/strong>: <a href=\"mailto:iris.silva@ifbaiano.edu.br\">iris.silva@ifbaiano.edu.br<\/a><\/p>\n\n\n\n<hr class=\"wp-block-separator has-css-opacity\" \/>\n\n\n\n<p><strong>JAIRO SANTOS<\/strong><\/p>\n\n\n\n<p>Bibliotec\u00e1rio Documentalista<\/p>\n\n\n\n<p><strong>E-mail<\/strong>: <a href=\"mailto:jairo.santos@ifbaiano.edu.br\">jairo.santos@ifbaiano.edu.br<\/a><\/p>\n\n\n\n<hr class=\"wp-block-separator has-css-opacity\" \/>\n\n\n\n<p><strong>JANEISA BOTELHO BARROS BENEVIDES<\/strong><\/p>\n\n\n\n<p>T\u00e9cnico em Assuntos Educacionais<\/p>\n\n\n\n<p><strong>E-mail<\/strong>: <a href=\"mailto:janeisa.barros@ifbaiano.edu.br\">janeisa.barros@ifbaiano.edu.br<\/a><\/p>\n\n\n\n<hr class=\"wp-block-separator has-css-opacity\" \/>\n\n\n\n<p><strong>JANINE COUTO CRUZ MACEDO<\/strong><\/p>\n\n\n\n<p>Pedagogo<\/p>\n\n\n\n<p><strong>E-mail:<\/strong> <a href=\"mailto:janine.macedo@ifbaiano.edu.br\">janine.macedo@ifbaiano.edu.br<\/a><\/p>\n\n\n\n<hr class=\"wp-block-separator has-css-opacity\" \/>\n\n\n\n<p><strong>JORGE VIANA DOS SANTOS<\/strong><\/p>\n\n\n\n<p>Pedgogo<\/p>\n\n\n\n<p><strong>E-mail:<\/strong> <a href=\"mailto:jorge.santos@ifbaiano.edu.br\">jorge.santos@ifbaiano.edu.br<\/a><\/p>\n\n\n\n<hr class=\"wp-block-separator has-css-opacity\" \/>\n\n\n\n<p><strong>LAIANA GON\u00c7ALVES MONTEIRO<\/strong><\/p>\n\n\n\n<p>Assistente em Administra\u00e7\u00e3o<\/p>\n\n\n\n<p><strong>E-mail:<\/strong> <a href=\"mailto:laiana.monteiro@ifbaiano.edu.br\">laiana.monteiro@ifbaiano.edu.br<\/a><\/p>\n\n\n\n<hr class=\"wp-block-separator has-css-opacity\" \/>\n\n\n\n<p><strong>L\u00c1ZARO ALVES BEZERRA<\/strong><\/p>\n\n\n\n<p>Administrador<\/p>\n\n\n\n<p><strong>E-mail<\/strong>: <a href=\"mailto:lazaro.bezerra@ifbaiano.edu.br\">lazaro.bezerra@ifbaiano.edu.br<\/a><\/p>\n\n\n\n<hr class=\"wp-block-separator has-css-opacity\" \/>\n\n\n\n<p><strong>LEANDRO BRAND\u00c3O SILVA AMORIM<\/strong><\/p>\n\n\n\n<p>T\u00e9cnico em Agropecu\u00e1ria<\/p>\n\n\n\n<p><strong>E-mail<\/strong>: <a href=\"mailto:leandro.amorim@ifbaiano.edu.br\">leandro.amorim@ifbaiano.edu.br<\/a><\/p>\n\n\n\n<hr class=\"wp-block-separator has-css-opacity\" \/>\n\n\n\n<p><strong>LUCIANA GOMES SANTOS<\/strong><\/p>\n\n\n\n<p>Psic\u00f3logo<\/p>\n\n\n\n<p><strong>E-mail<\/strong>: <a href=\"mailto:luciana.gomes@ifbaiano.edu.br\">luciana.gomes@ifbaiano.edu.br<\/a><\/p>\n\n\n\n<hr class=\"wp-block-separator has-css-opacity\" \/>\n\n\n\n<p><strong>LUCIANE COSTA FERREIRA<\/strong><\/p>\n\n\n\n<p>Nutricionista<\/p>\n\n\n\n<p><strong>E-mail<\/strong>: <a href=\"mailto:luciane.ferreira@ifbaiano.edu.br\">luciane.ferreira@ifbaiano.edu.br<\/a><\/p>\n\n\n\n<hr class=\"wp-block-separator has-css-opacity\" \/>\n\n\n\n<p><strong>MARCELLA JACYARA BARRETO DE MATOS<\/strong><\/p>\n\n\n\n<p>Assistente de Laborat\u00f3rio<\/p>\n\n\n\n<p><strong>E-mail<\/strong>: <a href=\"mailto:marcella.matos@ifbaiano.edu.br\">marcella.matos@ifbaiano.edu.br<\/a><\/p>\n\n\n\n<hr class=\"wp-block-separator has-css-opacity\" \/>\n\n\n\n<p><strong>MARCELO CAVALCANTI BERTI SANJUAN<\/strong><\/p>\n\n\n\n<p>T\u00e9cnico de Tecnologia da Informa\u00e7\u00e3o<\/p>\n\n\n\n<p><strong>E-mail<\/strong>: <a href=\"mailto:marcelo.sanjuan@ifbaiano.edu.br\">marcelo.sanjuan@ifbaiano.edu.br<\/a><\/p>\n\n\n\n<hr class=\"wp-block-separator has-css-opacity\" \/>\n\n\n\n<p><strong>MARCELO FERNANDES PEREIRA DA SILVA<\/strong><\/p>\n\n\n\n<p>Engenheiro Agr\u00f4nomo<\/p>\n\n\n\n<p><strong>E-mail<\/strong>: <a href=\"mailto:marcelo.silva@ifbaiano.edu.br\">marcelo.silva@ifbaiano.edu.br<\/a><\/p>\n\n\n\n<hr class=\"wp-block-separator has-css-opacity\" \/>\n\n\n\n<p><strong>MARCO ANT\u00d4NIO MATOS SANTOS<\/strong><\/p>\n\n\n\n<p>Assistente em Administra\u00e7\u00e3o<\/p>\n\n\n\n<p><strong>E-mail<\/strong>: <a href=\"mailto:marco.santos@ifbaiano.edu.br\">marco.santos@ifbaiano.edu.br<\/a><\/p>\n\n\n\n<hr class=\"wp-block-separator has-css-opacity\" \/>\n\n\n\n<p><strong>MARCOS DE LIMA SANTOS<\/strong><\/p>\n\n\n\n<p>T\u00e9cnico em Assuntos Educacionais<\/p>\n\n\n\n<p><strong>E-mail<\/strong>: <a href=\"mailto:marcos.lima@ifbaiano.edu.br\">marcos.lima@ifbaiano.edu.br<\/a><\/p>\n\n\n\n<hr class=\"wp-block-separator has-css-opacity\" \/>\n\n\n\n<p><strong>MARCUS VIN\u00cdCIUS SILVA MAGALH\u00c3ES<\/strong><\/p>\n\n\n\n<p>T\u00e9cnico em Tecnologia da Informa\u00e7\u00e3o<\/p>\n\n\n\n<p><strong>E-mail<\/strong>: <a href=\"mailto:marcus.magalhaes@ifbaiano.edu.br\">marcus.magalhaes@ifbaiano.edu.br<\/a><\/p>\n\n\n\n<hr class=\"wp-block-separator has-css-opacity\" \/>\n\n\n\n<p><strong>MAR\u00cdLIA LESSA DOS SANTOS<\/strong><\/p>\n\n\n\n<p>Bibliotec\u00e1rio Documentalista <\/p>\n\n\n\n<p><strong>E-mail<\/strong>: <a href=\"mailto:marilia.santos@ifbaiano.edu.br\">marilia.santos@ifbaiano.edu.br<\/a><\/p>\n\n\n\n<hr class=\"wp-block-separator has-css-opacity\" \/>\n\n\n\n<p><strong>NAYRON BRITO ROCHA<\/strong><\/p>\n\n\n\n<p>T\u00e9cnico em Assuntos Educacionais<\/p>\n\n\n\n<p><strong>E-mail<\/strong>: <a href=\"mailto:nayron.rocha@ifbaiano.edu.br\">nayron.rocha@ifbaiano.edu.br<\/a><\/p>\n\n\n\n<hr class=\"wp-block-separator has-css-opacity\" \/>\n\n\n\n<p><strong>PATR\u00cdCIA ABREU DA SILVA<\/strong><\/p>\n\n\n\n<p>Revisor de Textos Brille<\/p>\n\n\n\n<p><strong>E-mail<\/strong>: <a href=\"mailto:patricia.abreu@ifbaiano.edu.br\">patricia.abreu@ifbaiano.edu.br<\/a><\/p>\n\n\n\n<hr class=\"wp-block-separator has-css-opacity\" \/>\n\n\n\n<p><strong>RAFAELLA BRAND\u00c3O DIAS<\/strong><\/p>\n\n\n\n<p>T\u00e9cnico em Enfermagem<\/p>\n\n\n\n<p><strong>E-mail<\/strong>: <a href=\"mailto:rafaella.dias@ifbaiano.edu.br\">rafaella.dias@ifbaiano.edu.br<\/a><\/p>\n\n\n\n<hr class=\"wp-block-separator has-css-opacity\" \/>\n\n\n\n<p><strong>RAVEL RODRIGUES RIBEIRO<\/strong><\/p>\n\n\n\n<p>Assistente em Administra\u00e7\u00e3o<\/p>\n\n\n\n<p><strong>E-mail<\/strong>: <a href=\"mailto:ravel.ribeiro@ifbaiano.edu.br\">ravel.ribeiro@ifbaiano.edu.br<\/a><\/p>\n\n\n\n<hr class=\"wp-block-separator has-css-opacity\" \/>\n\n\n\n<p><strong>RENATTA SOARES SOUZA<\/strong><\/p>\n\n\n\n<p>T\u00e9cnico em Alimentos e Lactic\u00ednios<\/p>\n\n\n\n<p><strong>E-mail<\/strong>: <a href=\"mailto:renatta.souza@ifbaiano.edu.br\">renatta.souza@ifbaiano.edu.br<\/a><\/p>\n\n\n\n<hr class=\"wp-block-separator has-css-opacity\" \/>\n\n\n\n<p><strong>RICARDO DIAS CARDOSO<\/strong><\/p>\n\n\n\n<p>Auxiliar em Administra\u00e7\u00e3o<\/p>\n\n\n\n<p><strong>E-mail<\/strong>: <a href=\"mailto:ricardo.cardoso@ifbaiano.edu.br\">ricardo.cardoso@ifbaiano.edu.br<\/a><\/p>\n\n\n\n<hr class=\"wp-block-separator has-css-opacity\" \/>\n\n\n\n<p><strong>RITA DE CASSIA LIMA SILVA<\/strong><\/p>\n\n\n\n<p>Assistente de Aluno<\/p>\n\n\n\n<p><strong>E-mail<\/strong>: <a href=\"mailto:rita.lima@ifbaiano.edu.br\">rita.lima@ifbaiano.edu.br<\/a><\/p>\n\n\n\n<hr class=\"wp-block-separator has-css-opacity\" \/>\n\n\n\n<p><strong>SAMUEL DE SOUZA MENDES MIRANDA<\/strong><\/p>\n\n\n\n<p>T\u00e9cnico de Laborat\u00f3rio<\/p>\n\n\n\n<p><strong>E-mail<\/strong>: <a href=\"mailto:samuel.miranda@ifbaiano.edu.br\">samuel.miranda@ifbaiano.edu.br<\/a><\/p>\n\n\n\n<hr class=\"wp-block-separator has-css-opacity\" \/>\n\n\n\n<p><strong>SANDOELTON SANTANA SILVA COELHO<\/strong><\/p>\n\n\n\n<p>Analista de Tecnologia da Informa\u00e7\u00e3o<\/p>\n\n\n\n<p><strong>E-mail<\/strong>: <a href=\"mailto:sandoelton.coelho@ifbaiano.edu.br\">sandoelton.coelho@ifbaiano.edu.br<\/a><\/p>\n\n\n\n<hr class=\"wp-block-separator has-css-opacity\" \/>\n\n\n\n<p><strong>SIRLANE SILVA OLIVEIRA<\/strong><\/p>\n\n\n\n<p>Assistente em Administra\u00e7\u00e3o<\/p>\n\n\n\n<p><strong>E-mail<\/strong>: <a href=\"mailto:sirlane.oliveira@ifbaiano.edu.br\">sirlane.oliveira@ifbaiano.edu.br<\/a><\/p>\n\n\n\n<hr class=\"wp-block-separator has-css-opacity\" \/>\n\n\n\n<p><strong>TALINE NOVAIS GAMA DOS SANTOS<\/strong><\/p>\n\n\n\n<p>T\u00e9cnico em Agropecu\u00e1ria<\/p>\n\n\n\n<p> <strong>E-mail<\/strong>: <a href=\"mailto:taline.santos@ifbaiano.edu.br\">taline.santos@ifbaiano.edu.br<\/a><\/p>\n\n\n\n<hr class=\"wp-block-separator has-css-opacity\" \/>\n\n\n\n<p><strong>V\u00c2NIA GOMES SANTOS<\/strong><\/p>\n\n\n\n<p>Enfermeiro<\/p>\n\n\n\n<p><strong>E-mail<\/strong>: <a href=\"mailto:vania.santos@ifbaiano.edu.br\">vania.santos@ifbaiano.edu.br<\/a><\/p>\n\n\n\n<hr class=\"wp-block-separator has-css-opacity\" \/>\n\n\n\n<p><strong>VERA LUCIA FERNANDES DE BRITO<\/strong><\/p>\n\n\n\n<p>Pedagogo<\/p>\n\n\n\n<p><strong>E-mail<\/strong>: <a href=\"mailto:vera.brito@ifbaiano.edu.br\">vera.brito@ifbaiano.edu.br<\/a><\/p>\n\n\n\n<hr class=\"wp-block-separator has-css-opacity\" \/>\n\n\n\n<p><strong>WAGNER DA SILVA OLIVEIRA<\/strong><\/p>\n\n\n\n<p>T\u00e9cnico em Agropecu\u00e1ria<\/p>\n\n\n\n<p><strong>E-mail<\/strong>: <a href=\"mailto:wagner.oliveira@ifbaiano.edu.br\">wagner.oliveira@ifbaiano.edu.br<\/a><\/p>\n\n\n\n<hr class=\"wp-block-separator has-css-opacity\" \/>\n\n\n\n<p><\/p>\n","protected":false},"excerpt":{"rendered":"<p>Em, 2024, o quadro funcional do IF Baiano &#8211; Campus Itapetinga \u00e9 composto de 107 servidores, sendo 101 efetivos e 6 substitutos. O&nbsp;quadro de servidores t\u00e9cnicos administrativos em educa\u00e7\u00e3o &#8211; TAE possui 45 servidores,&nbsp;com forma\u00e7\u00e3o acad\u00eamica conforme tabela a seguir: FORMA\u00c7\u00c3O ACAD\u00caMICA QUANTIDADE Gradua\u00e7\u00e3o 06 Especializa\u00e7\u00e3o 27 Mestrado 11 Doutorado 01 Fonte: SUAP, extra\u00eddo pela [&hellip;]<\/p>\n","protected":false},"author":1,"featured_media":330,"parent":0,"menu_order":0,"comment_status":"closed","ping_status":"closed","template":"","meta":[],"_links":{"self":[{"href":"https:\/\/www.ifbaiano.edu.br\/unidades\/itapetinga\/wp-json\/wp\/v2\/pages\/38"}],"collection":[{"href":"https:\/\/www.ifbaiano.edu.br\/unidades\/itapetinga\/wp-json\/wp\/v2\/pages"}],"about":[{"href":"https:\/\/www.ifbaiano.edu.br\/unidades\/itapetinga\/wp-json\/wp\/v2\/types\/page"}],"author":[{"embeddable":true,"href":"https:\/\/www.ifbaiano.edu.br\/unidades\/itapetinga\/wp-json\/wp\/v2\/users\/1"}],"replies":[{"embeddable":true,"href":"https:\/\/www.ifbaiano.edu.br\/unidades\/itapetinga\/wp-json\/wp\/v2\/comments?post=38"}],"version-history":[{"count":85,"href":"https:\/\/www.ifbaiano.edu.br\/unidades\/itapetinga\/wp-json\/wp\/v2\/pages\/38\/revisions"}],"predecessor-version":[{"id":42301,"href":"https:\/\/www.ifbaiano.edu.br\/unidades\/itapetinga\/wp-json\/wp\/v2\/pages\/38\/revisions\/42301"}],"wp:featuredmedia":[{"embeddable":true,"href":"https:\/\/www.ifbaiano.edu.br\/unidades\/itapetinga\/wp-json\/wp\/v2\/media\/330"}],"wp:attachment":[{"href":"https:\/\/www.ifbaiano.edu.br\/unidades\/itapetinga\/wp-json\/wp\/v2\/media?parent=38"}],"curies":[{"name":"wp","href":"https:\/\/api.w.org\/{rel}","templated":true}]}}