{"id":39719,"date":"2023-01-24T10:56:58","date_gmt":"2023-01-24T13:56:58","guid":{"rendered":"https:\/\/www.ifbaiano.edu.br\/unidades\/itapetinga\/?page_id=39719"},"modified":"2025-05-08T09:07:54","modified_gmt":"2025-05-08T12:07:54","slug":"pregoes-2020","status":"publish","type":"page","link":"https:\/\/www.ifbaiano.edu.br\/unidades\/itapetinga\/licitacoes-compras\/pregoes-2020\/","title":{"rendered":"Preg\u00f5es Eletr\u00f4nicos 2020"},"content":{"rendered":"\n<p><strong>Preg\u00e3o Eletr\u00f4nico (SRP) 01\/2020<\/strong><\/p>\n\n\n\n<div class=\"wp-block-file\"><a id=\"wp-block-file--media-2c66eff4-cefc-4eaa-a58b-2b4fa6d8b49f\" href=\"https:\/\/www.ifbaiano.edu.br\/unidades\/itapetinga\/files\/2020\/10\/PREGAO-ELETRONICO-SRP-01-2020-EDITAL-TR-ATA.pdf\">PREGAO-ELETRONICO-SRP-01-2020-EDITAL-TR-ATA<\/a><a href=\"https:\/\/www.ifbaiano.edu.br\/unidades\/itapetinga\/files\/2020\/10\/PREGAO-ELETRONICO-SRP-01-2020-EDITAL-TR-ATA.pdf\" class=\"wp-block-file__button wp-element-button\" download aria-describedby=\"wp-block-file--media-2c66eff4-cefc-4eaa-a58b-2b4fa6d8b49f\">Baixar<\/a><\/div>\n\n\n\n<div class=\"wp-block-file\"><a id=\"wp-block-file--media-f26afda8-e516-49be-bc21-1c3d44e6affa\" href=\"https:\/\/www.ifbaiano.edu.br\/unidades\/itapetinga\/files\/2020\/10\/RESULTADO-POR-FORNECEDOR.pdf\">RESULTADO-POR-FORNECEDOR<\/a><a href=\"https:\/\/www.ifbaiano.edu.br\/unidades\/itapetinga\/files\/2020\/10\/RESULTADO-POR-FORNECEDOR.pdf\" class=\"wp-block-file__button wp-element-button\" download aria-describedby=\"wp-block-file--media-f26afda8-e516-49be-bc21-1c3d44e6affa\">Baixar<\/a><\/div>\n\n\n\n<div class=\"wp-block-group is-layout-flow\"><div class=\"wp-block-group__inner-container\">\n<p><strong>Cota\u00e7\u00e3o Eletr\u00f4nica<\/strong><\/p>\n<\/div><\/div>\n\n\n\n<div class=\"wp-block-file\"><a id=\"wp-block-file--media-ac0f919c-77d3-468e-a8fb-e718cd431dca\" href=\"https:\/\/www.ifbaiano.edu.br\/unidades\/itapetinga\/files\/2020\/10\/COTACAO-ELETRONICA-07-2020.pdf\">COTA\u00c7\u00c3O ELETR\u00d4NICA 07-2020<\/a><a href=\"https:\/\/www.ifbaiano.edu.br\/unidades\/itapetinga\/files\/2020\/10\/COTACAO-ELETRONICA-07-2020.pdf\" class=\"wp-block-file__button wp-element-button\" download aria-describedby=\"wp-block-file--media-ac0f919c-77d3-468e-a8fb-e718cd431dca\">Baixar<\/a><\/div>\n\n\n\n<div class=\"wp-block-file\"><a id=\"wp-block-file--media-784c84c4-03cf-4fc6-8616-74fe292f3080\" href=\"https:\/\/www.ifbaiano.edu.br\/unidades\/itapetinga\/files\/2020\/10\/COTACAO-ELETRONICA-11-2020.pdf\">COTA\u00c7\u00c3O ELETR\u00d4NICA 11-2020<\/a><a href=\"https:\/\/www.ifbaiano.edu.br\/unidades\/itapetinga\/files\/2020\/10\/COTACAO-ELETRONICA-11-2020.pdf\" class=\"wp-block-file__button wp-element-button\" download aria-describedby=\"wp-block-file--media-784c84c4-03cf-4fc6-8616-74fe292f3080\">Baixar<\/a><\/div>\n\n\n\n<div class=\"wp-block-file\"><a id=\"wp-block-file--media-e0c1b983-2165-457e-b5e9-66699192d89f\" href=\"https:\/\/www.ifbaiano.edu.br\/unidades\/itapetinga\/files\/2020\/10\/COTACAO-ELETRONICA-15-2020.pdf\">COTA\u00c7\u00c3O ELETR\u00d4NICA 15-2020<\/a><a href=\"https:\/\/www.ifbaiano.edu.br\/unidades\/itapetinga\/files\/2020\/10\/COTACAO-ELETRONICA-15-2020.pdf\" class=\"wp-block-file__button wp-element-button\" download aria-describedby=\"wp-block-file--media-e0c1b983-2165-457e-b5e9-66699192d89f\">Baixar<\/a><\/div>\n\n\n\n<div class=\"wp-block-file\"><a id=\"wp-block-file--media-9f612d38-5300-4511-a11f-f3ec8e9eee3c\" href=\"https:\/\/www.ifbaiano.edu.br\/unidades\/itapetinga\/files\/2020\/10\/COTACAO-ELETRONICA-23-2020.pdf\">COTA\u00c7\u00c3O ELETR\u00d4NICA 23-2020<\/a><a href=\"https:\/\/www.ifbaiano.edu.br\/unidades\/itapetinga\/files\/2020\/10\/COTACAO-ELETRONICA-23-2020.pdf\" class=\"wp-block-file__button wp-element-button\" download aria-describedby=\"wp-block-file--media-9f612d38-5300-4511-a11f-f3ec8e9eee3c\">Baixar<\/a><\/div>\n\n\n\n<p><\/p>\n\n\n\n<div class=\"wp-block-group is-layout-flow\"><div class=\"wp-block-group__inner-container\">\n<p><strong>Ades\u00e3o \u00e0 Ata de Registro de Pre\u00e7o<\/strong><\/p>\n<\/div><\/div>\n\n\n\n<div class=\"wp-block-file\"><a id=\"wp-block-file--media-86381233-a79d-4dac-afc8-b10c86efe227\" href=\"https:\/\/www.ifbaiano.edu.br\/unidades\/itapetinga\/files\/2020\/10\/ADESAO-A-ATA-01-2020.pdf\">ADES\u00c3O \u00c0 ATA &#8211; 01-2020<\/a><a href=\"https:\/\/www.ifbaiano.edu.br\/unidades\/itapetinga\/files\/2020\/10\/ADESAO-A-ATA-01-2020.pdf\" class=\"wp-block-file__button wp-element-button\" download aria-describedby=\"wp-block-file--media-86381233-a79d-4dac-afc8-b10c86efe227\">Baixar<\/a><\/div>\n\n\n\n<div class=\"wp-block-file\"><a id=\"wp-block-file--media-3223e163-67b1-4bbd-8d2f-018040139c3a\" href=\"https:\/\/www.ifbaiano.edu.br\/unidades\/itapetinga\/files\/2020\/10\/ADESAO-A-ATA-02-2020.pdf\">ADES\u00c3O \u00c0 ATA &#8211; 02-2020<\/a><a href=\"https:\/\/www.ifbaiano.edu.br\/unidades\/itapetinga\/files\/2020\/10\/ADESAO-A-ATA-02-2020.pdf\" class=\"wp-block-file__button wp-element-button\" download aria-describedby=\"wp-block-file--media-3223e163-67b1-4bbd-8d2f-018040139c3a\">Baixar<\/a><\/div>\n\n\n\n<div class=\"wp-block-file\"><a id=\"wp-block-file--media-7b252f71-5c76-4595-a983-8c2a22d48cdb\" href=\"https:\/\/www.ifbaiano.edu.br\/unidades\/itapetinga\/files\/2020\/10\/ADESAO-A-ATA-03-2020.pdf\">ADES\u00c3O \u00c0 ATA &#8211; 03-2020<\/a><a href=\"https:\/\/www.ifbaiano.edu.br\/unidades\/itapetinga\/files\/2020\/10\/ADESAO-A-ATA-03-2020.pdf\" class=\"wp-block-file__button wp-element-button\" download aria-describedby=\"wp-block-file--media-7b252f71-5c76-4595-a983-8c2a22d48cdb\">Baixar<\/a><\/div>\n\n\n\n<div class=\"wp-block-file\"><a id=\"wp-block-file--media-70d977a5-7cc9-4e99-92bf-b8cfed642416\" href=\"https:\/\/www.ifbaiano.edu.br\/unidades\/itapetinga\/files\/2020\/10\/ADESAO-A-ATA-04-2020.pdf\">ADES\u00c3O \u00c0 ATA &#8211; 04-2020<\/a><a href=\"https:\/\/www.ifbaiano.edu.br\/unidades\/itapetinga\/files\/2020\/10\/ADESAO-A-ATA-04-2020.pdf\" class=\"wp-block-file__button wp-element-button\" download aria-describedby=\"wp-block-file--media-70d977a5-7cc9-4e99-92bf-b8cfed642416\">Baixar<\/a><\/div>\n\n\n\n<div class=\"wp-block-file\"><a id=\"wp-block-file--media-5f91cacf-24fa-4b55-b005-c2450edb762c\" href=\"https:\/\/www.ifbaiano.edu.br\/unidades\/itapetinga\/files\/2020\/10\/ADESAO-A-ATA-06-2020.pdf\">ADES\u00c3O \u00c0 ATA &#8211; 06-2020<\/a><a href=\"https:\/\/www.ifbaiano.edu.br\/unidades\/itapetinga\/files\/2020\/10\/ADESAO-A-ATA-06-2020.pdf\" class=\"wp-block-file__button wp-element-button\" download aria-describedby=\"wp-block-file--media-5f91cacf-24fa-4b55-b005-c2450edb762c\">Baixar<\/a><\/div>\n\n\n\n<div class=\"wp-block-file\"><a id=\"wp-block-file--media-54d00e61-748d-4144-82bd-993dbc785502\" href=\"https:\/\/www.ifbaiano.edu.br\/unidades\/itapetinga\/files\/2020\/10\/ADESAO-A-ATA-07-2020.pdf\">ADES\u00c3O \u00c0 ATA &#8211; 07-2020<\/a><a href=\"https:\/\/www.ifbaiano.edu.br\/unidades\/itapetinga\/files\/2020\/10\/ADESAO-A-ATA-07-2020.pdf\" class=\"wp-block-file__button wp-element-button\" download aria-describedby=\"wp-block-file--media-54d00e61-748d-4144-82bd-993dbc785502\">Baixar<\/a><\/div>\n\n\n\n<div class=\"wp-block-file\"><a id=\"wp-block-file--media-2d5d05ee-ea3c-4d43-bae3-1209c6dfddb1\" href=\"https:\/\/www.ifbaiano.edu.br\/unidades\/itapetinga\/files\/2020\/10\/ADESAO-A-ATA-09-2020.pdf\">ADES\u00c3O \u00c0 ATA &#8211; 09-2020<\/a><a href=\"https:\/\/www.ifbaiano.edu.br\/unidades\/itapetinga\/files\/2020\/10\/ADESAO-A-ATA-09-2020.pdf\" class=\"wp-block-file__button wp-element-button\" download aria-describedby=\"wp-block-file--media-2d5d05ee-ea3c-4d43-bae3-1209c6dfddb1\">Baixar<\/a><\/div>\n\n\n\n<div class=\"wp-block-file\"><a id=\"wp-block-file--media-4f7b3c7b-82e2-4cde-b11f-69b4e60fed22\" href=\"https:\/\/www.ifbaiano.edu.br\/unidades\/itapetinga\/files\/2020\/10\/ADESAO-A-ATA-09-2020.pdf\">ADES\u00c3O \u00c0 ATA &#8211; 09-2020<\/a><a href=\"https:\/\/www.ifbaiano.edu.br\/unidades\/itapetinga\/files\/2020\/10\/ADESAO-A-ATA-09-2020.pdf\" class=\"wp-block-file__button wp-element-button\" download aria-describedby=\"wp-block-file--media-4f7b3c7b-82e2-4cde-b11f-69b4e60fed22\">Baixar<\/a><\/div>\n\n\n\n<div class=\"wp-block-file\"><a id=\"wp-block-file--media-40fa70ca-4392-421d-ad02-c8dd1ad8446e\" href=\"https:\/\/www.ifbaiano.edu.br\/unidades\/itapetinga\/files\/2020\/10\/ADESAO-A-ATA-10-2020.pdf\">ADES\u00c3O \u00c0 ATA -10-2020<\/a><a href=\"https:\/\/www.ifbaiano.edu.br\/unidades\/itapetinga\/files\/2020\/10\/ADESAO-A-ATA-10-2020.pdf\" class=\"wp-block-file__button wp-element-button\" download aria-describedby=\"wp-block-file--media-40fa70ca-4392-421d-ad02-c8dd1ad8446e\">Baixar<\/a><\/div>\n","protected":false},"excerpt":{"rendered":"<p>Preg\u00e3o Eletr\u00f4nico (SRP) 01\/2020 Cota\u00e7\u00e3o Eletr\u00f4nica Ades\u00e3o \u00e0 Ata de Registro de Pre\u00e7o<\/p>\n","protected":false},"author":158,"featured_media":0,"parent":32709,"menu_order":0,"comment_status":"closed","ping_status":"closed","template":"","meta":[],"_links":{"self":[{"href":"https:\/\/www.ifbaiano.edu.br\/unidades\/itapetinga\/wp-json\/wp\/v2\/pages\/39719"}],"collection":[{"href":"https:\/\/www.ifbaiano.edu.br\/unidades\/itapetinga\/wp-json\/wp\/v2\/pages"}],"about":[{"href":"https:\/\/www.ifbaiano.edu.br\/unidades\/itapetinga\/wp-json\/wp\/v2\/types\/page"}],"author":[{"embeddable":true,"href":"https:\/\/www.ifbaiano.edu.br\/unidades\/itapetinga\/wp-json\/wp\/v2\/users\/158"}],"replies":[{"embeddable":true,"href":"https:\/\/www.ifbaiano.edu.br\/unidades\/itapetinga\/wp-json\/wp\/v2\/comments?post=39719"}],"version-history":[{"count":4,"href":"https:\/\/www.ifbaiano.edu.br\/unidades\/itapetinga\/wp-json\/wp\/v2\/pages\/39719\/revisions"}],"predecessor-version":[{"id":44107,"href":"https:\/\/www.ifbaiano.edu.br\/unidades\/itapetinga\/wp-json\/wp\/v2\/pages\/39719\/revisions\/44107"}],"up":[{"embeddable":true,"href":"https:\/\/www.ifbaiano.edu.br\/unidades\/itapetinga\/wp-json\/wp\/v2\/pages\/32709"}],"wp:attachment":[{"href":"https:\/\/www.ifbaiano.edu.br\/unidades\/itapetinga\/wp-json\/wp\/v2\/media?parent=39719"}],"curies":[{"name":"wp","href":"https:\/\/api.w.org\/{rel}","templated":true}]}}