{"id":39963,"date":"2023-01-25T09:35:09","date_gmt":"2023-01-25T12:35:09","guid":{"rendered":"https:\/\/www.ifbaiano.edu.br\/unidades\/itapetinga\/?page_id=39963"},"modified":"2023-01-25T09:35:10","modified_gmt":"2023-01-25T12:35:10","slug":"inexigibilidade-de-licitacao-2022","status":"publish","type":"page","link":"https:\/\/www.ifbaiano.edu.br\/unidades\/itapetinga\/licitacoes-compras\/inexigibilidade-de-licitacao-2022\/","title":{"rendered":"Inexigibilidade de Licita\u00e7\u00e3o 2022"},"content":{"rendered":"\n<p><strong>Inexigibilidade de licita\u00e7\u00e3o 1-2022<\/strong> &#8211; Contrata\u00e7\u00e3o de curso (virtual) de capacita\u00e7\u00e3o sobre Planilha de Custos e Forma\u00e7\u00e3o de Pre\u00e7os para atender a necessidade do setor de Licita\u00e7\u00e3o.<\/p>\n\n\n\n<div class=\"wp-block-file\"><a href=\"https:\/\/www.ifbaiano.edu.br\/unidades\/itapetinga\/files\/2023\/01\/Projeto-Basico-30.pdf\">Projeto-Basico-30<\/a><a href=\"https:\/\/www.ifbaiano.edu.br\/unidades\/itapetinga\/files\/2023\/01\/Projeto-Basico-30.pdf\" class=\"wp-block-file__button\" download>Baixar<\/a><\/div>\n\n\n\n<div class=\"wp-block-file\"><a href=\"https:\/\/www.ifbaiano.edu.br\/unidades\/itapetinga\/files\/2023\/01\/Selecao-de-Fornecedor-20.pdf\">Selecao-de-Fornecedor-20<\/a><a href=\"https:\/\/www.ifbaiano.edu.br\/unidades\/itapetinga\/files\/2023\/01\/Selecao-de-Fornecedor-20.pdf\" class=\"wp-block-file__button\" download>Baixar<\/a><\/div>\n\n\n\n<hr class=\"wp-block-separator\" \/>\n\n\n\n<p> <strong>Inexigibilidade de licita\u00e7\u00e3o 2-2022<\/strong> &#8211; Contrata\u00e7\u00e3o de empresa para capacita\u00e7\u00e3o de servidor (setor Licita\u00e7\u00e3o \u2013 inscri\u00e7\u00e3o de um servidor) por meio de curso EAD referente a Preg\u00e3o Eletr\u00f4nico.<\/p>\n\n\n\n<div class=\"wp-block-file\"><a href=\"https:\/\/www.ifbaiano.edu.br\/unidades\/itapetinga\/files\/2023\/01\/Termo_de_Referencia-2.pdf\">Termo_de_Referencia-2<\/a><a href=\"https:\/\/www.ifbaiano.edu.br\/unidades\/itapetinga\/files\/2023\/01\/Termo_de_Referencia-2.pdf\" class=\"wp-block-file__button\" download>Baixar<\/a><\/div>\n\n\n\n<div class=\"wp-block-file\"><a href=\"https:\/\/www.ifbaiano.edu.br\/unidades\/itapetinga\/files\/2023\/01\/Selecao-de-Fornecedor-21.pdf\">Selecao-de-Fornecedor-21<\/a><a href=\"https:\/\/www.ifbaiano.edu.br\/unidades\/itapetinga\/files\/2023\/01\/Selecao-de-Fornecedor-21.pdf\" class=\"wp-block-file__button\" download>Baixar<\/a><\/div>\n\n\n\n<hr class=\"wp-block-separator\" \/>\n","protected":false},"excerpt":{"rendered":"<p>Inexigibilidade de licita\u00e7\u00e3o 1-2022 &#8211; Contrata\u00e7\u00e3o de curso (virtual) de capacita\u00e7\u00e3o sobre Planilha de Custos e Forma\u00e7\u00e3o de Pre\u00e7os para atender a necessidade do setor de Licita\u00e7\u00e3o. Inexigibilidade de licita\u00e7\u00e3o 2-2022 &#8211; Contrata\u00e7\u00e3o de empresa para capacita\u00e7\u00e3o de servidor (setor Licita\u00e7\u00e3o \u2013 inscri\u00e7\u00e3o de um servidor) por meio de curso EAD referente a Preg\u00e3o Eletr\u00f4nico.<\/p>\n","protected":false},"author":158,"featured_media":0,"parent":32709,"menu_order":0,"comment_status":"closed","ping_status":"closed","template":"","meta":[],"_links":{"self":[{"href":"https:\/\/www.ifbaiano.edu.br\/unidades\/itapetinga\/wp-json\/wp\/v2\/pages\/39963"}],"collection":[{"href":"https:\/\/www.ifbaiano.edu.br\/unidades\/itapetinga\/wp-json\/wp\/v2\/pages"}],"about":[{"href":"https:\/\/www.ifbaiano.edu.br\/unidades\/itapetinga\/wp-json\/wp\/v2\/types\/page"}],"author":[{"embeddable":true,"href":"https:\/\/www.ifbaiano.edu.br\/unidades\/itapetinga\/wp-json\/wp\/v2\/users\/158"}],"replies":[{"embeddable":true,"href":"https:\/\/www.ifbaiano.edu.br\/unidades\/itapetinga\/wp-json\/wp\/v2\/comments?post=39963"}],"version-history":[{"count":1,"href":"https:\/\/www.ifbaiano.edu.br\/unidades\/itapetinga\/wp-json\/wp\/v2\/pages\/39963\/revisions"}],"predecessor-version":[{"id":39968,"href":"https:\/\/www.ifbaiano.edu.br\/unidades\/itapetinga\/wp-json\/wp\/v2\/pages\/39963\/revisions\/39968"}],"up":[{"embeddable":true,"href":"https:\/\/www.ifbaiano.edu.br\/unidades\/itapetinga\/wp-json\/wp\/v2\/pages\/32709"}],"wp:attachment":[{"href":"https:\/\/www.ifbaiano.edu.br\/unidades\/itapetinga\/wp-json\/wp\/v2\/media?parent=39963"}],"curies":[{"name":"wp","href":"https:\/\/api.w.org\/{rel}","templated":true}]}}