{"id":39974,"date":"2023-01-25T12:12:12","date_gmt":"2023-01-25T15:12:12","guid":{"rendered":"https:\/\/www.ifbaiano.edu.br\/unidades\/itapetinga\/?page_id=39974"},"modified":"2023-01-25T12:12:13","modified_gmt":"2023-01-25T15:12:13","slug":"adesao-a-ata-de-registro-de-precos-2022","status":"publish","type":"page","link":"https:\/\/www.ifbaiano.edu.br\/unidades\/itapetinga\/licitacoes-compras\/adesao-a-ata-de-registro-de-precos-2022\/","title":{"rendered":"Ades\u00e3o \u00e0 Ata de Registro de Pre\u00e7os 2022"},"content":{"rendered":"\n<p><strong>Aquisi\u00e7\u00e3o de insumos odontol\u00f3gicos<\/strong><\/p>\n\n\n\n<div class=\"wp-block-file\"><a href=\"https:\/\/www.ifbaiano.edu.br\/unidades\/itapetinga\/files\/2023\/01\/Edital-e-Termo-de-Referencia.pdf\">Edital-e-Termo-de-Referencia<\/a><a href=\"https:\/\/www.ifbaiano.edu.br\/unidades\/itapetinga\/files\/2023\/01\/Edital-e-Termo-de-Referencia.pdf\" class=\"wp-block-file__button\" download>Baixar<\/a><\/div>\n\n\n\n<div class=\"wp-block-file\"><a href=\"https:\/\/www.ifbaiano.edu.br\/unidades\/itapetinga\/files\/2023\/01\/SIASGnet-Ata.pdf\">SIASGnet-Ata<\/a><a href=\"https:\/\/www.ifbaiano.edu.br\/unidades\/itapetinga\/files\/2023\/01\/SIASGnet-Ata.pdf\" class=\"wp-block-file__button\" download>Baixar<\/a><\/div>\n\n\n\n<hr class=\"wp-block-separator\" \/>\n\n\n\n<p><strong>Contrata\u00e7\u00e3o de servi\u00e7o de Tradutor-Int\u00e9rprete de Libras<\/strong><\/p>\n\n\n\n<div class=\"wp-block-file\"><a href=\"https:\/\/www.ifbaiano.edu.br\/unidades\/itapetinga\/files\/2023\/01\/Edital-e-Termo-de-Referencia-1.pdf\">Edital-e-Termo-de-Referencia-1<\/a><a href=\"https:\/\/www.ifbaiano.edu.br\/unidades\/itapetinga\/files\/2023\/01\/Edital-e-Termo-de-Referencia-1.pdf\" class=\"wp-block-file__button\" download>Baixar<\/a><\/div>\n\n\n\n<div class=\"wp-block-file\"><a href=\"https:\/\/www.ifbaiano.edu.br\/unidades\/itapetinga\/files\/2023\/01\/SIASGnet-Ata-1.pdf\">SIASGnet-Ata-1<\/a><a href=\"https:\/\/www.ifbaiano.edu.br\/unidades\/itapetinga\/files\/2023\/01\/SIASGnet-Ata-1.pdf\" class=\"wp-block-file__button\" download>Baixar<\/a><\/div>\n\n\n\n<hr class=\"wp-block-separator\" \/>\n","protected":false},"excerpt":{"rendered":"<p>Aquisi\u00e7\u00e3o de insumos odontol\u00f3gicos Contrata\u00e7\u00e3o de servi\u00e7o de Tradutor-Int\u00e9rprete de Libras<\/p>\n","protected":false},"author":158,"featured_media":0,"parent":32709,"menu_order":0,"comment_status":"closed","ping_status":"closed","template":"","meta":[],"_links":{"self":[{"href":"https:\/\/www.ifbaiano.edu.br\/unidades\/itapetinga\/wp-json\/wp\/v2\/pages\/39974"}],"collection":[{"href":"https:\/\/www.ifbaiano.edu.br\/unidades\/itapetinga\/wp-json\/wp\/v2\/pages"}],"about":[{"href":"https:\/\/www.ifbaiano.edu.br\/unidades\/itapetinga\/wp-json\/wp\/v2\/types\/page"}],"author":[{"embeddable":true,"href":"https:\/\/www.ifbaiano.edu.br\/unidades\/itapetinga\/wp-json\/wp\/v2\/users\/158"}],"replies":[{"embeddable":true,"href":"https:\/\/www.ifbaiano.edu.br\/unidades\/itapetinga\/wp-json\/wp\/v2\/comments?post=39974"}],"version-history":[{"count":1,"href":"https:\/\/www.ifbaiano.edu.br\/unidades\/itapetinga\/wp-json\/wp\/v2\/pages\/39974\/revisions"}],"predecessor-version":[{"id":39979,"href":"https:\/\/www.ifbaiano.edu.br\/unidades\/itapetinga\/wp-json\/wp\/v2\/pages\/39974\/revisions\/39979"}],"up":[{"embeddable":true,"href":"https:\/\/www.ifbaiano.edu.br\/unidades\/itapetinga\/wp-json\/wp\/v2\/pages\/32709"}],"wp:attachment":[{"href":"https:\/\/www.ifbaiano.edu.br\/unidades\/itapetinga\/wp-json\/wp\/v2\/media?parent=39974"}],"curies":[{"name":"wp","href":"https:\/\/api.w.org\/{rel}","templated":true}]}}