{"id":40191,"date":"2023-01-31T15:43:46","date_gmt":"2023-01-31T18:43:46","guid":{"rendered":"https:\/\/www.ifbaiano.edu.br\/unidades\/itapetinga\/?page_id=40191"},"modified":"2023-01-31T15:49:21","modified_gmt":"2023-01-31T18:49:21","slug":"laboratorios","status":"publish","type":"page","link":"https:\/\/www.ifbaiano.edu.br\/unidades\/itapetinga\/galeria-de-fotos\/laboratorios\/","title":{"rendered":"Laborat\u00f3rios"},"content":{"rendered":"\n<p class=\"has-medium-font-size\"><strong>Laborat\u00f3rios de Inform\u00e1tica<\/strong><\/p>\n\n\n\n<p><\/p>\n\n\n\n<div class=\"wp-block-image\"><figure class=\"aligncenter size-full is-resized\"><a href=\"https:\/\/www.ifbaiano.edu.br\/unidades\/itapetinga\/files\/2023\/01\/WhatsApp-Image-2023-01-31-at-11.17.44-AM.jpeg\"><img decoding=\"async\" loading=\"lazy\" src=\"https:\/\/www.ifbaiano.edu.br\/unidades\/itapetinga\/files\/2023\/01\/WhatsApp-Image-2023-01-31-at-11.17.44-AM.jpeg\" alt=\"\" class=\"wp-image-40192\" width=\"625\" height=\"239\" \/><\/a><figcaption>LAB.124<\/figcaption><\/figure><\/div>\n\n\n\n<div class=\"wp-block-image\"><figure class=\"aligncenter size-full is-resized\"><a href=\"https:\/\/www.ifbaiano.edu.br\/unidades\/itapetinga\/files\/2023\/01\/WhatsApp-Image-2023-01-31-at-11.17.45-AM-3.jpeg\"><img decoding=\"async\" loading=\"lazy\" src=\"https:\/\/www.ifbaiano.edu.br\/unidades\/itapetinga\/files\/2023\/01\/WhatsApp-Image-2023-01-31-at-11.17.45-AM-3.jpeg\" alt=\"\" class=\"wp-image-40196\" width=\"641\" height=\"243\" \/><\/a><figcaption>LAB.118<\/figcaption><\/figure><\/div>\n\n\n\n<div class=\"wp-block-image\"><figure class=\"aligncenter size-full is-resized\"><a href=\"https:\/\/www.ifbaiano.edu.br\/unidades\/itapetinga\/files\/2023\/01\/WhatsApp-Image-2023-01-31-at-11.17.45-AM-1-1.jpeg\"><img decoding=\"async\" loading=\"lazy\" src=\"https:\/\/www.ifbaiano.edu.br\/unidades\/itapetinga\/files\/2023\/01\/WhatsApp-Image-2023-01-31-at-11.17.45-AM-1-1.jpeg\" alt=\"\" class=\"wp-image-40197\" width=\"649\" height=\"323\" \/><\/a><figcaption>LAB.115<\/figcaption><\/figure><\/div>\n\n\n\n<hr class=\"wp-block-separator\" \/>\n\n\n\n<p class=\"has-medium-font-size\"><strong> Laborat\u00f3rios de Biologia, Qu\u00edmica e F\u00edsica<\/strong><\/p>\n\n\n\n<div class=\"wp-block-image\"><figure class=\"aligncenter size-full is-resized\"><a href=\"https:\/\/www.ifbaiano.edu.br\/unidades\/itapetinga\/files\/2023\/01\/WhatsApp-Image-2023-01-31-at-3.28.24-PM.jpeg\"><img decoding=\"async\" loading=\"lazy\" src=\"https:\/\/www.ifbaiano.edu.br\/unidades\/itapetinga\/files\/2023\/01\/WhatsApp-Image-2023-01-31-at-3.28.24-PM.jpeg\" alt=\"\" class=\"wp-image-40198\" width=\"650\" height=\"366\" \/><\/a><figcaption>LAB. QU\u00cdMICA<\/figcaption><\/figure><\/div>\n\n\n\n<div class=\"wp-block-image\"><figure class=\"aligncenter size-full is-resized\"><a href=\"https:\/\/www.ifbaiano.edu.br\/unidades\/itapetinga\/files\/2023\/01\/WhatsApp-Image-2023-01-31-at-3.28.25-PM-1.jpeg\"><img decoding=\"async\" loading=\"lazy\" src=\"https:\/\/www.ifbaiano.edu.br\/unidades\/itapetinga\/files\/2023\/01\/WhatsApp-Image-2023-01-31-at-3.28.25-PM-1.jpeg\" alt=\"\" class=\"wp-image-40202\" width=\"654\" height=\"367\" \/><\/a><figcaption>LAB. BIOLOGIA<\/figcaption><\/figure><\/div>\n\n\n\n<div class=\"wp-block-image\"><figure class=\"aligncenter size-full is-resized\"><a href=\"https:\/\/www.ifbaiano.edu.br\/unidades\/itapetinga\/files\/2023\/01\/WhatsApp-Image-2023-01-31-at-3.28.25-PM-5.jpeg\"><img decoding=\"async\" loading=\"lazy\" src=\"https:\/\/www.ifbaiano.edu.br\/unidades\/itapetinga\/files\/2023\/01\/WhatsApp-Image-2023-01-31-at-3.28.25-PM-5.jpeg\" alt=\"\" class=\"wp-image-40201\" width=\"657\" height=\"654\" \/><\/a><figcaption>LAB.F\u00cdSICA<\/figcaption><\/figure><\/div>\n\n\n\n<hr class=\"wp-block-separator\" \/>\n","protected":false},"excerpt":{"rendered":"<p>Laborat\u00f3rios de Inform\u00e1tica Laborat\u00f3rios de Biologia, Qu\u00edmica e F\u00edsica<\/p>\n","protected":false},"author":158,"featured_media":0,"parent":32684,"menu_order":0,"comment_status":"closed","ping_status":"closed","template":"","meta":[],"_links":{"self":[{"href":"https:\/\/www.ifbaiano.edu.br\/unidades\/itapetinga\/wp-json\/wp\/v2\/pages\/40191"}],"collection":[{"href":"https:\/\/www.ifbaiano.edu.br\/unidades\/itapetinga\/wp-json\/wp\/v2\/pages"}],"about":[{"href":"https:\/\/www.ifbaiano.edu.br\/unidades\/itapetinga\/wp-json\/wp\/v2\/types\/page"}],"author":[{"embeddable":true,"href":"https:\/\/www.ifbaiano.edu.br\/unidades\/itapetinga\/wp-json\/wp\/v2\/users\/158"}],"replies":[{"embeddable":true,"href":"https:\/\/www.ifbaiano.edu.br\/unidades\/itapetinga\/wp-json\/wp\/v2\/comments?post=40191"}],"version-history":[{"count":7,"href":"https:\/\/www.ifbaiano.edu.br\/unidades\/itapetinga\/wp-json\/wp\/v2\/pages\/40191\/revisions"}],"predecessor-version":[{"id":40212,"href":"https:\/\/www.ifbaiano.edu.br\/unidades\/itapetinga\/wp-json\/wp\/v2\/pages\/40191\/revisions\/40212"}],"up":[{"embeddable":true,"href":"https:\/\/www.ifbaiano.edu.br\/unidades\/itapetinga\/wp-json\/wp\/v2\/pages\/32684"}],"wp:attachment":[{"href":"https:\/\/www.ifbaiano.edu.br\/unidades\/itapetinga\/wp-json\/wp\/v2\/media?parent=40191"}],"curies":[{"name":"wp","href":"https:\/\/api.w.org\/{rel}","templated":true}]}}