{"id":40418,"date":"2023-02-14T09:22:47","date_gmt":"2023-02-14T12:22:47","guid":{"rendered":"https:\/\/www.ifbaiano.edu.br\/unidades\/itapetinga\/?page_id=40418"},"modified":"2023-02-14T09:27:47","modified_gmt":"2023-02-14T12:27:47","slug":"semana-nacional-ciencia-2019","status":"publish","type":"page","link":"https:\/\/www.ifbaiano.edu.br\/unidades\/itapetinga\/certificados\/semana-nacional-ciencia-2019\/","title":{"rendered":"Semana Nacional da Ci\u00eancia 2019"},"content":{"rendered":"\n<div class=\"wp-block-file\"><a href=\"https:\/\/www.ifbaiano.edu.br\/unidades\/itapetinga\/files\/2020\/10\/Apresenta\u00e7\u00e3o-de-Trabalhos-1.pdf\">Apresenta\u00e7\u00e3o-de-Trabalhos-1<\/a><a href=\"https:\/\/www.ifbaiano.edu.br\/unidades\/itapetinga\/files\/2020\/10\/Apresenta\u00e7\u00e3o-de-Trabalhos-1.pdf\" class=\"wp-block-file__button\" download>Baixar<\/a><\/div>\n\n\n\n<div class=\"wp-block-file\"><a href=\"https:\/\/www.ifbaiano.edu.br\/unidades\/itapetinga\/files\/2020\/10\/Avaliadores.pdf\">Avaliadores<\/a><a href=\"https:\/\/www.ifbaiano.edu.br\/unidades\/itapetinga\/files\/2020\/10\/Avaliadores.pdf\" class=\"wp-block-file__button\" download>Baixar<\/a><\/div>\n\n\n\n<div class=\"wp-block-file\"><a href=\"https:\/\/www.ifbaiano.edu.br\/unidades\/itapetinga\/files\/2020\/10\/Comiss\u00e3o-Organizadora.pdf\">Comiss\u00e3o-Organizadora<\/a><a href=\"https:\/\/www.ifbaiano.edu.br\/unidades\/itapetinga\/files\/2020\/10\/Comiss\u00e3o-Organizadora.pdf\" class=\"wp-block-file__button\" download>Baixar<\/a><\/div>\n\n\n\n<div class=\"wp-block-file\"><a href=\"https:\/\/www.ifbaiano.edu.br\/unidades\/itapetinga\/files\/2020\/10\/Exposi\u00e7\u00e3o-de-artes.pdf\">Exposi\u00e7\u00e3o-de-artes<\/a><a href=\"https:\/\/www.ifbaiano.edu.br\/unidades\/itapetinga\/files\/2020\/10\/Exposi\u00e7\u00e3o-de-artes.pdf\" class=\"wp-block-file__button\" download>Baixar<\/a><\/div>\n\n\n\n<div class=\"wp-block-file\"><a href=\"https:\/\/www.ifbaiano.edu.br\/unidades\/itapetinga\/files\/2020\/10\/Exposi\u00e7\u00e3o-de-mostra-gastron\u00f4mica.pdf\">Exposi\u00e7\u00e3o-de-mostra-gastron\u00f4mica<\/a><a href=\"https:\/\/www.ifbaiano.edu.br\/unidades\/itapetinga\/files\/2020\/10\/Exposi\u00e7\u00e3o-de-mostra-gastron\u00f4mica.pdf\" class=\"wp-block-file__button\" download>Baixar<\/a><\/div>\n\n\n\n<div class=\"wp-block-file\"><a href=\"https:\/\/www.ifbaiano.edu.br\/unidades\/itapetinga\/files\/2020\/10\/Exposi\u00e7\u00e3o-Fotogr\u00e1fica.pdf\">Exposi\u00e7\u00e3o-Fotogr\u00e1fica<\/a><a href=\"https:\/\/www.ifbaiano.edu.br\/unidades\/itapetinga\/files\/2020\/10\/Exposi\u00e7\u00e3o-Fotogr\u00e1fica.pdf\" class=\"wp-block-file__button\" download>Baixar<\/a><\/div>\n\n\n\n<div class=\"wp-block-file\"><a href=\"https:\/\/www.ifbaiano.edu.br\/unidades\/itapetinga\/files\/2020\/10\/Men\u00e7\u00e3o-Honrosa-1-LUGAR.pdf\">Men\u00e7\u00e3o-Honrosa-1-LUGAR<\/a><a href=\"https:\/\/www.ifbaiano.edu.br\/unidades\/itapetinga\/files\/2020\/10\/Men\u00e7\u00e3o-Honrosa-1-LUGAR.pdf\" class=\"wp-block-file__button\" download>Baixar<\/a><\/div>\n\n\n\n<div class=\"wp-block-file\"><a href=\"https:\/\/www.ifbaiano.edu.br\/unidades\/itapetinga\/files\/2020\/10\/Men\u00e7\u00e3o-Honrosa-2-LUGAR.pdf\">Men\u00e7\u00e3o-Honrosa-2-LUGAR<\/a><a href=\"https:\/\/www.ifbaiano.edu.br\/unidades\/itapetinga\/files\/2020\/10\/Men\u00e7\u00e3o-Honrosa-2-LUGAR.pdf\" class=\"wp-block-file__button\" download>Baixar<\/a><\/div>\n\n\n\n<div class=\"wp-block-file\"><a href=\"https:\/\/www.ifbaiano.edu.br\/unidades\/itapetinga\/files\/2020\/10\/Men\u00e7\u00e3o-Honrosa-3-LUGAR.pdf\">Men\u00e7\u00e3o-Honrosa-3-LUGAR<\/a><a href=\"https:\/\/www.ifbaiano.edu.br\/unidades\/itapetinga\/files\/2020\/10\/Men\u00e7\u00e3o-Honrosa-3-LUGAR.pdf\" class=\"wp-block-file__button\" download>Baixar<\/a><\/div>\n\n\n\n<div class=\"wp-block-file\"><a href=\"https:\/\/www.ifbaiano.edu.br\/unidades\/itapetinga\/files\/2020\/10\/Minicurso-Controle-alternativo-de-pragas.pdf\">Minicurso-Controle-alternativo-de-pragas<\/a><a href=\"https:\/\/www.ifbaiano.edu.br\/unidades\/itapetinga\/files\/2020\/10\/Minicurso-Controle-alternativo-de-pragas.pdf\" class=\"wp-block-file__button\" download>Baixar<\/a><\/div>\n\n\n\n<div class=\"wp-block-file\"><a href=\"https:\/\/www.ifbaiano.edu.br\/unidades\/itapetinga\/files\/2020\/10\/Minicurso-Introd-a-Robotica.pdf\">Minicurso-Introd-a-Robotica<\/a><a href=\"https:\/\/www.ifbaiano.edu.br\/unidades\/itapetinga\/files\/2020\/10\/Minicurso-Introd-a-Robotica.pdf\" class=\"wp-block-file__button\" download>Baixar<\/a><\/div>\n\n\n\n<div class=\"wp-block-file\"><a href=\"https:\/\/www.ifbaiano.edu.br\/unidades\/itapetinga\/files\/2020\/10\/Minicurso-Introdu\u00e7\u00e3o-\u00e0-banco-de-Dados.pdf\">Minicurso-Introdu\u00e7\u00e3o-\u00e0-banco-de-Dados<\/a><a href=\"https:\/\/www.ifbaiano.edu.br\/unidades\/itapetinga\/files\/2020\/10\/Minicurso-Introdu\u00e7\u00e3o-\u00e0-banco-de-Dados.pdf\" class=\"wp-block-file__button\" download>Baixar<\/a><\/div>\n\n\n\n<div class=\"wp-block-file\"><a href=\"https:\/\/www.ifbaiano.edu.br\/unidades\/itapetinga\/files\/2020\/10\/Minicurso-Princ\u00edpios-da-bateria.pdf\">Minicurso-Princ\u00edpios-da-bateria<\/a><a href=\"https:\/\/www.ifbaiano.edu.br\/unidades\/itapetinga\/files\/2020\/10\/Minicurso-Princ\u00edpios-da-bateria.pdf\" class=\"wp-block-file__button\" download>Baixar<\/a><\/div>\n\n\n\n<div class=\"wp-block-file\"><a href=\"https:\/\/www.ifbaiano.edu.br\/unidades\/itapetinga\/files\/2020\/10\/Minicurso-Prod.-de-compostagem.pdf\">Minicurso-Prod.-de-compostagem<\/a><a href=\"https:\/\/www.ifbaiano.edu.br\/unidades\/itapetinga\/files\/2020\/10\/Minicurso-Prod.-de-compostagem.pdf\" class=\"wp-block-file__button\" download>Baixar<\/a><\/div>\n\n\n\n<div class=\"wp-block-file\"><a href=\"https:\/\/www.ifbaiano.edu.br\/unidades\/itapetinga\/files\/2020\/10\/Minicurso-Produ\u00e7\u00e3o-Agroecol\u00f3gica.pdf\">Minicurso-Produ\u00e7\u00e3o-Agroecol\u00f3gica<\/a><a href=\"https:\/\/www.ifbaiano.edu.br\/unidades\/itapetinga\/files\/2020\/10\/Minicurso-Produ\u00e7\u00e3o-Agroecol\u00f3gica.pdf\" class=\"wp-block-file__button\" download>Baixar<\/a><\/div>\n\n\n\n<div class=\"wp-block-file\"><a href=\"https:\/\/www.ifbaiano.edu.br\/unidades\/itapetinga\/files\/2020\/10\/Minicurso-Reaproveitamento-de-alimentos.pdf\">Minicurso-Reaproveitamento-de-alimentos<\/a><a href=\"https:\/\/www.ifbaiano.edu.br\/unidades\/itapetinga\/files\/2020\/10\/Minicurso-Reaproveitamento-de-alimentos.pdf\" class=\"wp-block-file__button\" download>Baixar<\/a><\/div>\n\n\n\n<div class=\"wp-block-file\"><a href=\"https:\/\/www.ifbaiano.edu.br\/unidades\/itapetinga\/files\/2020\/10\/Ministrante-de-Minicursos.pdf\">Ministrante-de-Minicursos<\/a><a href=\"https:\/\/www.ifbaiano.edu.br\/unidades\/itapetinga\/files\/2020\/10\/Ministrante-de-Minicursos.pdf\" class=\"wp-block-file__button\" download>Baixar<\/a><\/div>\n\n\n\n<div class=\"wp-block-file\"><a href=\"https:\/\/www.ifbaiano.edu.br\/unidades\/itapetinga\/files\/2020\/10\/Monitores-15h.pdf\">Monitores-15h<\/a><a href=\"https:\/\/www.ifbaiano.edu.br\/unidades\/itapetinga\/files\/2020\/10\/Monitores-15h.pdf\" class=\"wp-block-file__button\" download>Baixar<\/a><\/div>\n\n\n\n<div class=\"wp-block-file\"><a href=\"https:\/\/www.ifbaiano.edu.br\/unidades\/itapetinga\/files\/2021\/02\/Monitores-30h.pdf\">Monitores-30h<\/a><a href=\"https:\/\/www.ifbaiano.edu.br\/unidades\/itapetinga\/files\/2021\/02\/Monitores-30h.pdf\" class=\"wp-block-file__button\" download>Baixar<\/a><\/div>\n\n\n\n<div class=\"wp-block-file\"><a href=\"https:\/\/www.ifbaiano.edu.br\/unidades\/itapetinga\/files\/2020\/10\/Mostra-de-Pat\u00f3genos.pdf\">Mostra-de-Pat\u00f3genos<\/a><a href=\"https:\/\/www.ifbaiano.edu.br\/unidades\/itapetinga\/files\/2020\/10\/Mostra-de-Pat\u00f3genos.pdf\" class=\"wp-block-file__button\" download>Baixar<\/a><\/div>\n\n\n\n<div class=\"wp-block-file\"><a href=\"https:\/\/www.ifbaiano.edu.br\/unidades\/itapetinga\/files\/2020\/10\/Ouvintes-mesa-redonda-Bioeconomia.pdf\">Ouvintes-mesa-redonda-Bioeconomia<\/a><a href=\"https:\/\/www.ifbaiano.edu.br\/unidades\/itapetinga\/files\/2020\/10\/Ouvintes-mesa-redonda-Bioeconomia.pdf\" class=\"wp-block-file__button\" download>Baixar<\/a><\/div>\n\n\n\n<div class=\"wp-block-file\"><a href=\"https:\/\/www.ifbaiano.edu.br\/unidades\/itapetinga\/files\/2020\/10\/Palestra-Utiliza\u00e7\u00e3o-de-Res\u00edduos.pdf\">Palestra-Utiliza\u00e7\u00e3o-de-Res\u00edduos<\/a><a href=\"https:\/\/www.ifbaiano.edu.br\/unidades\/itapetinga\/files\/2020\/10\/Palestra-Utiliza\u00e7\u00e3o-de-Res\u00edduos.pdf\" class=\"wp-block-file__button\" download>Baixar<\/a><\/div>\n\n\n\n<div class=\"wp-block-file\"><a href=\"https:\/\/www.ifbaiano.edu.br\/unidades\/itapetinga\/files\/2020\/10\/Palestrantes.pdf\">Palestrantes<\/a><a href=\"https:\/\/www.ifbaiano.edu.br\/unidades\/itapetinga\/files\/2020\/10\/Palestrantes.pdf\" class=\"wp-block-file__button\" download>Baixar<\/a><\/div>\n\n\n\n<div class=\"wp-block-file\"><a href=\"https:\/\/www.ifbaiano.edu.br\/unidades\/itapetinga\/files\/2020\/10\/Roda-de-conversa-Manas.pdf\">Roda-de-conversa-Manas<\/a><a href=\"https:\/\/www.ifbaiano.edu.br\/unidades\/itapetinga\/files\/2020\/10\/Roda-de-conversa-Manas.pdf\" class=\"wp-block-file__button\" download>Baixar<\/a><\/div>\n\n\n\n<div class=\"wp-block-file\"><a href=\"https:\/\/www.ifbaiano.edu.br\/unidades\/itapetinga\/files\/2020\/10\/Sala-Tem.-Ecosm\u00e9ticos.pdf\">Sala-Tem.-Ecosm\u00e9ticos<\/a><a href=\"https:\/\/www.ifbaiano.edu.br\/unidades\/itapetinga\/files\/2020\/10\/Sala-Tem.-Ecosm\u00e9ticos.pdf\" class=\"wp-block-file__button\" download>Baixar<\/a><\/div>\n\n\n\n<div class=\"wp-block-file\"><a href=\"https:\/\/www.ifbaiano.edu.br\/unidades\/itapetinga\/files\/2020\/10\/Sala-Tem.-Eletricidade.pdf\">Sala-Tem.-Eletricidade<\/a><a href=\"https:\/\/www.ifbaiano.edu.br\/unidades\/itapetinga\/files\/2020\/10\/Sala-Tem.-Eletricidade.pdf\" class=\"wp-block-file__button\" download>Baixar<\/a><\/div>\n\n\n\n<div class=\"wp-block-file\"><a href=\"https:\/\/www.ifbaiano.edu.br\/unidades\/itapetinga\/files\/2020\/10\/Sala-Tem.-Evolu\u00e7\u00e3o-do-Computador.pdf\">Sala-Tem.-Evolu\u00e7\u00e3o-do-Computador<\/a><a href=\"https:\/\/www.ifbaiano.edu.br\/unidades\/itapetinga\/files\/2020\/10\/Sala-Tem.-Evolu\u00e7\u00e3o-do-Computador.pdf\" class=\"wp-block-file__button\" download>Baixar<\/a><\/div>\n\n\n\n<div class=\"wp-block-file\"><a href=\"https:\/\/www.ifbaiano.edu.br\/unidades\/itapetinga\/files\/2020\/10\/Sala-Tem.-Matem\u00e1tica-por-toda-parte.pdf\">Sala-Tem.-Matem\u00e1tica-por-toda-parte<\/a><a href=\"https:\/\/www.ifbaiano.edu.br\/unidades\/itapetinga\/files\/2020\/10\/Sala-Tem.-Matem\u00e1tica-por-toda-parte.pdf\" class=\"wp-block-file__button\" download>Baixar<\/a><\/div>\n\n\n\n<div class=\"wp-block-file\"><a href=\"https:\/\/www.ifbaiano.edu.br\/unidades\/itapetinga\/files\/2020\/10\/Sala-Tem.-Matem\u00e1tica.pdf\">Sala-Tem.-Matem\u00e1tica<\/a><a href=\"https:\/\/www.ifbaiano.edu.br\/unidades\/itapetinga\/files\/2020\/10\/Sala-Tem.-Matem\u00e1tica.pdf\" class=\"wp-block-file__button\" download>Baixar<\/a><\/div>\n\n\n\n<div class=\"wp-block-file\"><a href=\"https:\/\/www.ifbaiano.edu.br\/unidades\/itapetinga\/files\/2020\/10\/Sala-Tem.-Tecnologia-Assistiva.pdf\">Sala-Tem.-Tecnologia-Assistiva<\/a><a href=\"https:\/\/www.ifbaiano.edu.br\/unidades\/itapetinga\/files\/2020\/10\/Sala-Tem.-Tecnologia-Assistiva.pdf\" class=\"wp-block-file__button\" download>Baixar<\/a><\/div>\n\n\n\n<p><strong>Certificados Corrigidos: <\/strong><\/p>\n\n\n\n<div class=\"wp-block-file\"><a href=\"https:\/\/www.ifbaiano.edu.br\/unidades\/itapetinga\/files\/2021\/02\/Cecilia-Santana-Meira-Santos.pdf\">Cecilia-Santana-Meira-Santos<\/a><a href=\"https:\/\/www.ifbaiano.edu.br\/unidades\/itapetinga\/files\/2021\/02\/Cecilia-Santana-Meira-Santos.pdf\" class=\"wp-block-file__button\" download>Baixar<\/a><\/div>\n\n\n\n<div class=\"wp-block-file\"><a href=\"https:\/\/www.ifbaiano.edu.br\/unidades\/itapetinga\/files\/2021\/02\/Erik-de-Oliveira-Silva.pdf\">Erik-de-Oliveira-Silva<\/a><a href=\"https:\/\/www.ifbaiano.edu.br\/unidades\/itapetinga\/files\/2021\/02\/Erik-de-Oliveira-Silva.pdf\" class=\"wp-block-file__button\" download>Baixar<\/a><\/div>\n\n\n\n<div class=\"wp-block-file\"><a href=\"https:\/\/www.ifbaiano.edu.br\/unidades\/itapetinga\/files\/2021\/02\/Mintrantes-Diego-Leticia-Marina.pdf\">Mintrantes-Diego-Leticia-Marina<\/a><a href=\"https:\/\/www.ifbaiano.edu.br\/unidades\/itapetinga\/files\/2021\/02\/Mintrantes-Diego-Leticia-Marina.pdf\" class=\"wp-block-file__button\" download>Baixar<\/a><\/div>\n\n\n\n<div class=\"wp-block-file\"><a href=\"https:\/\/www.ifbaiano.edu.br\/unidades\/itapetinga\/files\/2021\/02\/Poster-Glossario-em-LIBRAS-raca-de-bovinos.pdf\">Poster-Glossario-em-LIBRAS-raca-de-bovinos<\/a><a href=\"https:\/\/www.ifbaiano.edu.br\/unidades\/itapetinga\/files\/2021\/02\/Poster-Glossario-em-LIBRAS-raca-de-bovinos.pdf\" class=\"wp-block-file__button\" download>Baixar<\/a><\/div>\n","protected":false},"excerpt":{"rendered":"<p>Certificados Corrigidos:<\/p>\n","protected":false},"author":158,"featured_media":0,"parent":35859,"menu_order":0,"comment_status":"closed","ping_status":"closed","template":"","meta":[],"_links":{"self":[{"href":"https:\/\/www.ifbaiano.edu.br\/unidades\/itapetinga\/wp-json\/wp\/v2\/pages\/40418"}],"collection":[{"href":"https:\/\/www.ifbaiano.edu.br\/unidades\/itapetinga\/wp-json\/wp\/v2\/pages"}],"about":[{"href":"https:\/\/www.ifbaiano.edu.br\/unidades\/itapetinga\/wp-json\/wp\/v2\/types\/page"}],"author":[{"embeddable":true,"href":"https:\/\/www.ifbaiano.edu.br\/unidades\/itapetinga\/wp-json\/wp\/v2\/users\/158"}],"replies":[{"embeddable":true,"href":"https:\/\/www.ifbaiano.edu.br\/unidades\/itapetinga\/wp-json\/wp\/v2\/comments?post=40418"}],"version-history":[{"count":2,"href":"https:\/\/www.ifbaiano.edu.br\/unidades\/itapetinga\/wp-json\/wp\/v2\/pages\/40418\/revisions"}],"predecessor-version":[{"id":40428,"href":"https:\/\/www.ifbaiano.edu.br\/unidades\/itapetinga\/wp-json\/wp\/v2\/pages\/40418\/revisions\/40428"}],"up":[{"embeddable":true,"href":"https:\/\/www.ifbaiano.edu.br\/unidades\/itapetinga\/wp-json\/wp\/v2\/pages\/35859"}],"wp:attachment":[{"href":"https:\/\/www.ifbaiano.edu.br\/unidades\/itapetinga\/wp-json\/wp\/v2\/media?parent=40418"}],"curies":[{"name":"wp","href":"https:\/\/api.w.org\/{rel}","templated":true}]}}