{"id":40527,"date":"2023-03-08T15:41:00","date_gmt":"2023-03-08T18:41:00","guid":{"rendered":"https:\/\/www.ifbaiano.edu.br\/unidades\/itapetinga\/?page_id=40527"},"modified":"2025-01-27T17:43:09","modified_gmt":"2025-01-27T20:43:09","slug":"o-que-e","status":"publish","type":"page","link":"https:\/\/www.ifbaiano.edu.br\/unidades\/itapetinga\/assistencia-estudantil\/o-que-e\/","title":{"rendered":"O que \u00e9 a Assist\u00eancia Estudantil?"},"content":{"rendered":"\n<p><strong><span style=\"color:#0d510e\" class=\"has-inline-color\">ASSIST\u00caNCIA ESTUDANTIL<\/span><\/strong><\/p>\n\n\n\n<p class=\"has-text-align-left\">A Assist\u00eancia Estudantil \u00e9 uma Pol\u00edtica P\u00fablica educacional criada a partir do Decreto n\u00ba 7.234\/2010, que disp\u00f5e sobre o Programa Nacional de Assist\u00eancia Estudantil (PNAES), o qual tem por finalidade ampliar as condi\u00e7\u00f5es de perman\u00eancia dos jovens de baixa renda no \u00e2mbito das institui\u00e7\u00f5es federais de ensino superior, bem como nos Institutos Federais de Ensino.<\/p>\n\n\n\n<p><a href=\"http:\/\/www.planalto.gov.br\/ccivil_03\/_ato2007-2010\/2010\/decreto\/d7234.htm\" data-type=\"URL\" data-id=\"http:\/\/www.planalto.gov.br\/ccivil_03\/_ato2007-2010\/2010\/decreto\/d7234.htm\">http:\/\/www.planalto.gov.br\/ccivil_03\/_ato2007-2010\/2010\/decreto\/d7234.htm<\/a><\/p>\n\n\n\n<hr class=\"wp-block-separator has-text-color has-css-opacity has-background is-style-wide\" style=\"background-color:#1b660f;color:#1b660f\" \/>\n\n\n\n<p><strong><span style=\"color:#0d510e\" class=\"has-inline-color\"><strong>COMO \u00c9 CONSTITU\u00cdDA A ASSIST\u00caNCIA ESTUDANTIL NO IFBAIANO?<\/strong><\/span><\/strong><\/p>\n\n\n\n<p>No \u00e2mbito do IF Baiano a Pol\u00edtica de Assist\u00eancia Estudantil \u00e9 regulamentada pela Resolu\u00e7\u00e3o n\u00ba 01 de 29 de janeiro de 2019, a qual constitui-se de um conjunto de princ\u00edpios e diretrizes norteadores para o desenvolvimento de programas e linhas de a\u00e7\u00f5es que favore\u00e7am a democratiza\u00e7\u00e3o do acesso, a perman\u00eancia e o \u00eaxito do discente no seu processo formativo. Dessa forma, ela objetiva ampliar as possibilidades para o acesso a partir da inclus\u00e3o social, por meio da promo\u00e7\u00e3o da igualdade de oportunidades entre todos os(as) discentes matriculados e de medidas que busquem minimizar situa\u00e7\u00f5es de repet\u00eancia e evas\u00e3o. Ela pretende tamb\u00e9m implementar a\u00e7\u00f5es educativas que propiciem o desenvolvimento do pensamento cr\u00edtico, pol\u00edtico e criativo dos(as) estudantes, al\u00e9m de a\u00e7\u00f5es que assegurem assist\u00eancia \u00e0 sa\u00fade dos mesmos, de forma preventiva.<\/p>\n\n\n\n<p>Para o alcance dos seus objetivos, a Pol\u00edtica de Assist\u00eancia Estudantil prev\u00ea o desenvolvimento de programas, servi\u00e7os e a\u00e7\u00f5es voltadas para atender \u00e0s necessidades econ\u00f4micas, sociais, culturais, pol\u00edticas, de sa\u00fade, pedag\u00f3gicas e psicol\u00f3gicas dos estudantes, pensando o indiv\u00edduo como um todo.<\/p>\n\n\n\n<p>A Pol\u00edtica deve abranger todos os estudantes regularmente matriculados. O acesso aos programas que demandarem recursos financeiros ser\u00e1 destinado, prioritariamente, para atender \u00e0s necessidades do corpo discente cuja renda familiar per capita seja de at\u00e9 1(um) sal\u00e1rio m\u00ednimo e meio vigente.<\/p>\n\n\n\n<p>A Coordena\u00e7\u00e3o de Assuntos Estudantis \u2013 CAE \u00e9 parte estruturante do Instituto Federal Baiano com objetivo de gerir de forma sist\u00eamica a implementa\u00e7\u00e3o de pol\u00edticas de Assist\u00eancia Estudantil no Campus Itapetinga. Trata-se de uma coordena\u00e7\u00e3o que n\u00e3o apenas viabiliza aux\u00edlio para estudantes em situa\u00e7\u00e3o de vulnerabilidade social, mas prop\u00f5e, implementa e gerencia as a\u00e7\u00f5es de perman\u00eancia para todos os estudantes matriculados na Institui\u00e7\u00e3o, independente do n\u00edvel de ensino.<\/p>\n\n\n\n<p>O CAE est\u00e1 vinculada \u00e0 Diretoria Acad\u00eamica-DAC, composta por uma equipe T\u00e9cnica Multidisciplinar:<\/p>\n\n\n\n<p>Contato: 77 9 8876-4283<\/p>\n\n\n\n<p>Email &#8211; cae@itapetinga.ifbaiano.edu.br<\/p>\n\n\n\n<p>\u2022 <strong>Coordenador<\/strong>: Gedeval Paiva<\/p>\n\n\n\n<p>\u2022 <strong>Assistente de Alunos<\/strong> \u2013 Adriana Oliveira de Souza Silva<\/p>\n\n\n\n<p>\u2022 <strong>Assistente de Alunos<\/strong> \u2013 Allane Brito Campos<\/p>\n\n\n\n<p>\u2022 <strong>Assistente de Alunos<\/strong> \u2013 Charles Marques Pereira<\/p>\n\n\n\n<p>\u2022 <strong>Assistente de Alunos<\/strong> \u2013 Rita de Cassia Lima Silva<\/p>\n\n\n\n<p>\u2022 <strong>Assistente Social <\/strong>\u2013 Iana de Oliveira Soares<\/p>\n\n\n\n<p>\u2022 <strong>Enfermeira<\/strong> \u2013 Vania Gomes Santos<\/p>\n\n\n\n<p>\u2022 <strong>T\u00e9cnica Enfermagem <\/strong>\u2013 Rafaella Brand\u00e3o Dias<\/p>\n\n\n\n<p>\u2022 <strong>Nutricionista<\/strong> \u2013 Luciane Costa Ferreira<\/p>\n\n\n\n<p>\u2022 <strong>Odont\u00f3loga<\/strong> \u2013 Elza Nathalie Pinto Peixoto<\/p>\n\n\n\n<p>\u2022 <strong>Psic\u00f3loga<\/strong> \u2013 Luciana Gomes Santos<\/p>\n\n\n\n<p>A Comiss\u00e3o Local de Assist\u00eancia Estudantil \u00e9 um colegiado deliberativo respons\u00e1vel pelo planejamento, acompanhamento e avalia\u00e7\u00e3o de Programas, Projetos e A\u00e7\u00f5es desenvolvidos no \u00e2mbito da Pol\u00edtica de Assist\u00eancia Estudantil, no Campus. Esta Comiss\u00e3o deve ser composta por uma equipe multiprofissional e discentes das diferentes modalidades de ensino.<\/p>\n\n\n\n<p><a href=\"https:\/\/www.ifbaiano.edu.br\/unidades\/itapetinga\/files\/2011\/05\/Resolucao-01-2019-Aprova-Pol%C3%ADtica-de-Assist%C3%AAncia-Estudantil-Processo-n%C2%BA-23327.002530-2018.42.pdf\" data-type=\"URL\" data-id=\"https:\/\/www.ifbaiano.edu.br\/unidades\/itapetinga\/files\/2011\/05\/Resolucao-01-2019-Aprova-Pol%C3%ADtica-de-Assist%C3%AAncia-Estudantil-Processo-n%C2%BA-23327.002530-2018.42.pdf\">RESOLU\u00c7\u00c3O N.o 01, DE 29 DE JANEIRO DE 2019<\/a><\/p>\n\n\n\n<p><strong><a href=\"https:\/\/www.ifbaiano.edu.br\/unidades\/itapetinga\/files\/2023\/03\/Portaria-CLAE.pdf\" data-type=\"URL\" data-id=\"https:\/\/www.ifbaiano.edu.br\/unidades\/itapetinga\/files\/2023\/03\/Portaria-CLAE.pdf\">Portaria da Comiss\u00e3o Local de Assist\u00eancia Estudantil<\/a><\/strong><\/p>\n\n\n\n<hr class=\"wp-block-separator has-text-color has-css-opacity has-background is-style-wide\" style=\"background-color:#1b660f;color:#1b660f\" \/>\n\n\n\n<p><\/p>\n","protected":false},"excerpt":{"rendered":"<p>ASSIST\u00caNCIA ESTUDANTIL A Assist\u00eancia Estudantil \u00e9 uma Pol\u00edtica P\u00fablica educacional criada a partir do Decreto n\u00ba 7.234\/2010, que disp\u00f5e sobre o Programa Nacional de Assist\u00eancia Estudantil (PNAES), o qual tem por finalidade ampliar as condi\u00e7\u00f5es de perman\u00eancia dos jovens de baixa renda no \u00e2mbito das institui\u00e7\u00f5es federais de ensino superior, bem como nos Institutos Federais [&hellip;]<\/p>\n","protected":false},"author":158,"featured_media":0,"parent":125,"menu_order":0,"comment_status":"closed","ping_status":"closed","template":"","meta":[],"_links":{"self":[{"href":"https:\/\/www.ifbaiano.edu.br\/unidades\/itapetinga\/wp-json\/wp\/v2\/pages\/40527"}],"collection":[{"href":"https:\/\/www.ifbaiano.edu.br\/unidades\/itapetinga\/wp-json\/wp\/v2\/pages"}],"about":[{"href":"https:\/\/www.ifbaiano.edu.br\/unidades\/itapetinga\/wp-json\/wp\/v2\/types\/page"}],"author":[{"embeddable":true,"href":"https:\/\/www.ifbaiano.edu.br\/unidades\/itapetinga\/wp-json\/wp\/v2\/users\/158"}],"replies":[{"embeddable":true,"href":"https:\/\/www.ifbaiano.edu.br\/unidades\/itapetinga\/wp-json\/wp\/v2\/comments?post=40527"}],"version-history":[{"count":9,"href":"https:\/\/www.ifbaiano.edu.br\/unidades\/itapetinga\/wp-json\/wp\/v2\/pages\/40527\/revisions"}],"predecessor-version":[{"id":41290,"href":"https:\/\/www.ifbaiano.edu.br\/unidades\/itapetinga\/wp-json\/wp\/v2\/pages\/40527\/revisions\/41290"}],"up":[{"embeddable":true,"href":"https:\/\/www.ifbaiano.edu.br\/unidades\/itapetinga\/wp-json\/wp\/v2\/pages\/125"}],"wp:attachment":[{"href":"https:\/\/www.ifbaiano.edu.br\/unidades\/itapetinga\/wp-json\/wp\/v2\/media?parent=40527"}],"curies":[{"name":"wp","href":"https:\/\/api.w.org\/{rel}","templated":true}]}}