{"id":40532,"date":"2023-03-08T15:47:18","date_gmt":"2023-03-08T18:47:18","guid":{"rendered":"https:\/\/www.ifbaiano.edu.br\/unidades\/itapetinga\/?page_id=40532"},"modified":"2025-09-29T20:47:17","modified_gmt":"2025-09-29T23:47:17","slug":"programa-de-assistencia-e-inclusao-social-do-estudante-paise","status":"publish","type":"page","link":"https:\/\/www.ifbaiano.edu.br\/unidades\/itapetinga\/programa-de-assistencia-e-inclusao-social-do-estudante-paise\/","title":{"rendered":"PAISE"},"content":{"rendered":"\n<hr class=\"wp-block-separator has-css-opacity is-style-wide\" \/>\n\n\n\n<p><strong><span style=\"color:#25781d\" class=\"has-inline-color\">O Programa<\/span><\/strong><\/p>\n\n\n\n<p>O Programa de Assist\u00eancia e Inclus\u00e3o Social do Estudante &#8211; PAISE \u00e9 destinado aos estudantes regularmente matriculados, que possuam renda per capita de at\u00e9 um sal\u00e1rio m\u00ednimo e meio vigente \u2013 conforme definido pelo Decreto 7.234, de 19 de julho de 2010, que disp\u00f5e sobre o Programa Nacional de Assist\u00eancia Estudantil \u2013 para garantia da perman\u00eancia dos mesmos na institui\u00e7\u00e3o, durante os anos destinados ao processo formativo do curso escolhido.<\/p>\n\n\n\n<p>O Programa \u00e9 regulamentado por Edital lan\u00e7ado pela Diretoria de Assist\u00eancia Estudantil e adaptado conforme as especificidades e disposi\u00e7\u00e3o or\u00e7ament\u00e1ria do Campus, avaliadas pela Comiss\u00e3o Local de Assist\u00eancia Estudantil- CLAE e N\u00facleo de Assist\u00eancia e Inclus\u00e3o Social do estudante- NAISE. No Campus itapetinga s\u00e3o ofertados os seguintes aux\u00edlios:<\/p>\n\n\n\n<ol>\n<li>Aux\u00edlio Alimenta\u00e7\u00e3o;<\/li>\n\n\n\n<li>Aux\u00edlio Creche;<\/li>\n\n\n\n<li>Aux\u00edlio Moradia;<\/li>\n\n\n\n<li>Aux\u00edlio Perman\u00eancia;<\/li>\n\n\n\n<li>Aux\u00edlio Transporte;<\/li>\n<\/ol>\n\n\n\n<p>Obs: O aux\u00edlio C\u00f3pia e Impress\u00e3o \u00e9 ofertado por cota de impress\u00e3o, por meio da reprografia, a todos os estudantes.<\/p>\n\n\n\n<p>Os requisitos para participa\u00e7\u00e3o e perman\u00eancia no programa, bem como informa\u00e7\u00f5es mais detalhadas sobre os aux\u00edlios ofertados e das fases do processo seletivo, est\u00e3o dispon\u00edveis no Edital que pode ser lan\u00e7ado semestralmente ou anualmente, de acordo com a previs\u00e3o de ingresso de novas turmas.<\/p>\n\n\n\n<p><strong><a href=\"https:\/\/www.ifbaiano.edu.br\/unidades\/itapetinga\/files\/2023\/03\/Portaria-NAISE.pdf\" data-type=\"URL\" data-id=\"https:\/\/www.ifbaiano.edu.br\/unidades\/itapetinga\/files\/2023\/03\/Portaria-NAISE.pdf\">Portaria do N\u00facleo de Assist\u00eancia e Inclus\u00e3o Social do Estudante<\/a><\/strong><\/p>\n\n\n\n<hr class=\"wp-block-separator has-text-color has-css-opacity has-background\" style=\"background-color:#25781d;color:#25781d\" \/>\n\n\n\n<p><strong><mark style=\"color:#25781d\" class=\"has-inline-color\">Editais e Documentos<\/mark><\/strong><\/p>\n\n\n\n<p><a href=\"https:\/\/www.ifbaiano.edu.br\/unidades\/itapetinga\/?page_id=44632\" data-type=\"page\" data-id=\"44632\">2025 (Fluxo Cont\u00ednuo)<\/a><\/p>\n\n\n\n<p><strong><a href=\"https:\/\/www.ifbaiano.edu.br\/unidades\/itapetinga\/paise-2024-2\/\" data-type=\"URL\" data-id=\"https:\/\/www.ifbaiano.edu.br\/unidades\/itapetinga\/paise-2024-2\/\">2024.2<\/a><\/strong><\/p>\n\n\n\n<p><strong><a href=\"https:\/\/www.ifbaiano.edu.br\/unidades\/itapetinga\/paise-2024\/\" data-type=\"URL\" data-id=\"https:\/\/www.ifbaiano.edu.br\/unidades\/itapetinga\/paise-2024\/\">2024<\/a><\/strong><\/p>\n\n\n\n<p><strong><a href=\"https:\/\/www.ifbaiano.edu.br\/unidades\/itapetinga\/programa-de-assistencia-e-inclusao-social-do-estudante-paise\/paise-2023\/paise-2023-2\/\" data-type=\"URL\" data-id=\"https:\/\/www.ifbaiano.edu.br\/unidades\/itapetinga\/programa-de-assistencia-e-inclusao-social-do-estudante-paise\/paise-2023\/paise-2023-2\/\">2023.2<\/a><\/strong><\/p>\n\n\n\n<p><strong><a href=\"https:\/\/www.ifbaiano.edu.br\/unidades\/itapetinga\/programa-de-assistencia-e-inclusao-social-do-estudante-paise\/paise-2023\/\" data-type=\"URL\" data-id=\"https:\/\/www.ifbaiano.edu.br\/unidades\/itapetinga\/programa-de-assistencia-e-inclusao-social-do-estudante-paise\/paise-2023\/\">2023<\/a><\/strong><\/p>\n\n\n\n<p><strong><a href=\"https:\/\/www.ifbaiano.edu.br\/unidades\/itapetinga\/2022\/08\/17\/programa-de-assistencia-e-inclusao-social-do-estudante-paise-3\/\" data-type=\"URL\" data-id=\"https:\/\/www.ifbaiano.edu.br\/unidades\/itapetinga\/2022\/08\/17\/programa-de-assistencia-e-inclusao-social-do-estudante-paise-3\/\">2022.2<\/a><\/strong><\/p>\n\n\n\n<p><strong><a href=\"https:\/\/www.ifbaiano.edu.br\/unidades\/itapetinga\/2022\/05\/12\/programa-de-assistencia-e-inclusao-social-do-estudante-paise-2\/\" data-type=\"URL\" data-id=\"https:\/\/www.ifbaiano.edu.br\/unidades\/itapetinga\/2022\/05\/12\/programa-de-assistencia-e-inclusao-social-do-estudante-paise-2\/\">2022<\/a><\/strong><\/p>\n\n\n\n<p><strong><a href=\"https:\/\/www.ifbaiano.edu.br\/unidades\/itapetinga\/2021\/10\/28\/programa-de-assistencia-e-inclusao-social-do-estudante-paise\/\" data-type=\"URL\" data-id=\"https:\/\/www.ifbaiano.edu.br\/unidades\/itapetinga\/2021\/10\/28\/programa-de-assistencia-e-inclusao-social-do-estudante-paise\/\">2021<\/a><\/strong><\/p>\n\n\n\n<p><strong><a href=\"https:\/\/www.ifbaiano.edu.br\/unidades\/itapetinga\/2020\/03\/09\/paise-2020\/\" data-type=\"URL\" data-id=\"https:\/\/www.ifbaiano.edu.br\/unidades\/itapetinga\/2020\/03\/09\/paise-2020\/\">2020<\/a><\/strong><\/p>\n\n\n\n<p><strong><a href=\"https:\/\/www.ifbaiano.edu.br\/unidades\/itapetinga\/2019\/04\/08\/paise-2019\/\" data-type=\"URL\" data-id=\"https:\/\/www.ifbaiano.edu.br\/unidades\/itapetinga\/2019\/04\/08\/paise-2019\/\">2019<\/a><\/strong><\/p>\n\n\n\n<p><\/p>\n","protected":false},"excerpt":{"rendered":"<p>O Programa O Programa de Assist\u00eancia e Inclus\u00e3o Social do Estudante &#8211; PAISE \u00e9 destinado aos estudantes regularmente matriculados, que possuam renda per capita de at\u00e9 um sal\u00e1rio m\u00ednimo e meio vigente \u2013 conforme definido pelo Decreto 7.234, de 19 de julho de 2010, que disp\u00f5e sobre o Programa Nacional de Assist\u00eancia Estudantil \u2013 para [&hellip;]<\/p>\n","protected":false},"author":158,"featured_media":0,"parent":0,"menu_order":0,"comment_status":"closed","ping_status":"closed","template":"","meta":[],"_links":{"self":[{"href":"https:\/\/www.ifbaiano.edu.br\/unidades\/itapetinga\/wp-json\/wp\/v2\/pages\/40532"}],"collection":[{"href":"https:\/\/www.ifbaiano.edu.br\/unidades\/itapetinga\/wp-json\/wp\/v2\/pages"}],"about":[{"href":"https:\/\/www.ifbaiano.edu.br\/unidades\/itapetinga\/wp-json\/wp\/v2\/types\/page"}],"author":[{"embeddable":true,"href":"https:\/\/www.ifbaiano.edu.br\/unidades\/itapetinga\/wp-json\/wp\/v2\/users\/158"}],"replies":[{"embeddable":true,"href":"https:\/\/www.ifbaiano.edu.br\/unidades\/itapetinga\/wp-json\/wp\/v2\/comments?post=40532"}],"version-history":[{"count":16,"href":"https:\/\/www.ifbaiano.edu.br\/unidades\/itapetinga\/wp-json\/wp\/v2\/pages\/40532\/revisions"}],"predecessor-version":[{"id":44636,"href":"https:\/\/www.ifbaiano.edu.br\/unidades\/itapetinga\/wp-json\/wp\/v2\/pages\/40532\/revisions\/44636"}],"wp:attachment":[{"href":"https:\/\/www.ifbaiano.edu.br\/unidades\/itapetinga\/wp-json\/wp\/v2\/media?parent=40532"}],"curies":[{"name":"wp","href":"https:\/\/api.w.org\/{rel}","templated":true}]}}