{"id":40534,"date":"2023-03-08T15:53:34","date_gmt":"2023-03-08T18:53:34","guid":{"rendered":"https:\/\/www.ifbaiano.edu.br\/unidades\/itapetinga\/?page_id=40534"},"modified":"2024-04-12T17:19:52","modified_gmt":"2024-04-12T20:19:52","slug":"programa-de-alimentacao-estudantil","status":"publish","type":"page","link":"https:\/\/www.ifbaiano.edu.br\/unidades\/itapetinga\/assistencia-estudantil\/programas\/programa-de-alimentacao-estudantil\/","title":{"rendered":"Programa de Alimenta\u00e7\u00e3o Estudantil"},"content":{"rendered":"\n<hr class=\"wp-block-separator has-text-color has-css-opacity has-background is-style-wide\" style=\"background-color:#1c6b18;color:#1c6b18\" \/>\n\n\n\n<p><strong><span style=\"color:#1c6b18\" class=\"has-inline-color\">O Programa<\/span><\/strong><\/p>\n\n\n\n<p>O Programa de alimenta\u00e7\u00e3o \u00e9 baseado no Programa Nacional de Alimenta\u00e7\u00e3o Escolar (PNAE), que visa oferecer alimenta\u00e7\u00e3o a todos os estudantes da educa\u00e7\u00e3o b\u00e1sica p\u00fablica durante o ano letivo. No Campus, a alimenta\u00e7\u00e3o \u00e9 ofertada por meio do Refeit\u00f3rio aos discentes dos cursos integrados e subsequentes.<\/p>\n\n\n\n<p>A alimenta\u00e7\u00e3o aos discentes dos cursos de gradua\u00e7\u00e3o \u00e9 ofertada na modalidade de aux\u00edlio financeiro, por meio do Programa de Assist\u00eancia e Inclus\u00e3o Social do Estudante-PAISE.<\/p>\n\n\n\n<hr class=\"wp-block-separator has-text-color has-css-opacity has-background is-style-wide\" style=\"background-color:#1c6b18;color:#1c6b18\" \/>\n\n\n\n<p>Informa\u00e7\u00f5es sobre o PNAE: <\/p>\n\n\n\n<p><a href=\"https:\/\/www.fnde.gov.br\/index.php\/programas\/pnae\/pnae-sobre-o-programa\/pnae-sobre-o-pnae\"><u>https:\/\/www.fnde.gov.br\/index.php\/programas\/pnae\/pnae-sobre-o-programa\/pnae-sobre-o-pnae<\/u><\/a><\/p>\n\n\n\n<hr class=\"wp-block-separator has-alpha-channel-opacity\" \/>\n","protected":false},"excerpt":{"rendered":"<p>O Programa O Programa de alimenta\u00e7\u00e3o \u00e9 baseado no Programa Nacional de Alimenta\u00e7\u00e3o Escolar (PNAE), que visa oferecer alimenta\u00e7\u00e3o a todos os estudantes da educa\u00e7\u00e3o b\u00e1sica p\u00fablica durante o ano letivo. No Campus, a alimenta\u00e7\u00e3o \u00e9 ofertada por meio do Refeit\u00f3rio aos discentes dos cursos integrados e subsequentes. A alimenta\u00e7\u00e3o aos discentes dos cursos de [&hellip;]<\/p>\n","protected":false},"author":158,"featured_media":0,"parent":40540,"menu_order":0,"comment_status":"closed","ping_status":"closed","template":"","meta":[],"_links":{"self":[{"href":"https:\/\/www.ifbaiano.edu.br\/unidades\/itapetinga\/wp-json\/wp\/v2\/pages\/40534"}],"collection":[{"href":"https:\/\/www.ifbaiano.edu.br\/unidades\/itapetinga\/wp-json\/wp\/v2\/pages"}],"about":[{"href":"https:\/\/www.ifbaiano.edu.br\/unidades\/itapetinga\/wp-json\/wp\/v2\/types\/page"}],"author":[{"embeddable":true,"href":"https:\/\/www.ifbaiano.edu.br\/unidades\/itapetinga\/wp-json\/wp\/v2\/users\/158"}],"replies":[{"embeddable":true,"href":"https:\/\/www.ifbaiano.edu.br\/unidades\/itapetinga\/wp-json\/wp\/v2\/comments?post=40534"}],"version-history":[{"count":6,"href":"https:\/\/www.ifbaiano.edu.br\/unidades\/itapetinga\/wp-json\/wp\/v2\/pages\/40534\/revisions"}],"predecessor-version":[{"id":42191,"href":"https:\/\/www.ifbaiano.edu.br\/unidades\/itapetinga\/wp-json\/wp\/v2\/pages\/40534\/revisions\/42191"}],"up":[{"embeddable":true,"href":"https:\/\/www.ifbaiano.edu.br\/unidades\/itapetinga\/wp-json\/wp\/v2\/pages\/40540"}],"wp:attachment":[{"href":"https:\/\/www.ifbaiano.edu.br\/unidades\/itapetinga\/wp-json\/wp\/v2\/media?parent=40534"}],"curies":[{"name":"wp","href":"https:\/\/api.w.org\/{rel}","templated":true}]}}