{"id":40554,"date":"2023-03-09T07:55:34","date_gmt":"2023-03-09T10:55:34","guid":{"rendered":"https:\/\/www.ifbaiano.edu.br\/unidades\/itapetinga\/?page_id=40554"},"modified":"2024-04-15T17:37:18","modified_gmt":"2024-04-15T20:37:18","slug":"programa-de-auxilios-eventuais","status":"publish","type":"page","link":"https:\/\/www.ifbaiano.edu.br\/unidades\/itapetinga\/assistencia-estudantil\/programas\/programa-de-auxilios-eventuais\/","title":{"rendered":"PAE"},"content":{"rendered":"\n<hr class=\"wp-block-separator has-text-color has-css-opacity has-background is-style-wide\" style=\"background-color:#186b0b;color:#186b0b\" \/>\n\n\n\n<p><strong><span style=\"color:#186b0b\" class=\"has-inline-color\">O Programa<\/span><\/strong><\/p>\n\n\n\n<p>O PAE visa contribuir para o atendimento de diferentes demandas apresentadas pelos estudantes e\/ou identificadas pela equipe de profissionais da assist\u00eancia estudantil ou demais servidores, sendo estas situa\u00e7\u00f5es eventuais. Em caso de demandas de aten\u00e7\u00e3o \u00e0 sa\u00fade, o aux\u00edlio eventual somente ser\u00e1 concedido em situa\u00e7\u00f5es pontuais, em car\u00e1ter de urg\u00eancia e diante da impossibilidade de atendimento emergencial da demanda pelo Sistema \u00danico de Sa\u00fade (SUS) ou pela rede assistencial, sendo necess\u00e1ria avalia\u00e7\u00e3o do N\u00facleo de Sa\u00fade do Campus.<\/p>\n\n\n\n<p>O programa \u00e9 regulamentado por Edital, sua implementa\u00e7\u00e3o ocorre em regime de fluxo cont\u00ednuo, podendo ser solicitado a qualquer tempo no ano letivo.<\/p>\n\n\n\n<hr class=\"wp-block-separator has-alpha-channel-opacity\" \/>\n\n\n\n<p><strong><mark style=\"color:#095008\" class=\"has-inline-color\">Editais e Documentos<\/mark><\/strong><\/p>\n\n\n\n<p><strong><a href=\"https:\/\/www.ifbaiano.edu.br\/unidades\/itapetinga\/programa-de-auxilios-eventuais-pae-2024\/\" data-type=\"URL\" data-id=\"https:\/\/www.ifbaiano.edu.br\/unidades\/itapetinga\/programa-de-auxilios-eventuais-pae-2024\/\">2024<\/a><\/strong><\/p>\n\n\n\n<p><strong><a href=\"https:\/\/www.ifbaiano.edu.br\/unidades\/itapetinga\/2022\/09\/06\/edital-de-programa-de-auxilio-eventuais-pae\/\" data-type=\"URL\" data-id=\"https:\/\/www.ifbaiano.edu.br\/unidades\/itapetinga\/2022\/09\/06\/edital-de-programa-de-auxilio-eventuais-pae\/\">2022<\/a><\/strong><\/p>\n\n\n\n<p><strong><a href=\"https:\/\/www.ifbaiano.edu.br\/unidades\/itapetinga\/2021\/10\/19\/programa-de-auxilios-eventuais-pae\/\" data-type=\"URL\" data-id=\"https:\/\/www.ifbaiano.edu.br\/unidades\/itapetinga\/2021\/10\/19\/programa-de-auxilios-eventuais-pae\/\">2021<\/a><\/strong><\/p>\n\n\n\n<p><strong><a href=\"https:\/\/www.ifbaiano.edu.br\/unidades\/itapetinga\/files\/2024\/02\/Atendidos-pelo-PAE-nos-anos-2022-e-2023.pdf\" data-type=\"URL\" data-id=\"https:\/\/www.ifbaiano.edu.br\/unidades\/itapetinga\/files\/2024\/02\/Atendidos-pelo-PAE-nos-anos-2022-e-2023.pdf\">Estudantes atendidos(as) pelo Programa 2022 e 2023<\/a><\/strong><\/p>\n","protected":false},"excerpt":{"rendered":"<p>O Programa O PAE visa contribuir para o atendimento de diferentes demandas apresentadas pelos estudantes e\/ou identificadas pela equipe de profissionais da assist\u00eancia estudantil ou demais servidores, sendo estas situa\u00e7\u00f5es eventuais. Em caso de demandas de aten\u00e7\u00e3o \u00e0 sa\u00fade, o aux\u00edlio eventual somente ser\u00e1 concedido em situa\u00e7\u00f5es pontuais, em car\u00e1ter de urg\u00eancia e diante da [&hellip;]<\/p>\n","protected":false},"author":158,"featured_media":0,"parent":40540,"menu_order":0,"comment_status":"closed","ping_status":"closed","template":"","meta":[],"_links":{"self":[{"href":"https:\/\/www.ifbaiano.edu.br\/unidades\/itapetinga\/wp-json\/wp\/v2\/pages\/40554"}],"collection":[{"href":"https:\/\/www.ifbaiano.edu.br\/unidades\/itapetinga\/wp-json\/wp\/v2\/pages"}],"about":[{"href":"https:\/\/www.ifbaiano.edu.br\/unidades\/itapetinga\/wp-json\/wp\/v2\/types\/page"}],"author":[{"embeddable":true,"href":"https:\/\/www.ifbaiano.edu.br\/unidades\/itapetinga\/wp-json\/wp\/v2\/users\/158"}],"replies":[{"embeddable":true,"href":"https:\/\/www.ifbaiano.edu.br\/unidades\/itapetinga\/wp-json\/wp\/v2\/comments?post=40554"}],"version-history":[{"count":9,"href":"https:\/\/www.ifbaiano.edu.br\/unidades\/itapetinga\/wp-json\/wp\/v2\/pages\/40554\/revisions"}],"predecessor-version":[{"id":42250,"href":"https:\/\/www.ifbaiano.edu.br\/unidades\/itapetinga\/wp-json\/wp\/v2\/pages\/40554\/revisions\/42250"}],"up":[{"embeddable":true,"href":"https:\/\/www.ifbaiano.edu.br\/unidades\/itapetinga\/wp-json\/wp\/v2\/pages\/40540"}],"wp:attachment":[{"href":"https:\/\/www.ifbaiano.edu.br\/unidades\/itapetinga\/wp-json\/wp\/v2\/media?parent=40554"}],"curies":[{"name":"wp","href":"https:\/\/api.w.org\/{rel}","templated":true}]}}