{"id":40557,"date":"2023-03-09T08:02:16","date_gmt":"2023-03-09T11:02:16","guid":{"rendered":"https:\/\/www.ifbaiano.edu.br\/unidades\/itapetinga\/?page_id=40557"},"modified":"2024-04-15T14:56:46","modified_gmt":"2024-04-15T17:56:46","slug":"programa-de-incentivo-a-participacao-politico-academica-propac","status":"publish","type":"page","link":"https:\/\/www.ifbaiano.edu.br\/unidades\/itapetinga\/assistencia-estudantil\/programas\/programa-de-incentivo-a-participacao-politico-academica-propac\/","title":{"rendered":"PROPAC"},"content":{"rendered":"\n<hr class=\"wp-block-separator has-text-color has-css-opacity has-background is-style-wide\" style=\"background-color:#05570c;color:#05570c\" \/>\n\n\n\n<p><strong><span style=\"color:#05570c\" class=\"has-inline-color\">O Programa<\/span><\/strong><\/p>\n\n\n\n<p>O PROPAC visa apoiar a realiza\u00e7\u00e3o de a\u00e7\u00f5es que contribuam para o exerc\u00edcio da cidadania e do direito de organiza\u00e7\u00e3o pol\u00edtica do(a) estudante. O programa \u00e9 composto pelos seguintes aux\u00edlios financeiros: Aux\u00edlio Participa\u00e7\u00e3o em Eventos de Car\u00e1ter Cient\u00edfico, Acad\u00eamico ou Tecnol\u00f3gico; Aux\u00edlio Participa\u00e7\u00e3o em Eventos de Organiza\u00e7\u00e3o Estudantil; Aux\u00edlio Formaliza\u00e7\u00e3o de Entidades Estudantis.<\/p>\n\n\n\n<p>O programa \u00e9 regulamentado por Edital, sua implementa\u00e7\u00e3o ocorre em regime de fluxo cont\u00ednuo, ou seja, a solicita\u00e7\u00e3o pode ocorrer a qualquer tempo no ano letivo.<\/p>\n\n\n\n<hr class=\"wp-block-separator has-css-opacity\" \/>\n\n\n\n<p><strong><mark style=\"color:#05570c\" class=\"has-inline-color\">Editais e Documentos<\/mark><\/strong><\/p>\n\n\n\n<p><strong><a href=\"https:\/\/www.ifbaiano.edu.br\/unidades\/itapetinga\/files\/2024\/02\/Atendidos-pelo-PROPAC-nos-anos-2022-e-2023.pdf\" data-type=\"URL\" data-id=\"https:\/\/www.ifbaiano.edu.br\/unidades\/itapetinga\/files\/2024\/02\/Atendidos-pelo-PROPAC-nos-anos-2022-e-2023.pdf\">Estudantes atendidos(as) pelo Programa 2022 e 2023.<\/a><\/strong><\/p>\n\n\n\n<p><strong><a href=\"https:\/\/www.ifbaiano.edu.br\/unidades\/itapetinga\/edital-programa-de-incentivo-a-participacao-politico-academica-propac-2024\/\" data-type=\"URL\" data-id=\"https:\/\/www.ifbaiano.edu.br\/unidades\/itapetinga\/edital-programa-de-incentivo-a-participacao-politico-academica-propac-2024\/\">2024<\/a><\/strong><\/p>\n\n\n\n<p><strong><a href=\"https:\/\/www.ifbaiano.edu.br\/unidades\/itapetinga\/2022\/11\/30\/programa-de-incentivo-a-participacao-politico-academica-propac-2\/\" data-type=\"URL\" data-id=\"https:\/\/www.ifbaiano.edu.br\/unidades\/itapetinga\/2022\/11\/30\/programa-de-incentivo-a-participacao-politico-academica-propac-2\/\">2022<\/a><\/strong><\/p>\n\n\n\n<p><strong><a href=\"https:\/\/www.ifbaiano.edu.br\/unidades\/itapetinga\/2021\/10\/19\/programa-de-incentivo-a-participacao-politico-academica-propac\/\" data-type=\"URL\" data-id=\"https:\/\/www.ifbaiano.edu.br\/unidades\/itapetinga\/2021\/10\/19\/programa-de-incentivo-a-participacao-politico-academica-propac\/\">2021<\/a><\/strong><\/p>\n","protected":false},"excerpt":{"rendered":"<p>O Programa O PROPAC visa apoiar a realiza\u00e7\u00e3o de a\u00e7\u00f5es que contribuam para o exerc\u00edcio da cidadania e do direito de organiza\u00e7\u00e3o pol\u00edtica do(a) estudante. O programa \u00e9 composto pelos seguintes aux\u00edlios financeiros: Aux\u00edlio Participa\u00e7\u00e3o em Eventos de Car\u00e1ter Cient\u00edfico, Acad\u00eamico ou Tecnol\u00f3gico; Aux\u00edlio Participa\u00e7\u00e3o em Eventos de Organiza\u00e7\u00e3o Estudantil; Aux\u00edlio Formaliza\u00e7\u00e3o de Entidades Estudantis. [&hellip;]<\/p>\n","protected":false},"author":158,"featured_media":0,"parent":40540,"menu_order":0,"comment_status":"closed","ping_status":"closed","template":"","meta":[],"_links":{"self":[{"href":"https:\/\/www.ifbaiano.edu.br\/unidades\/itapetinga\/wp-json\/wp\/v2\/pages\/40557"}],"collection":[{"href":"https:\/\/www.ifbaiano.edu.br\/unidades\/itapetinga\/wp-json\/wp\/v2\/pages"}],"about":[{"href":"https:\/\/www.ifbaiano.edu.br\/unidades\/itapetinga\/wp-json\/wp\/v2\/types\/page"}],"author":[{"embeddable":true,"href":"https:\/\/www.ifbaiano.edu.br\/unidades\/itapetinga\/wp-json\/wp\/v2\/users\/158"}],"replies":[{"embeddable":true,"href":"https:\/\/www.ifbaiano.edu.br\/unidades\/itapetinga\/wp-json\/wp\/v2\/comments?post=40557"}],"version-history":[{"count":10,"href":"https:\/\/www.ifbaiano.edu.br\/unidades\/itapetinga\/wp-json\/wp\/v2\/pages\/40557\/revisions"}],"predecessor-version":[{"id":42224,"href":"https:\/\/www.ifbaiano.edu.br\/unidades\/itapetinga\/wp-json\/wp\/v2\/pages\/40557\/revisions\/42224"}],"up":[{"embeddable":true,"href":"https:\/\/www.ifbaiano.edu.br\/unidades\/itapetinga\/wp-json\/wp\/v2\/pages\/40540"}],"wp:attachment":[{"href":"https:\/\/www.ifbaiano.edu.br\/unidades\/itapetinga\/wp-json\/wp\/v2\/media?parent=40557"}],"curies":[{"name":"wp","href":"https:\/\/api.w.org\/{rel}","templated":true}]}}