{"id":40567,"date":"2023-03-09T08:10:32","date_gmt":"2023-03-09T11:10:32","guid":{"rendered":"https:\/\/www.ifbaiano.edu.br\/unidades\/itapetinga\/?page_id=40567"},"modified":"2024-04-15T17:38:26","modified_gmt":"2024-04-15T20:38:26","slug":"pincel","status":"publish","type":"page","link":"https:\/\/www.ifbaiano.edu.br\/unidades\/itapetinga\/assistencia-estudantil\/programas\/pincel\/","title":{"rendered":"PINCEL"},"content":{"rendered":"\n<hr class=\"wp-block-separator has-text-color has-css-opacity has-background is-style-wide\" style=\"background-color:#095008;color:#095008\" \/>\n\n\n\n<p><strong><span style=\"color:#095008\" class=\"has-inline-color\">O Programa<\/span><\/strong><\/p>\n\n\n\n<p>O PINCEL visa propiciar aos estudantes a participa\u00e7\u00e3o em atividades art\u00edsticas culturais, esportivas e de lazer, com vistas \u00e0 melhoria do desempenho acad\u00eamico, \u00e0 produ\u00e7\u00e3o do conhecimento e \u00e0 plena forma\u00e7\u00e3o cidad\u00e3. O Programa contempla os seguintes aux\u00edlios: Aux\u00edlio Participa\u00e7\u00e3o em Atividades Esportivas; Aux\u00edlio Participa\u00e7\u00e3o em Atividades Art\u00edsticas e Culturais.<\/p>\n\n\n\n<p>O programa \u00e9 regulamentado por Edital, sua implementa\u00e7\u00e3o ocorre em regime de fluxo cont\u00ednuo, ou seja, a solicita\u00e7\u00e3o pode ocorrer a qualquer tempo no ano letivo.<\/p>\n\n\n\n<p><strong><a href=\"https:\/\/www.ifbaiano.edu.br\/unidades\/itapetinga\/files\/2023\/03\/Portaria-NCEL.pdf\" data-type=\"URL\" data-id=\"https:\/\/www.ifbaiano.edu.br\/unidades\/itapetinga\/files\/2023\/03\/Portaria-NCEL.pdf\">Portaria N\u00facleo de Cultura, Esporte e Lazer<\/a><\/strong><\/p>\n\n\n\n<hr class=\"wp-block-separator has-css-opacity\" \/>\n\n\n\n<p><strong><mark style=\"color:#095008\" class=\"has-inline-color\">Editais e Documentos<\/mark><\/strong><\/p>\n\n\n\n<p><strong><a href=\"https:\/\/www.ifbaiano.edu.br\/unidades\/itapetinga\/edital-programa-de-incentivo-a-cultura-esporte-e-lazer-pincel-2024\/\" data-type=\"URL\" data-id=\"https:\/\/www.ifbaiano.edu.br\/unidades\/itapetinga\/edital-programa-de-incentivo-a-cultura-esporte-e-lazer-pincel-2024\/\">2024<\/a><\/strong><\/p>\n\n\n\n<p><strong><a href=\"https:\/\/www.ifbaiano.edu.br\/unidades\/itapetinga\/2022\/11\/30\/programa-de-incentivo-a-cultura-esporte-e-lazer-pincel\/\" data-type=\"URL\" data-id=\"https:\/\/www.ifbaiano.edu.br\/unidades\/itapetinga\/2022\/11\/30\/programa-de-incentivo-a-cultura-esporte-e-lazer-pincel\/\">2022<\/a><\/strong><\/p>\n\n\n\n<p><strong><a href=\"https:\/\/www.ifbaiano.edu.br\/unidades\/itapetinga\/files\/2024\/02\/Atendidos-pelo-PINCEL-nos-anos-2022-e-2023.pdf\" data-type=\"URL\" data-id=\"https:\/\/www.ifbaiano.edu.br\/unidades\/itapetinga\/files\/2024\/02\/Atendidos-pelo-PINCEL-nos-anos-2022-e-2023.pdf\">Estudantes atendidos pelo Programa 2022-2023<\/a><\/strong><\/p>\n\n\n\n<p><\/p>\n","protected":false},"excerpt":{"rendered":"<p>O Programa O PINCEL visa propiciar aos estudantes a participa\u00e7\u00e3o em atividades art\u00edsticas culturais, esportivas e de lazer, com vistas \u00e0 melhoria do desempenho acad\u00eamico, \u00e0 produ\u00e7\u00e3o do conhecimento e \u00e0 plena forma\u00e7\u00e3o cidad\u00e3. O Programa contempla os seguintes aux\u00edlios: Aux\u00edlio Participa\u00e7\u00e3o em Atividades Esportivas; Aux\u00edlio Participa\u00e7\u00e3o em Atividades Art\u00edsticas e Culturais. O programa \u00e9 [&hellip;]<\/p>\n","protected":false},"author":158,"featured_media":0,"parent":40540,"menu_order":0,"comment_status":"closed","ping_status":"closed","template":"","meta":[],"_links":{"self":[{"href":"https:\/\/www.ifbaiano.edu.br\/unidades\/itapetinga\/wp-json\/wp\/v2\/pages\/40567"}],"collection":[{"href":"https:\/\/www.ifbaiano.edu.br\/unidades\/itapetinga\/wp-json\/wp\/v2\/pages"}],"about":[{"href":"https:\/\/www.ifbaiano.edu.br\/unidades\/itapetinga\/wp-json\/wp\/v2\/types\/page"}],"author":[{"embeddable":true,"href":"https:\/\/www.ifbaiano.edu.br\/unidades\/itapetinga\/wp-json\/wp\/v2\/users\/158"}],"replies":[{"embeddable":true,"href":"https:\/\/www.ifbaiano.edu.br\/unidades\/itapetinga\/wp-json\/wp\/v2\/comments?post=40567"}],"version-history":[{"count":9,"href":"https:\/\/www.ifbaiano.edu.br\/unidades\/itapetinga\/wp-json\/wp\/v2\/pages\/40567\/revisions"}],"predecessor-version":[{"id":42251,"href":"https:\/\/www.ifbaiano.edu.br\/unidades\/itapetinga\/wp-json\/wp\/v2\/pages\/40567\/revisions\/42251"}],"up":[{"embeddable":true,"href":"https:\/\/www.ifbaiano.edu.br\/unidades\/itapetinga\/wp-json\/wp\/v2\/pages\/40540"}],"wp:attachment":[{"href":"https:\/\/www.ifbaiano.edu.br\/unidades\/itapetinga\/wp-json\/wp\/v2\/media?parent=40567"}],"curies":[{"name":"wp","href":"https:\/\/api.w.org\/{rel}","templated":true}]}}