{"id":40571,"date":"2023-03-09T08:17:33","date_gmt":"2023-03-09T11:17:33","guid":{"rendered":"https:\/\/www.ifbaiano.edu.br\/unidades\/itapetinga\/?page_id=40571"},"modified":"2024-04-15T17:44:04","modified_gmt":"2024-04-15T20:44:04","slug":"pro-saude","status":"publish","type":"page","link":"https:\/\/www.ifbaiano.edu.br\/unidades\/itapetinga\/assistencia-estudantil\/programas\/pro-saude\/","title":{"rendered":"Pr\u00f3-Sa\u00fade"},"content":{"rendered":"\n<hr class=\"wp-block-separator has-text-color has-css-opacity has-background is-style-wide\" style=\"background-color:#0a571a;color:#0a571a\" \/>\n\n\n\n<p><strong><span style=\"color:#0a571a\" class=\"has-inline-color\">O Programa<\/span><\/strong><\/p>\n\n\n\n<p>O PRO-SA\u00daDE visa desenvolver a\u00e7\u00f5es voltadas \u00e0 preven\u00e7\u00e3o de doen\u00e7as e promo\u00e7\u00e3o da sa\u00fade dos(as) discentes. O planejamento e desenvolvimento das a\u00e7\u00f5es do Programa \u00e9 realizado pelo N\u00facleo de sa\u00fade constitu\u00eddo pelos profissionais da \u00e1rea de psicologia, enfermagem, odontologia, nutri\u00e7\u00e3o, e servi\u00e7o social.<\/p>\n\n\n\n<hr class=\"wp-block-separator has-css-opacity\" \/>\n\n\n\n<p><strong><mark style=\"color:#095008\" class=\"has-inline-color\">Portaria e Documentos<\/mark><\/strong><\/p>\n\n\n\n<p><strong><a href=\"https:\/\/www.ifbaiano.edu.br\/unidades\/itapetinga\/files\/2023\/03\/Portaria-NUSA.pdf\" data-type=\"URL\" data-id=\"https:\/\/www.ifbaiano.edu.br\/unidades\/itapetinga\/files\/2023\/03\/Portaria-NUSA.pdf\">Portaria N\u00facleo de Assist\u00eancia e Inclus\u00e3o Social do Estudante<\/a><\/strong><\/p>\n","protected":false},"excerpt":{"rendered":"<p>O Programa O PRO-SA\u00daDE visa desenvolver a\u00e7\u00f5es voltadas \u00e0 preven\u00e7\u00e3o de doen\u00e7as e promo\u00e7\u00e3o da sa\u00fade dos(as) discentes. O planejamento e desenvolvimento das a\u00e7\u00f5es do Programa \u00e9 realizado pelo N\u00facleo de sa\u00fade constitu\u00eddo pelos profissionais da \u00e1rea de psicologia, enfermagem, odontologia, nutri\u00e7\u00e3o, e servi\u00e7o social. Portaria e Documentos Portaria N\u00facleo de Assist\u00eancia e Inclus\u00e3o Social [&hellip;]<\/p>\n","protected":false},"author":158,"featured_media":0,"parent":40540,"menu_order":0,"comment_status":"closed","ping_status":"closed","template":"","meta":[],"_links":{"self":[{"href":"https:\/\/www.ifbaiano.edu.br\/unidades\/itapetinga\/wp-json\/wp\/v2\/pages\/40571"}],"collection":[{"href":"https:\/\/www.ifbaiano.edu.br\/unidades\/itapetinga\/wp-json\/wp\/v2\/pages"}],"about":[{"href":"https:\/\/www.ifbaiano.edu.br\/unidades\/itapetinga\/wp-json\/wp\/v2\/types\/page"}],"author":[{"embeddable":true,"href":"https:\/\/www.ifbaiano.edu.br\/unidades\/itapetinga\/wp-json\/wp\/v2\/users\/158"}],"replies":[{"embeddable":true,"href":"https:\/\/www.ifbaiano.edu.br\/unidades\/itapetinga\/wp-json\/wp\/v2\/comments?post=40571"}],"version-history":[{"count":4,"href":"https:\/\/www.ifbaiano.edu.br\/unidades\/itapetinga\/wp-json\/wp\/v2\/pages\/40571\/revisions"}],"predecessor-version":[{"id":42253,"href":"https:\/\/www.ifbaiano.edu.br\/unidades\/itapetinga\/wp-json\/wp\/v2\/pages\/40571\/revisions\/42253"}],"up":[{"embeddable":true,"href":"https:\/\/www.ifbaiano.edu.br\/unidades\/itapetinga\/wp-json\/wp\/v2\/pages\/40540"}],"wp:attachment":[{"href":"https:\/\/www.ifbaiano.edu.br\/unidades\/itapetinga\/wp-json\/wp\/v2\/media?parent=40571"}],"curies":[{"name":"wp","href":"https:\/\/api.w.org\/{rel}","templated":true}]}}