{"id":40575,"date":"2023-03-09T08:23:27","date_gmt":"2023-03-09T11:23:27","guid":{"rendered":"https:\/\/www.ifbaiano.edu.br\/unidades\/itapetinga\/?page_id=40575"},"modified":"2024-04-15T17:43:06","modified_gmt":"2024-04-15T20:43:06","slug":"proap","status":"publish","type":"page","link":"https:\/\/www.ifbaiano.edu.br\/unidades\/itapetinga\/assistencia-estudantil\/programas\/proap\/","title":{"rendered":"PROAP"},"content":{"rendered":"\n<hr class=\"wp-block-separator has-text-color has-css-opacity has-background is-style-wide\" style=\"background-color:#096109;color:#096109\" \/>\n\n\n\n<p><strong><span style=\"color:#096109\" class=\"has-inline-color\">O Programa<\/span><\/strong><\/p>\n\n\n\n<p>O PROAP tem como objetivo propiciar a perman\u00eancia e \u00eaxito do estudante, por meio da identifica\u00e7\u00e3o das dificuldades que influenciam na evas\u00e3o e reten\u00e7\u00e3o, buscando formas de super\u00e1-las por meio do acompanhamento pedag\u00f3gico e o atendimento psicossocial.<\/p>\n\n\n\n<p>O planejamento e desenvolvimento das a\u00e7\u00f5es do PROAP, \u00e9 realizado pelo N\u00facleo de Apoio Pedag\u00f3gico e Psicossocial (NAPSI), constitu\u00eddo por assistente social, psic\u00f3loga e pedagogo.<\/p>\n\n\n\n<hr class=\"wp-block-separator has-css-opacity\" \/>\n\n\n\n<p><strong><mark style=\"color:#095008\" class=\"has-inline-color\">Portaria e Documentos<\/mark><\/strong><\/p>\n\n\n\n<p><strong><a href=\"https:\/\/www.ifbaiano.edu.br\/unidades\/itapetinga\/files\/2023\/03\/Portaria-NUSA.pdf\" data-type=\"URL\" data-id=\"https:\/\/www.ifbaiano.edu.br\/unidades\/itapetinga\/files\/2023\/03\/Portaria-NUSA.pdf\">Portaria N\u00facleo de Apoio Pedag\u00f3gico e Psicossocial <\/a><\/strong><\/p>\n","protected":false},"excerpt":{"rendered":"<p>O Programa O PROAP tem como objetivo propiciar a perman\u00eancia e \u00eaxito do estudante, por meio da identifica\u00e7\u00e3o das dificuldades que influenciam na evas\u00e3o e reten\u00e7\u00e3o, buscando formas de super\u00e1-las por meio do acompanhamento pedag\u00f3gico e o atendimento psicossocial. O planejamento e desenvolvimento das a\u00e7\u00f5es do PROAP, \u00e9 realizado pelo N\u00facleo de Apoio Pedag\u00f3gico e [&hellip;]<\/p>\n","protected":false},"author":158,"featured_media":0,"parent":40540,"menu_order":0,"comment_status":"closed","ping_status":"closed","template":"","meta":[],"_links":{"self":[{"href":"https:\/\/www.ifbaiano.edu.br\/unidades\/itapetinga\/wp-json\/wp\/v2\/pages\/40575"}],"collection":[{"href":"https:\/\/www.ifbaiano.edu.br\/unidades\/itapetinga\/wp-json\/wp\/v2\/pages"}],"about":[{"href":"https:\/\/www.ifbaiano.edu.br\/unidades\/itapetinga\/wp-json\/wp\/v2\/types\/page"}],"author":[{"embeddable":true,"href":"https:\/\/www.ifbaiano.edu.br\/unidades\/itapetinga\/wp-json\/wp\/v2\/users\/158"}],"replies":[{"embeddable":true,"href":"https:\/\/www.ifbaiano.edu.br\/unidades\/itapetinga\/wp-json\/wp\/v2\/comments?post=40575"}],"version-history":[{"count":3,"href":"https:\/\/www.ifbaiano.edu.br\/unidades\/itapetinga\/wp-json\/wp\/v2\/pages\/40575\/revisions"}],"predecessor-version":[{"id":42252,"href":"https:\/\/www.ifbaiano.edu.br\/unidades\/itapetinga\/wp-json\/wp\/v2\/pages\/40575\/revisions\/42252"}],"up":[{"embeddable":true,"href":"https:\/\/www.ifbaiano.edu.br\/unidades\/itapetinga\/wp-json\/wp\/v2\/pages\/40540"}],"wp:attachment":[{"href":"https:\/\/www.ifbaiano.edu.br\/unidades\/itapetinga\/wp-json\/wp\/v2\/media?parent=40575"}],"curies":[{"name":"wp","href":"https:\/\/api.w.org\/{rel}","templated":true}]}}