{"id":40655,"date":"2023-03-14T07:29:31","date_gmt":"2023-03-14T10:29:31","guid":{"rendered":"https:\/\/www.ifbaiano.edu.br\/unidades\/itapetinga\/?page_id=40655"},"modified":"2023-06-01T09:19:15","modified_gmt":"2023-06-01T12:19:15","slug":"gremio-estudantil-2023","status":"publish","type":"page","link":"https:\/\/www.ifbaiano.edu.br\/unidades\/itapetinga\/gremio-estudantil\/gremio-estudantil-2023\/","title":{"rendered":"Gr\u00eamio Estudantil 2023"},"content":{"rendered":"\n<hr class=\"wp-block-separator has-css-opacity\" \/>\n\n\n\n<p class=\"has-small-font-size\"><strong>ELEI\u00c7\u00c3O DO GR\u00caMIO ESTUDANTIL DOS CURSOS T\u00c9CNICOS INTEGRADOS E SUBSEQUENTES AO ENSINO M\u00c9DIO<\/strong><\/p>\n\n\n\n<p class=\"has-small-font-size\"><strong><a href=\"https:\/\/www.ifbaiano.edu.br\/unidades\/itapetinga\/2023\/06\/01\/eleicoes-do-gremio-estudantil-dos-cursos-tecnicos-integrados-e-subsequentes-ao-ensino-medio-gremio-estudantil-2023\/\" target=\"_blank\" rel=\"noreferrer noopener\">Edital n\u00b002 de 2023<\/a><\/strong><\/p>\n\n\n\n<hr class=\"wp-block-separator has-css-opacity\" \/>\n\n\n\n<p class=\"has-small-font-size\"><strong>ELEI\u00c7\u00c3O DO GR\u00caMIO ESTUDANTIL DOS CURSOS T\u00c9CNICOS INTEGRADOS E SUBSEQUENTES AO ENSINO M\u00c9DIO<\/strong><\/p>\n\n\n\n<p class=\"has-small-font-size\"><strong><a href=\"https:\/\/www.ifbaiano.edu.br\/unidades\/itapetinga\/gremio-estudantil\/gremio-estudantil-2023\/eleicao-do-gremio-estudantil-dos-cursos-tecnicosintegrados-e-subsequentes-ao-ensino-medio\/\" data-type=\"URL\" data-id=\"https:\/\/www.ifbaiano.edu.br\/unidades\/itapetinga\/gremio-estudantil\/gremio-estudantil-2023\/eleicao-do-gremio-estudantil-dos-cursos-tecnicosintegrados-e-subsequentes-ao-ensino-medio\/\">Edital n\u00b001 de 2023<\/a><\/strong><\/p>\n\n\n\n<hr class=\"wp-block-separator has-alpha-channel-opacity\" \/>\n","protected":false},"excerpt":{"rendered":"<p>ELEI\u00c7\u00c3O DO GR\u00caMIO ESTUDANTIL DOS CURSOS T\u00c9CNICOS INTEGRADOS E SUBSEQUENTES AO ENSINO M\u00c9DIO Edital n\u00b002 de 2023 ELEI\u00c7\u00c3O DO GR\u00caMIO ESTUDANTIL DOS CURSOS T\u00c9CNICOS INTEGRADOS E SUBSEQUENTES AO ENSINO M\u00c9DIO Edital n\u00b001 de 2023<\/p>\n","protected":false},"author":158,"featured_media":0,"parent":33623,"menu_order":0,"comment_status":"closed","ping_status":"closed","template":"","meta":[],"_links":{"self":[{"href":"https:\/\/www.ifbaiano.edu.br\/unidades\/itapetinga\/wp-json\/wp\/v2\/pages\/40655"}],"collection":[{"href":"https:\/\/www.ifbaiano.edu.br\/unidades\/itapetinga\/wp-json\/wp\/v2\/pages"}],"about":[{"href":"https:\/\/www.ifbaiano.edu.br\/unidades\/itapetinga\/wp-json\/wp\/v2\/types\/page"}],"author":[{"embeddable":true,"href":"https:\/\/www.ifbaiano.edu.br\/unidades\/itapetinga\/wp-json\/wp\/v2\/users\/158"}],"replies":[{"embeddable":true,"href":"https:\/\/www.ifbaiano.edu.br\/unidades\/itapetinga\/wp-json\/wp\/v2\/comments?post=40655"}],"version-history":[{"count":3,"href":"https:\/\/www.ifbaiano.edu.br\/unidades\/itapetinga\/wp-json\/wp\/v2\/pages\/40655\/revisions"}],"predecessor-version":[{"id":40907,"href":"https:\/\/www.ifbaiano.edu.br\/unidades\/itapetinga\/wp-json\/wp\/v2\/pages\/40655\/revisions\/40907"}],"up":[{"embeddable":true,"href":"https:\/\/www.ifbaiano.edu.br\/unidades\/itapetinga\/wp-json\/wp\/v2\/pages\/33623"}],"wp:attachment":[{"href":"https:\/\/www.ifbaiano.edu.br\/unidades\/itapetinga\/wp-json\/wp\/v2\/media?parent=40655"}],"curies":[{"name":"wp","href":"https:\/\/api.w.org\/{rel}","templated":true}]}}