{"id":40657,"date":"2023-03-14T07:32:31","date_gmt":"2023-03-14T10:32:31","guid":{"rendered":"https:\/\/www.ifbaiano.edu.br\/unidades\/itapetinga\/?page_id=40657"},"modified":"2023-03-14T07:36:36","modified_gmt":"2023-03-14T10:36:36","slug":"eleicao-do-gremio-estudantil-dos-cursos-tecnicosintegrados-e-subsequentes-ao-ensino-medio","status":"publish","type":"page","link":"https:\/\/www.ifbaiano.edu.br\/unidades\/itapetinga\/gremio-estudantil\/gremio-estudantil-2023\/eleicao-do-gremio-estudantil-dos-cursos-tecnicosintegrados-e-subsequentes-ao-ensino-medio\/","title":{"rendered":"ELEI\u00c7\u00c3O DO GR\u00caMIO ESTUDANTIL DOS CURSOS T\u00c9CNICOS,INTEGRADOS E SUBSEQUENTES AO ENSINO M\u00c9DIO"},"content":{"rendered":"\n<p>A Comiss\u00e3o Eleitoral, no uso de suas atribui\u00e7\u00f5es legais, torna p\u00fablica a convoca\u00e7\u00e3o dos discentes, regularmente matriculados, cursando o Curso T\u00e9cnico em Agropecu\u00e1ria, Meio ambiente e Agroind\u00fastria integrado ao Ensino M\u00e9dio e T\u00e9cnico em Agropecu\u00e1ria, Alimentos e Manuten\u00e7\u00e3o e Suporte em Inform\u00e1tica Subsequentes ao Ensino M\u00e9dio, do Campus Itapetinga BA, para a elei\u00e7\u00e3o dos membros representantes do Gr\u00eamio Estudantil dos Cursos T\u00e9cnicos Integrados e Subsequentes \u2013 Gest\u00e3o 2022.2\/2023.1 &#8211; 2023.1\/2023.2 conforme o presente edital.<\/p>\n\n\n\n<hr class=\"wp-block-separator\" \/>\n\n\n\n<p><strong>Editais e Documentos<\/strong><\/p>\n\n\n\n<div class=\"wp-block-file\"><a href=\"https:\/\/www.ifbaiano.edu.br\/unidades\/itapetinga\/files\/2023\/03\/Edital-No-01_2023-Gremio-Estudantil.pdf\" target=\"_blank\" rel=\"noreferrer noopener\">Edital-No-01_2023-Gremio-Estudantil<\/a><\/div>\n","protected":false},"excerpt":{"rendered":"<p>A Comiss\u00e3o Eleitoral, no uso de suas atribui\u00e7\u00f5es legais, torna p\u00fablica a convoca\u00e7\u00e3o dos discentes, regularmente matriculados, cursando o Curso T\u00e9cnico em Agropecu\u00e1ria, Meio ambiente e Agroind\u00fastria integrado ao Ensino M\u00e9dio e T\u00e9cnico em Agropecu\u00e1ria, Alimentos e Manuten\u00e7\u00e3o e Suporte em Inform\u00e1tica Subsequentes ao Ensino M\u00e9dio, do Campus Itapetinga BA, para a elei\u00e7\u00e3o dos membros [&hellip;]<\/p>\n","protected":false},"author":158,"featured_media":0,"parent":40655,"menu_order":0,"comment_status":"closed","ping_status":"closed","template":"","meta":[],"_links":{"self":[{"href":"https:\/\/www.ifbaiano.edu.br\/unidades\/itapetinga\/wp-json\/wp\/v2\/pages\/40657"}],"collection":[{"href":"https:\/\/www.ifbaiano.edu.br\/unidades\/itapetinga\/wp-json\/wp\/v2\/pages"}],"about":[{"href":"https:\/\/www.ifbaiano.edu.br\/unidades\/itapetinga\/wp-json\/wp\/v2\/types\/page"}],"author":[{"embeddable":true,"href":"https:\/\/www.ifbaiano.edu.br\/unidades\/itapetinga\/wp-json\/wp\/v2\/users\/158"}],"replies":[{"embeddable":true,"href":"https:\/\/www.ifbaiano.edu.br\/unidades\/itapetinga\/wp-json\/wp\/v2\/comments?post=40657"}],"version-history":[{"count":3,"href":"https:\/\/www.ifbaiano.edu.br\/unidades\/itapetinga\/wp-json\/wp\/v2\/pages\/40657\/revisions"}],"predecessor-version":[{"id":40663,"href":"https:\/\/www.ifbaiano.edu.br\/unidades\/itapetinga\/wp-json\/wp\/v2\/pages\/40657\/revisions\/40663"}],"up":[{"embeddable":true,"href":"https:\/\/www.ifbaiano.edu.br\/unidades\/itapetinga\/wp-json\/wp\/v2\/pages\/40655"}],"wp:attachment":[{"href":"https:\/\/www.ifbaiano.edu.br\/unidades\/itapetinga\/wp-json\/wp\/v2\/media?parent=40657"}],"curies":[{"name":"wp","href":"https:\/\/api.w.org\/{rel}","templated":true}]}}