{"id":40810,"date":"2023-05-10T15:34:14","date_gmt":"2023-05-10T18:34:14","guid":{"rendered":"https:\/\/www.ifbaiano.edu.br\/unidades\/itapetinga\/?page_id=40810"},"modified":"2023-06-22T18:34:48","modified_gmt":"2023-06-22T21:34:48","slug":"sisu-2023-1","status":"publish","type":"page","link":"https:\/\/www.ifbaiano.edu.br\/unidades\/itapetinga\/sisu-2023-1\/","title":{"rendered":"SISU 2023.1"},"content":{"rendered":"\n<p class=\"has-large-font-size\"><strong>Sistema de Sele\u00e7\u00e3o Unificada<\/strong><\/p>\n\n\n\n<p>Editais e Documentos<\/p>\n\n\n\n<p><strong><a href=\"https:\/\/www.ifbaiano.edu.br\/unidades\/itapetinga\/files\/2023\/06\/Resultado-final-vagas-remanescentes-Sistema-Informacao.pdf\" data-type=\"URL\" data-id=\"https:\/\/www.ifbaiano.edu.br\/unidades\/itapetinga\/files\/2023\/06\/Resultado-final-vagas-remanescentes-Sistema-Informacao.pdf\">Resultado Final das Inscri\u00e7\u00f5es de Vagas Remanescentes<\/a><\/strong><\/p>\n\n\n\n<hr class=\"wp-block-separator has-alpha-channel-opacity\" \/>\n\n\n\n<p><strong><a href=\"https:\/\/www.ifbaiano.edu.br\/unidades\/itapetinga\/files\/2023\/06\/Resultado-Preliminar-das-Inscricoes-de-Vagas-Remanescentes.pdf\" target=\"_blank\" rel=\"noreferrer noopener\">Resultado Preliminar das Inscri\u00e7\u00f5es de Vagas Remanescentes<\/a><\/strong><\/p>\n\n\n\n<hr class=\"wp-block-separator has-alpha-channel-opacity\" \/>\n\n\n\n<p><strong><a href=\"https:\/\/www.ifbaiano.edu.br\/unidades\/itapetinga\/files\/2023\/06\/Resultado-Final-da-Verificacao-de-Autodeclaracao-Etnico-Racial.pdf\" target=\"_blank\" rel=\"noreferrer noopener\">Resultado Final da Verifica\u00e7\u00e3o de Autodeclara\u00e7\u00e3o \u00c9tnico-Racial<\/a><\/strong><\/p>\n\n\n\n<hr class=\"wp-block-separator has-alpha-channel-opacity\" \/>\n\n\n\n<p><strong><a href=\"https:\/\/www.ifbaiano.edu.br\/unidades\/itapetinga\/files\/2023\/06\/Resultado-Preliminar-da-Verificacao-de-Autodeclaracao-Etnico-Racial.pdf\" target=\"_blank\" rel=\"noreferrer noopener\">Resultado Preliminar da Verifica\u00e7\u00e3o de Autodeclara\u00e7\u00e3o \u00c9tnico-Racial<\/a><\/strong><\/p>\n\n\n\n<hr class=\"wp-block-separator has-alpha-channel-opacity\" \/>\n\n\n\n<p><strong><a href=\"https:\/\/www.ifbaiano.edu.br\/unidades\/itapetinga\/files\/2023\/06\/Convocacao-da-Comissao-de-Heteroidentificacao.docx\" target=\"_blank\" rel=\"noreferrer noopener\">Convoca\u00e7\u00e3o da Comiss\u00e3o de Heteroidentifica\u00e7\u00e3o<\/a><\/strong><\/p>\n\n\n\n<hr class=\"wp-block-separator has-alpha-channel-opacity\" \/>\n\n\n\n<p><strong><a href=\"https:\/\/www.ifbaiano.edu.br\/unidades\/itapetinga\/files\/2023\/06\/Curriculo-dos-membros-da-banca-de-avaliacao-da-autodeclaracao-vagas-remanescentes.docx\" target=\"_blank\" rel=\"noreferrer noopener\">Curr\u00edculo dos Membros da Banca de Avalia\u00e7\u00e3o da Autodeclara\u00e7\u00e3o Vagas Remanescentes<\/a><\/strong><\/p>\n\n\n\n<hr class=\"wp-block-separator has-alpha-channel-opacity\" \/>\n\n\n\n<p><strong><a href=\"https:\/\/www.ifbaiano.edu.br\/unidades\/itapetinga\/files\/2023\/06\/Lista-final-de-candidatos-homologados.pdf\" target=\"_blank\" rel=\"noreferrer noopener\">Lista Final de Candidatos(as) Homologados<\/a><\/strong><\/p>\n\n\n\n<hr class=\"wp-block-separator has-alpha-channel-opacity\" \/>\n\n\n\n<p><a href=\"https:\/\/www.ifbaiano.edu.br\/unidades\/itapetinga\/files\/2023\/06\/LISTA-PRELIMINAR-DOS-AS-CANDIDATOSAS-HOMOLOGADOS_REMANESCENTES.pdf\" target=\"_blank\" rel=\"noreferrer noopener\"><strong>Lista Preliminar dos(as) Candidatos(as) SISU 2023.1 Vagas Remanescentes<\/strong><\/a><\/p>\n\n\n\n<hr class=\"wp-block-separator has-alpha-channel-opacity\" \/>\n\n\n\n<p><strong><a rel=\"noreferrer noopener\" href=\"https:\/\/www.ifbaiano.edu.br\/unidades\/itapetinga\/files\/2023\/05\/Edital-de-Retificacao-n.-2-Inscricoes-BSI.pdf\" target=\"_blank\">Edital SISU 2023.1 (Vagas Remanescentes) Retifica\u00e7\u00e3o do Cronograma<\/a><\/strong><\/p>\n\n\n\n<hr class=\"wp-block-separator has-alpha-channel-opacity\" \/>\n\n\n\n<p><strong><a href=\"https:\/\/www.ifbaiano.edu.br\/unidades\/itapetinga\/files\/2023\/05\/Edital-SISU-2023.1vagas-remanescentes-Final-Retificado.pdf\" data-type=\"URL\" data-id=\"https:\/\/www.ifbaiano.edu.br\/unidades\/itapetinga\/files\/2023\/05\/Edital-SISU-2023.1vagas-remanescentes-Final-Retificado.pdf\">Edital Final (Vagas Remanescentes) Retificado<\/a><\/strong><\/p>\n\n\n\n<hr class=\"wp-block-separator has-alpha-channel-opacity\" \/>\n\n\n\n<p><strong><a href=\"https:\/\/www.ifbaiano.edu.br\/unidades\/itapetinga\/files\/2023\/05\/Edital-SISU-2023.1vagas-remanescentes-Final.pdf\" data-type=\"URL\" data-id=\"https:\/\/www.ifbaiano.edu.br\/unidades\/itapetinga\/files\/2023\/05\/Edital-SISU-2023.1vagas-remanescentes-Final.pdf\">Edital Final (Vagas Remanescentes)<\/a><\/strong><\/p>\n\n\n\n<hr class=\"wp-block-separator has-alpha-channel-opacity\" \/>\n\n\n\n<p> <strong><a href=\"https:\/\/www.ifbaiano.edu.br\/unidades\/itapetinga\/files\/2023\/05\/Edital-SISU-2023.1vagas-remanescentes.pdf\">Edital SISU 2023.1 (Vagas Remanescentes)<\/a><\/strong><\/p>\n\n\n\n<hr class=\"wp-block-separator has-alpha-channel-opacity\" \/>\n\n\n\n<p><\/p>\n","protected":false},"excerpt":{"rendered":"<p>Sistema de Sele\u00e7\u00e3o Unificada Editais e Documentos Resultado Final das Inscri\u00e7\u00f5es de Vagas Remanescentes Resultado Preliminar das Inscri\u00e7\u00f5es de Vagas Remanescentes Resultado Final da Verifica\u00e7\u00e3o de Autodeclara\u00e7\u00e3o \u00c9tnico-Racial Resultado Preliminar da Verifica\u00e7\u00e3o de Autodeclara\u00e7\u00e3o \u00c9tnico-Racial Convoca\u00e7\u00e3o da Comiss\u00e3o de Heteroidentifica\u00e7\u00e3o Curr\u00edculo dos Membros da Banca de Avalia\u00e7\u00e3o da Autodeclara\u00e7\u00e3o Vagas Remanescentes Lista Final de Candidatos(as) [&hellip;]<\/p>\n","protected":false},"author":158,"featured_media":0,"parent":0,"menu_order":0,"comment_status":"closed","ping_status":"closed","template":"","meta":[],"_links":{"self":[{"href":"https:\/\/www.ifbaiano.edu.br\/unidades\/itapetinga\/wp-json\/wp\/v2\/pages\/40810"}],"collection":[{"href":"https:\/\/www.ifbaiano.edu.br\/unidades\/itapetinga\/wp-json\/wp\/v2\/pages"}],"about":[{"href":"https:\/\/www.ifbaiano.edu.br\/unidades\/itapetinga\/wp-json\/wp\/v2\/types\/page"}],"author":[{"embeddable":true,"href":"https:\/\/www.ifbaiano.edu.br\/unidades\/itapetinga\/wp-json\/wp\/v2\/users\/158"}],"replies":[{"embeddable":true,"href":"https:\/\/www.ifbaiano.edu.br\/unidades\/itapetinga\/wp-json\/wp\/v2\/comments?post=40810"}],"version-history":[{"count":12,"href":"https:\/\/www.ifbaiano.edu.br\/unidades\/itapetinga\/wp-json\/wp\/v2\/pages\/40810\/revisions"}],"predecessor-version":[{"id":40956,"href":"https:\/\/www.ifbaiano.edu.br\/unidades\/itapetinga\/wp-json\/wp\/v2\/pages\/40810\/revisions\/40956"}],"wp:attachment":[{"href":"https:\/\/www.ifbaiano.edu.br\/unidades\/itapetinga\/wp-json\/wp\/v2\/media?parent=40810"}],"curies":[{"name":"wp","href":"https:\/\/api.w.org\/{rel}","templated":true}]}}