{"id":40853,"date":"2023-05-24T11:47:38","date_gmt":"2023-05-24T14:47:38","guid":{"rendered":"https:\/\/www.ifbaiano.edu.br\/unidades\/itapetinga\/?page_id=40853"},"modified":"2024-03-21T10:08:19","modified_gmt":"2024-03-21T13:08:19","slug":"processo-de-ingresso-de-estudantes-cursos-tecnicos-subsequentes","status":"publish","type":"page","link":"https:\/\/www.ifbaiano.edu.br\/unidades\/itapetinga\/processo-de-ingresso-de-estudantes-cursos-tecnicos-subsequentes\/","title":{"rendered":"Cursos T\u00e9cnicos Subsequentes"},"content":{"rendered":"\n<p class=\"has-text-align-center\"><strong>PROCESSO SELETIVO PARA INGRESSO DE ESTUDANTES NOS CURSOS DA<\/strong> <strong>EDUCA\u00c7\u00c3O<\/strong><\/p>\n\n\n\n<p class=\"has-text-align-center\"><strong>PROFISSIONAL T\u00c9CNICA DE N\u00cdVEL M\u00c9DIO NA FORMA SUBSEQUENTE AO ENSINO M\u00c9DIO &#8211; MODALIDADE PRESENCIAL<\/strong><\/p>\n\n\n\n<hr class=\"wp-block-separator has-alpha-channel-opacity\" \/>\n\n\n\n<p><strong><a href=\"https:\/\/www.ifbaiano.edu.br\/unidades\/itapetinga\/2023\/05\/26\/processo-de-ingresso-de-estudantes-cursos-tecnicos-subsequentes\/\" target=\"_blank\" rel=\"noreferrer noopener\">PROSEL SUBSEQUENTE &#8211; 2023<\/a><\/strong><\/p>\n\n\n\n<hr class=\"wp-block-separator has-alpha-channel-opacity\" \/>\n\n\n\n<p><a href=\"https:\/\/www.ifbaiano.edu.br\/unidades\/itapetinga\/2022\/05\/23\/prosel\/\" data-type=\"URL\" data-id=\"https:\/\/www.ifbaiano.edu.br\/unidades\/itapetinga\/2022\/05\/23\/prosel\/\"><strong>PROSEL SUBSEQUENTE &#8211; 2022<\/strong><\/a><\/p>\n\n\n\n<hr class=\"wp-block-separator has-alpha-channel-opacity\" \/>\n","protected":false},"excerpt":{"rendered":"<p>PROCESSO SELETIVO PARA INGRESSO DE ESTUDANTES NOS CURSOS DA EDUCA\u00c7\u00c3O PROFISSIONAL T\u00c9CNICA DE N\u00cdVEL M\u00c9DIO NA FORMA SUBSEQUENTE AO ENSINO M\u00c9DIO &#8211; MODALIDADE PRESENCIAL PROSEL SUBSEQUENTE &#8211; 2023 PROSEL SUBSEQUENTE &#8211; 2022<\/p>\n","protected":false},"author":159,"featured_media":0,"parent":0,"menu_order":0,"comment_status":"closed","ping_status":"closed","template":"","meta":[],"_links":{"self":[{"href":"https:\/\/www.ifbaiano.edu.br\/unidades\/itapetinga\/wp-json\/wp\/v2\/pages\/40853"}],"collection":[{"href":"https:\/\/www.ifbaiano.edu.br\/unidades\/itapetinga\/wp-json\/wp\/v2\/pages"}],"about":[{"href":"https:\/\/www.ifbaiano.edu.br\/unidades\/itapetinga\/wp-json\/wp\/v2\/types\/page"}],"author":[{"embeddable":true,"href":"https:\/\/www.ifbaiano.edu.br\/unidades\/itapetinga\/wp-json\/wp\/v2\/users\/159"}],"replies":[{"embeddable":true,"href":"https:\/\/www.ifbaiano.edu.br\/unidades\/itapetinga\/wp-json\/wp\/v2\/comments?post=40853"}],"version-history":[{"count":6,"href":"https:\/\/www.ifbaiano.edu.br\/unidades\/itapetinga\/wp-json\/wp\/v2\/pages\/40853\/revisions"}],"predecessor-version":[{"id":41993,"href":"https:\/\/www.ifbaiano.edu.br\/unidades\/itapetinga\/wp-json\/wp\/v2\/pages\/40853\/revisions\/41993"}],"wp:attachment":[{"href":"https:\/\/www.ifbaiano.edu.br\/unidades\/itapetinga\/wp-json\/wp\/v2\/media?parent=40853"}],"curies":[{"name":"wp","href":"https:\/\/api.w.org\/{rel}","templated":true}]}}