{"id":40867,"date":"2023-05-25T15:24:56","date_gmt":"2023-05-25T18:24:56","guid":{"rendered":"https:\/\/www.ifbaiano.edu.br\/unidades\/itapetinga\/?page_id=40867"},"modified":"2023-06-07T12:07:43","modified_gmt":"2023-06-07T15:07:43","slug":"dispensas-de-licitacao-2023","status":"publish","type":"page","link":"https:\/\/www.ifbaiano.edu.br\/unidades\/itapetinga\/licitacoes-compras\/dispensas-de-licitacao-2023\/","title":{"rendered":"Dispensas de Licita\u00e7\u00f5es 2023"},"content":{"rendered":"\n<p class=\"has-text-align-left\"><strong>Dispensa de licita\u00e7\u00e3o n\u00ba24\/2023<\/strong> &#8211;  Aquisi\u00e7\u00e3o de g\u00eaneros aliment\u00edcios da Agricultura Familiar e do Empreendedor Familiar Rural em obedi\u00eancia ao Programa Nacional de Alimenta\u00e7\u00e3o Escolar (PNAE) e Programa de Aquisi\u00e7\u00e3o de Alimentos (PAA).<\/p>\n\n\n\n<p class=\"has-text-align-left\"><strong><a href=\"https:\/\/www.ifbaiano.edu.br\/unidades\/itapetinga\/files\/2023\/06\/Edital-e-anexos.zip\" target=\"_blank\" rel=\"noreferrer noopener\">Edital e Documentos<\/a><br><\/strong><\/p>\n","protected":false},"excerpt":{"rendered":"<p>Dispensa de licita\u00e7\u00e3o n\u00ba24\/2023 &#8211; Aquisi\u00e7\u00e3o de g\u00eaneros aliment\u00edcios da Agricultura Familiar e do Empreendedor Familiar Rural em obedi\u00eancia ao Programa Nacional de Alimenta\u00e7\u00e3o Escolar (PNAE) e Programa de Aquisi\u00e7\u00e3o de Alimentos (PAA). Edital e Documentos<\/p>\n","protected":false},"author":159,"featured_media":0,"parent":32709,"menu_order":0,"comment_status":"closed","ping_status":"closed","template":"","meta":[],"_links":{"self":[{"href":"https:\/\/www.ifbaiano.edu.br\/unidades\/itapetinga\/wp-json\/wp\/v2\/pages\/40867"}],"collection":[{"href":"https:\/\/www.ifbaiano.edu.br\/unidades\/itapetinga\/wp-json\/wp\/v2\/pages"}],"about":[{"href":"https:\/\/www.ifbaiano.edu.br\/unidades\/itapetinga\/wp-json\/wp\/v2\/types\/page"}],"author":[{"embeddable":true,"href":"https:\/\/www.ifbaiano.edu.br\/unidades\/itapetinga\/wp-json\/wp\/v2\/users\/159"}],"replies":[{"embeddable":true,"href":"https:\/\/www.ifbaiano.edu.br\/unidades\/itapetinga\/wp-json\/wp\/v2\/comments?post=40867"}],"version-history":[{"count":3,"href":"https:\/\/www.ifbaiano.edu.br\/unidades\/itapetinga\/wp-json\/wp\/v2\/pages\/40867\/revisions"}],"predecessor-version":[{"id":40922,"href":"https:\/\/www.ifbaiano.edu.br\/unidades\/itapetinga\/wp-json\/wp\/v2\/pages\/40867\/revisions\/40922"}],"up":[{"embeddable":true,"href":"https:\/\/www.ifbaiano.edu.br\/unidades\/itapetinga\/wp-json\/wp\/v2\/pages\/32709"}],"wp:attachment":[{"href":"https:\/\/www.ifbaiano.edu.br\/unidades\/itapetinga\/wp-json\/wp\/v2\/media?parent=40867"}],"curies":[{"name":"wp","href":"https:\/\/api.w.org\/{rel}","templated":true}]}}