{"id":41058,"date":"2023-08-02T16:07:14","date_gmt":"2023-08-02T19:07:14","guid":{"rendered":"https:\/\/www.ifbaiano.edu.br\/unidades\/itapetinga\/?page_id=41058"},"modified":"2024-02-23T13:56:31","modified_gmt":"2024-02-23T16:56:31","slug":"paise-2023-2","status":"publish","type":"page","link":"https:\/\/www.ifbaiano.edu.br\/unidades\/itapetinga\/programa-de-assistencia-e-inclusao-social-do-estudante-paise\/paise-2023\/paise-2023-2\/","title":{"rendered":"PAISE 2023.2"},"content":{"rendered":"\n<p>O Diretor Geral do Instituto Federal de Educa\u00e7\u00e3o, Ci\u00eancia e Tecnologia Baiano &#8211; IF Baiano Campus Itapetinga, torna p\u00fablico o presente Edital que estabelece as normas e crit\u00e9rios para sele\u00e7\u00e3o de estudantes em vulnerabilidade socioecon\u00f4mica, de cursos presenciais e \u00e0 dist\u00e2ncia, com a finalidade de participa\u00e7\u00e3o na Pol\u00edtica de Assist\u00eancia Estudantil deste Instituto, por meio do Programa de Assist\u00eancia e Inclus\u00e3o Social do Estudante-PAISE.<\/p>\n\n\n\n<p>O Programa contemplar\u00e1 os seguintes aux\u00edlios: Aux\u00edlio Alimenta\u00e7\u00e3o, Aux\u00edlio Creche EAD, Aux\u00edlio Creche presencial, Aux\u00edlio Moradia, Aux\u00edlio Perman\u00eancia, Aux\u00edlio Transporte EAD, Aux\u00edlio Transporte I, Aux\u00edlio Transporte II e Aux\u00edlio Transporte III.<br>As inscri\u00e7\u00f5es ser\u00e3o realizadas na plataforma Opina, dispon\u00edvel no link:&nbsp;<a rel=\"noreferrer noopener\" href=\"http:\/\/opinanovo.ifbaiano.edu.br\/index.php\/387919?lang=pt-BR\" target=\"_blank\">http:\/\/opinanovo.ifbaiano.edu.br\/index.php\/387919?lang=pt-BR<\/a>&nbsp;no per\u00edodo de 10 a&nbsp;25\/08\/2023.<\/p>\n\n\n\n<p>Para participar da sele\u00e7\u00e3o, \u00e9 indispens\u00e1vel que seja enviado, entre outros documentos, o comprovante do Cadastro \u00danico atualizado (o CAD\u00daNICO deve ser atualizado a cada dois anos ou sempre que houver mudan\u00e7as na situa\u00e7\u00e3o familiar).<\/p>\n\n\n\n<p>Para quem j\u00e1 possui inscri\u00e7\u00e3o no CAD\u00daNICO, seguem os meios para acess\u00e1-lo virtualmente:<\/p>\n\n\n\n<p>\u2013 Link do site :<a target=\"_blank\" href=\"https:\/\/cadunico.dataprev.gov.br\/#\/consultaSimples\" rel=\"noreferrer noopener\">https:\/\/cadunico.dataprev.gov.br\/#\/consultaSimples<\/a><br>\u2013 Aplicativo \u201cCadastro \u00danico\u201d, dispon\u00edvel na loja de aplicativos para download gratuito.<br>Para quem ainda n\u00e3o possui o CAD\u00daNICO ou est\u00e1 com ele desatualizado:<br>\u2013 Procure o Centro de Refer\u00eancia da Assist\u00eancia Social (CRAS) ou a unidade de cadastramento da cidade onde voc\u00ea mora, e se informe sobre como proceder.<\/p>\n\n\n\n<p>A sele\u00e7\u00e3o dos candidatos ser\u00e1 realizada em duas etapas: An\u00e1lise documental e Entrevista social.<br>Confira os requisitos necess\u00e1rios para participa\u00e7\u00e3o do processo seletivo, a documenta\u00e7\u00e3o exigida, o cronograma e mais detalhes da sele\u00e7\u00e3o no Edital 10\/2023.<\/p>\n\n\n\n<p><strong>Editais e Documentos<\/strong>:<\/p>\n\n\n\n<hr class=\"wp-block-separator has-css-opacity\" \/>\n\n\n\n<p><strong><a href=\"https:\/\/www.ifbaiano.edu.br\/unidades\/itapetinga\/files\/2024\/02\/Segunda-chamada-PAISE-Edital-no10-de-2023.pdf\" data-type=\"URL\" data-id=\"https:\/\/www.ifbaiano.edu.br\/unidades\/itapetinga\/files\/2024\/02\/Segunda-chamada-PAISE-Edital-no10-de-2023.pdf\">SEGUNDA CHAMADA<\/a><\/strong><\/p>\n\n\n\n<p><strong><a href=\"https:\/\/www.ifbaiano.edu.br\/unidades\/itapetinga\/files\/2023\/11\/Resultado-final-Retificado-PAISE-2023.pdf\" data-type=\"URL\" data-id=\"https:\/\/www.ifbaiano.edu.br\/unidades\/itapetinga\/files\/2023\/11\/Resultado-final-Retificado-PAISE-2023.pdf\">RESULTADO FINAL RETIFICADO<\/a><\/strong> <\/p>\n\n\n\n<p><strong><a href=\"https:\/\/www.ifbaiano.edu.br\/unidades\/itapetinga\/files\/2023\/09\/Resultado-final-PAISE-10.2023.pdf\" data-type=\"URL\" data-id=\"https:\/\/www.ifbaiano.edu.br\/unidades\/itapetinga\/files\/2023\/09\/Resultado-final-PAISE-10.2023.pdf\">RESULTADO FINAL<\/a><\/strong> <\/p>\n\n\n\n<p><strong><a href=\"https:\/\/www.ifbaiano.edu.br\/unidades\/itapetinga\/files\/2023\/09\/Resultado-interposicao-de-recurso-PAISE.pdf\" data-type=\"URL\" data-id=\"https:\/\/www.ifbaiano.edu.br\/unidades\/itapetinga\/files\/2023\/09\/Resultado-interposicao-de-recurso-PAISE.pdf\">RESULTADO DA INTERPOSI\u00c7\u00c3O DE RECURSO<\/a><\/strong> <\/p>\n\n\n\n<p><strong><a href=\"https:\/\/www.ifbaiano.edu.br\/unidades\/itapetinga\/files\/2023\/09\/Resultado-Preliminar-Edital-PAISE-10.2023.pdf\" data-type=\"URL\" data-id=\"https:\/\/www.ifbaiano.edu.br\/unidades\/itapetinga\/files\/2023\/09\/Resultado-Preliminar-Edital-PAISE-10.2023.pdf\">Resultado Preliminar<\/a><\/strong><\/p>\n\n\n\n<p><strong><a href=\"https:\/\/www.ifbaiano.edu.br\/unidades\/itapetinga\/files\/2023\/09\/Retificacao-II-Edital-PAISE.pdf\" data-type=\"URL\" data-id=\"https:\/\/www.ifbaiano.edu.br\/unidades\/itapetinga\/files\/2023\/09\/Retificacao-II-Edital-PAISE.pdf\">RETIFICA\u00c7\u00c3O II<\/a><\/strong><\/p>\n\n\n\n<p><strong><a href=\"https:\/\/www.ifbaiano.edu.br\/unidades\/itapetinga\/files\/2023\/09\/AGENDAMENTO-DA-ENTREVISTA-SOCIAL-PAISE-EDITAL-No10.2023.pdf\" data-type=\"URL\" data-id=\"https:\/\/www.ifbaiano.edu.br\/unidades\/itapetinga\/files\/2023\/09\/AGENDAMENTO-DA-ENTREVISTA-SOCIAL-PAISE-EDITAL-No10.2023.pdf\">Agendamento Entrevista Social<\/a><\/strong> <\/p>\n\n\n\n<p><strong><a href=\"https:\/\/www.ifbaiano.edu.br\/unidades\/itapetinga\/files\/2023\/09\/Relacao-de-inscritos-PAISE-Edital-no10.2023.pdf\" data-type=\"URL\" data-id=\"https:\/\/www.ifbaiano.edu.br\/unidades\/itapetinga\/files\/2023\/09\/Relacao-de-inscritos-PAISE-Edital-no10.2023.pdf\">Rela\u00e7\u00e3o de Inscritos<\/a><\/strong>  <\/p>\n\n\n\n<p><strong><a href=\"https:\/\/www.ifbaiano.edu.br\/unidades\/itapetinga\/files\/2023\/09\/RETIFICACACAO-DO-EDITAL-PAISE-10-2023.pdf\" data-type=\"URL\" data-id=\"https:\/\/www.ifbaiano.edu.br\/unidades\/itapetinga\/files\/2023\/09\/RETIFICACACAO-DO-EDITAL-PAISE-10-2023.pdf\">RETIFICA\u00c7A\u00c7\u00c3O  DO EDITAL<\/a><\/strong><\/p>\n\n\n\n<p><strong><a href=\"https:\/\/www.ifbaiano.edu.br\/unidades\/itapetinga\/files\/2023\/08\/PROGRAMA-DE-ASSISTENCIA-E-INCLUSAO-SOCIAL-DO-ESTUDANTE-%E2%80%93-PAISE-2023.pdf\" data-type=\"URL\" data-id=\"https:\/\/www.ifbaiano.edu.br\/unidades\/itapetinga\/files\/2023\/08\/PROGRAMA-DE-ASSISTENCIA-E-INCLUSAO-SOCIAL-DO-ESTUDANTE-%E2%80%93-PAISE-2023.pdf\">EDITAL 10\/2023, de 02 de agosto de 2023<\/a><\/strong><\/p>\n","protected":false},"excerpt":{"rendered":"<p>O Diretor Geral do Instituto Federal de Educa\u00e7\u00e3o, Ci\u00eancia e Tecnologia Baiano &#8211; IF Baiano Campus Itapetinga, torna p\u00fablico o presente Edital que estabelece as normas e crit\u00e9rios para sele\u00e7\u00e3o de estudantes em vulnerabilidade socioecon\u00f4mica, de cursos presenciais e \u00e0 dist\u00e2ncia, com a finalidade de participa\u00e7\u00e3o na Pol\u00edtica de Assist\u00eancia Estudantil deste Instituto, por meio [&hellip;]<\/p>\n","protected":false},"author":158,"featured_media":0,"parent":40615,"menu_order":0,"comment_status":"closed","ping_status":"closed","template":"","meta":[],"_links":{"self":[{"href":"https:\/\/www.ifbaiano.edu.br\/unidades\/itapetinga\/wp-json\/wp\/v2\/pages\/41058"}],"collection":[{"href":"https:\/\/www.ifbaiano.edu.br\/unidades\/itapetinga\/wp-json\/wp\/v2\/pages"}],"about":[{"href":"https:\/\/www.ifbaiano.edu.br\/unidades\/itapetinga\/wp-json\/wp\/v2\/types\/page"}],"author":[{"embeddable":true,"href":"https:\/\/www.ifbaiano.edu.br\/unidades\/itapetinga\/wp-json\/wp\/v2\/users\/158"}],"replies":[{"embeddable":true,"href":"https:\/\/www.ifbaiano.edu.br\/unidades\/itapetinga\/wp-json\/wp\/v2\/comments?post=41058"}],"version-history":[{"count":11,"href":"https:\/\/www.ifbaiano.edu.br\/unidades\/itapetinga\/wp-json\/wp\/v2\/pages\/41058\/revisions"}],"predecessor-version":[{"id":41672,"href":"https:\/\/www.ifbaiano.edu.br\/unidades\/itapetinga\/wp-json\/wp\/v2\/pages\/41058\/revisions\/41672"}],"up":[{"embeddable":true,"href":"https:\/\/www.ifbaiano.edu.br\/unidades\/itapetinga\/wp-json\/wp\/v2\/pages\/40615"}],"wp:attachment":[{"href":"https:\/\/www.ifbaiano.edu.br\/unidades\/itapetinga\/wp-json\/wp\/v2\/media?parent=41058"}],"curies":[{"name":"wp","href":"https:\/\/api.w.org\/{rel}","templated":true}]}}