{"id":41184,"date":"2023-10-04T08:47:00","date_gmt":"2023-10-04T11:47:00","guid":{"rendered":"https:\/\/www.ifbaiano.edu.br\/unidades\/itapetinga\/?page_id=41184"},"modified":"2025-05-08T09:05:13","modified_gmt":"2025-05-08T12:05:13","slug":"pregoes-2023","status":"publish","type":"page","link":"https:\/\/www.ifbaiano.edu.br\/unidades\/itapetinga\/licitacoes-compras\/pregoes-2023\/","title":{"rendered":"Preg\u00f5es Eletr\u00f4nicos 2023"},"content":{"rendered":"\n<p style=\"font-size:17px\"><a href=\"https:\/\/www.ifbaiano.edu.br\/unidades\/itapetinga\/diretoria-administrativa\/licitacoescompras\/pregao-eletronico-srp-n-01-2023\/\" data-type=\"URL\" data-id=\"https:\/\/www.ifbaiano.edu.br\/unidades\/itapetinga\/diretoria-administrativa\/licitacoescompras\/pregao-eletronico-srp-n-01-2023\/\">Preg\u00e3o Eletr\u00f4nico SRP N\u00b0 01-2023<\/a> (Contrata\u00e7\u00e3o de empresa especializada em presta\u00e7\u00e3o de servi\u00e7o de impress\u00e3o.)<\/p>\n\n\n\n<hr class=\"wp-block-separator has-alpha-channel-opacity\" \/>\n","protected":false},"excerpt":{"rendered":"<p>Preg\u00e3o Eletr\u00f4nico SRP N\u00b0 01-2023 (Contrata\u00e7\u00e3o de empresa especializada em presta\u00e7\u00e3o de servi\u00e7o de impress\u00e3o.)<\/p>\n","protected":false},"author":158,"featured_media":0,"parent":32709,"menu_order":0,"comment_status":"closed","ping_status":"closed","template":"","meta":[],"_links":{"self":[{"href":"https:\/\/www.ifbaiano.edu.br\/unidades\/itapetinga\/wp-json\/wp\/v2\/pages\/41184"}],"collection":[{"href":"https:\/\/www.ifbaiano.edu.br\/unidades\/itapetinga\/wp-json\/wp\/v2\/pages"}],"about":[{"href":"https:\/\/www.ifbaiano.edu.br\/unidades\/itapetinga\/wp-json\/wp\/v2\/types\/page"}],"author":[{"embeddable":true,"href":"https:\/\/www.ifbaiano.edu.br\/unidades\/itapetinga\/wp-json\/wp\/v2\/users\/158"}],"replies":[{"embeddable":true,"href":"https:\/\/www.ifbaiano.edu.br\/unidades\/itapetinga\/wp-json\/wp\/v2\/comments?post=41184"}],"version-history":[{"count":3,"href":"https:\/\/www.ifbaiano.edu.br\/unidades\/itapetinga\/wp-json\/wp\/v2\/pages\/41184\/revisions"}],"predecessor-version":[{"id":43536,"href":"https:\/\/www.ifbaiano.edu.br\/unidades\/itapetinga\/wp-json\/wp\/v2\/pages\/41184\/revisions\/43536"}],"up":[{"embeddable":true,"href":"https:\/\/www.ifbaiano.edu.br\/unidades\/itapetinga\/wp-json\/wp\/v2\/pages\/32709"}],"wp:attachment":[{"href":"https:\/\/www.ifbaiano.edu.br\/unidades\/itapetinga\/wp-json\/wp\/v2\/media?parent=41184"}],"curies":[{"name":"wp","href":"https:\/\/api.w.org\/{rel}","templated":true}]}}