{"id":41186,"date":"2023-10-04T08:51:36","date_gmt":"2023-10-04T11:51:36","guid":{"rendered":"https:\/\/www.ifbaiano.edu.br\/unidades\/itapetinga\/?page_id=41186"},"modified":"2025-01-28T09:12:12","modified_gmt":"2025-01-28T12:12:12","slug":"pregao-eletronico-srp-n-01-2023","status":"publish","type":"page","link":"https:\/\/www.ifbaiano.edu.br\/unidades\/itapetinga\/licitacoes-compras\/pregoes-2023\/pregao-eletronico-srp-n-01-2023\/","title":{"rendered":"Preg\u00e3o Eletr\u00f4nico SRP N\u00b0 01-2023"},"content":{"rendered":"\n<p><strong>Processo n\u00ba 23331.250370.2023-44<\/strong><\/p>\n\n\n\n<p>Objeto: Contrata\u00e7\u00e3o de empresa especializada em presta\u00e7\u00e3o de servi\u00e7o de impress\u00e3o.<\/p>\n\n\n\n<p><a href=\"https:\/\/www.ifbaiano.edu.br\/unidades\/itapetinga\/files\/2023\/11\/Ata-de-Registro-de-Precos.pdf\" data-type=\"URL\" data-id=\"https:\/\/www.ifbaiano.edu.br\/unidades\/itapetinga\/files\/2023\/11\/Ata-de-Registro-de-Precos.pdf\">Ata Registro de Pre\u00e7os<\/a><\/p>\n\n\n\n<p><a href=\"https:\/\/www.ifbaiano.edu.br\/unidades\/itapetinga\/files\/2023\/11\/Propostas-Proposta-Contratacao-de-empresa-especializada-em-prestacao-de-servico-de-impressao.pdf\" data-type=\"URL\" data-id=\"https:\/\/www.ifbaiano.edu.br\/unidades\/itapetinga\/files\/2023\/11\/Propostas-Proposta-Contratacao-de-empresa-especializada-em-prestacao-de-servico-de-impressao.pdf\">Proposta<\/a><\/p>\n\n\n\n<p><a href=\"https:\/\/www.ifbaiano.edu.br\/unidades\/itapetinga\/files\/2023\/10\/Edital-Pregao-Eletronico-N%C2%B0-01-2023.pdf\" data-type=\"URL\" data-id=\"https:\/\/www.ifbaiano.edu.br\/unidades\/itapetinga\/files\/2023\/10\/Edital-Pregao-Eletronico-N%C2%B0-01-2023.pdf\">Edital<\/a><\/p>\n\n\n\n<p><a href=\"https:\/\/www.ifbaiano.edu.br\/unidades\/itapetinga\/files\/2023\/10\/Termo-Referencia-Pregao-Eletronico-N%C2%B0-01-2023.pdf\" data-type=\"URL\" data-id=\"https:\/\/www.ifbaiano.edu.br\/unidades\/itapetinga\/files\/2023\/10\/Termo-Referencia-Pregao-Eletronico-N%C2%B0-01-2023.pdf\">Termo-de-Referencia<\/a><\/p>\n","protected":false},"excerpt":{"rendered":"<p>Processo n\u00ba 23331.250370.2023-44 Objeto: Contrata\u00e7\u00e3o de empresa especializada em presta\u00e7\u00e3o de servi\u00e7o de impress\u00e3o. Ata Registro de Pre\u00e7os Proposta Edital Termo-de-Referencia<\/p>\n","protected":false},"author":158,"featured_media":0,"parent":41184,"menu_order":0,"comment_status":"closed","ping_status":"closed","template":"","meta":[],"_links":{"self":[{"href":"https:\/\/www.ifbaiano.edu.br\/unidades\/itapetinga\/wp-json\/wp\/v2\/pages\/41186"}],"collection":[{"href":"https:\/\/www.ifbaiano.edu.br\/unidades\/itapetinga\/wp-json\/wp\/v2\/pages"}],"about":[{"href":"https:\/\/www.ifbaiano.edu.br\/unidades\/itapetinga\/wp-json\/wp\/v2\/types\/page"}],"author":[{"embeddable":true,"href":"https:\/\/www.ifbaiano.edu.br\/unidades\/itapetinga\/wp-json\/wp\/v2\/users\/158"}],"replies":[{"embeddable":true,"href":"https:\/\/www.ifbaiano.edu.br\/unidades\/itapetinga\/wp-json\/wp\/v2\/comments?post=41186"}],"version-history":[{"count":7,"href":"https:\/\/www.ifbaiano.edu.br\/unidades\/itapetinga\/wp-json\/wp\/v2\/pages\/41186\/revisions"}],"predecessor-version":[{"id":41385,"href":"https:\/\/www.ifbaiano.edu.br\/unidades\/itapetinga\/wp-json\/wp\/v2\/pages\/41186\/revisions\/41385"}],"up":[{"embeddable":true,"href":"https:\/\/www.ifbaiano.edu.br\/unidades\/itapetinga\/wp-json\/wp\/v2\/pages\/41184"}],"wp:attachment":[{"href":"https:\/\/www.ifbaiano.edu.br\/unidades\/itapetinga\/wp-json\/wp\/v2\/media?parent=41186"}],"curies":[{"name":"wp","href":"https:\/\/api.w.org\/{rel}","templated":true}]}}