{"id":41564,"date":"2024-02-07T11:36:41","date_gmt":"2024-02-07T14:36:41","guid":{"rendered":"https:\/\/www.ifbaiano.edu.br\/unidades\/itapetinga\/?page_id=41564"},"modified":"2025-05-08T10:32:07","modified_gmt":"2025-05-08T13:32:07","slug":"pregoes-2024","status":"publish","type":"page","link":"https:\/\/www.ifbaiano.edu.br\/unidades\/itapetinga\/licitacoes-compras\/pregoes-2024\/","title":{"rendered":"Preg\u00f5es Eletr\u00f4nicos 2024"},"content":{"rendered":"\n<p style=\"font-size:17px\"><a href=\"https:\/\/www.ifbaiano.edu.br\/unidades\/itapetinga\/2025\/01\/23\/pregao-eletronico-90004-2024-concessao-de-uso-oneroso-para-instalacao-de-cantina-no-if-baiano-campus-itapetinga-edital-e-termo-de-referencia\/\">Preg\u00e3o Eletr\u00f4nico n\u00ba 90.004\/2024<\/a>  (Concess\u00e3o de uso para instala\u00e7\u00e3o de cantina)<\/p>\n\n\n\n<hr class=\"wp-block-separator has-alpha-channel-opacity\" \/>\n\n\n\n<p style=\"font-size:17px\"><a href=\"https:\/\/www.ifbaiano.edu.br\/unidades\/itapetinga\/licitacoes-compras\/pregoes-2024\/pregao-90003-2024\/\" data-type=\"page\" data-id=\"43658\">Preg\u00e3o eletr\u00f4nico (SRP) n\u00b0 90.003\/2024<\/a> (Aquisi\u00e7\u00e3o de itens de Laborat\u00f3rio de Anatomia)<\/p>\n\n\n\n<hr class=\"wp-block-separator has-alpha-channel-opacity\" \/>\n\n\n\n<p style=\"font-size:17px\"><a href=\"https:\/\/www.ifbaiano.edu.br\/unidades\/itapetinga\/licitacoes-compras\/pregoes-2024\/pregao-90002-2024\/\" data-type=\"page\" data-id=\"42397\">Preg\u00e3o eletr\u00f4nico (SRP) n\u00b0 90.002\/2024<\/a> (Contrata\u00e7\u00e3o de servi\u00e7o de vigil\u00e2ncia e seguran\u00e7a patrimonial armada)<\/p>\n\n\n\n<hr class=\"wp-block-separator has-alpha-channel-opacity\" \/>\n\n\n\n<p style=\"font-size:17px\"><a href=\"https:\/\/www.ifbaiano.edu.br\/unidades\/itapetinga\/licitacoes-compras\/pregoes-2024\/pregao-90001-2024\/\" data-type=\"page\" data-id=\"42409\">Preg\u00e3o eletr\u00f4nico (SRP) n\u00b0 90.001\/2024<\/a> (Aquisi\u00e7\u00e3o de g\u00eaneros aliment\u00edcios)<\/p>\n\n\n\n<hr class=\"wp-block-separator has-alpha-channel-opacity\" \/>\n\n\n\n<p style=\"font-size:17px\"><a href=\"https:\/\/www.ifbaiano.edu.br\/unidades\/itapetinga\/licitacoes-compras\/pregoes-2024\/pregao-90000-2024\/\" data-type=\"page\" data-id=\"41568\">Preg\u00e3o eletr\u00f4nico (SRP) n\u00b0 90.000\/2024<\/a> (Contrata\u00e7\u00e3o de empresa especializada na presta\u00e7\u00e3o, de forma cont\u00ednua, dos servi\u00e7os de limpeza, conserva\u00e7\u00e3o patrimonial e apoio administrativo.)<\/p>\n\n\n\n<hr class=\"wp-block-separator has-alpha-channel-opacity\" \/>\n","protected":false},"excerpt":{"rendered":"<p>Preg\u00e3o Eletr\u00f4nico n\u00ba 90.004\/2024 (Concess\u00e3o de uso para instala\u00e7\u00e3o de cantina) Preg\u00e3o eletr\u00f4nico (SRP) n\u00b0 90.003\/2024 (Aquisi\u00e7\u00e3o de itens de Laborat\u00f3rio de Anatomia) Preg\u00e3o eletr\u00f4nico (SRP) n\u00b0 90.002\/2024 (Contrata\u00e7\u00e3o de servi\u00e7o de vigil\u00e2ncia e seguran\u00e7a patrimonial armada) Preg\u00e3o eletr\u00f4nico (SRP) n\u00b0 90.001\/2024 (Aquisi\u00e7\u00e3o de g\u00eaneros aliment\u00edcios) Preg\u00e3o eletr\u00f4nico (SRP) n\u00b0 90.000\/2024 (Contrata\u00e7\u00e3o de empresa especializada [&hellip;]<\/p>\n","protected":false},"author":158,"featured_media":0,"parent":32709,"menu_order":0,"comment_status":"closed","ping_status":"closed","template":"","meta":[],"_links":{"self":[{"href":"https:\/\/www.ifbaiano.edu.br\/unidades\/itapetinga\/wp-json\/wp\/v2\/pages\/41564"}],"collection":[{"href":"https:\/\/www.ifbaiano.edu.br\/unidades\/itapetinga\/wp-json\/wp\/v2\/pages"}],"about":[{"href":"https:\/\/www.ifbaiano.edu.br\/unidades\/itapetinga\/wp-json\/wp\/v2\/types\/page"}],"author":[{"embeddable":true,"href":"https:\/\/www.ifbaiano.edu.br\/unidades\/itapetinga\/wp-json\/wp\/v2\/users\/158"}],"replies":[{"embeddable":true,"href":"https:\/\/www.ifbaiano.edu.br\/unidades\/itapetinga\/wp-json\/wp\/v2\/comments?post=41564"}],"version-history":[{"count":14,"href":"https:\/\/www.ifbaiano.edu.br\/unidades\/itapetinga\/wp-json\/wp\/v2\/pages\/41564\/revisions"}],"predecessor-version":[{"id":44133,"href":"https:\/\/www.ifbaiano.edu.br\/unidades\/itapetinga\/wp-json\/wp\/v2\/pages\/41564\/revisions\/44133"}],"up":[{"embeddable":true,"href":"https:\/\/www.ifbaiano.edu.br\/unidades\/itapetinga\/wp-json\/wp\/v2\/pages\/32709"}],"wp:attachment":[{"href":"https:\/\/www.ifbaiano.edu.br\/unidades\/itapetinga\/wp-json\/wp\/v2\/media?parent=41564"}],"curies":[{"name":"wp","href":"https:\/\/api.w.org\/{rel}","templated":true}]}}