{"id":41568,"date":"2024-02-07T11:40:18","date_gmt":"2024-02-07T14:40:18","guid":{"rendered":"https:\/\/www.ifbaiano.edu.br\/unidades\/itapetinga\/?page_id=41568"},"modified":"2025-05-08T10:31:54","modified_gmt":"2025-05-08T13:31:54","slug":"pregao-90000-2024","status":"publish","type":"page","link":"https:\/\/www.ifbaiano.edu.br\/unidades\/itapetinga\/licitacoes-compras\/pregoes-2024\/pregao-90000-2024\/","title":{"rendered":"Preg\u00e3o Eletr\u00f4nico SRP N\u00b0 n\u00b0 90.000\/2024"},"content":{"rendered":"\n<p><strong>Objeto<\/strong>: Contrata\u00e7\u00e3o de empresa especializada na presta\u00e7\u00e3o, de forma cont\u00ednua, dos servi\u00e7os de limpeza, conserva\u00e7\u00e3o patrimonial e apoio administrativo.<\/p>\n\n\n\n<p><strong><a href=\"https:\/\/www.ifbaiano.edu.br\/unidades\/itapetinga\/files\/2024\/07\/Termo-de-Homologacao-Pregao-n%C2%B09.000-2004.pdf\" data-type=\"URL\" data-id=\"https:\/\/www.ifbaiano.edu.br\/unidades\/itapetinga\/files\/2024\/07\/Termo-de-Homologacao-Pregao-n%C2%B09.000-2004.pdf\">Termo de Homologa\u00e7\u00e3o<\/a><\/strong><\/p>\n\n\n\n<p><strong><a href=\"https:\/\/www.ifbaiano.edu.br\/unidades\/itapetinga\/files\/2024\/02\/Anexo-I-Termo-de-Referencia-59-2023.pdf\" data-type=\"URL\" data-id=\"https:\/\/www.ifbaiano.edu.br\/unidades\/itapetinga\/files\/2024\/02\/Anexo-I-Termo-de-Referencia-59-2023.pdf\">Anexo I &#8211; Termo de Refer\u00eancia<\/a><\/strong><\/p>\n\n\n\n<p><strong><a href=\"https:\/\/www.ifbaiano.edu.br\/unidades\/itapetinga\/files\/2024\/02\/Edital-1-2023.pdf\" data-type=\"URL\" data-id=\"https:\/\/www.ifbaiano.edu.br\/unidades\/itapetinga\/files\/2024\/02\/Edital-1-2023.pdf\">Edital<\/a><\/strong><\/p>\n","protected":false},"excerpt":{"rendered":"<p>Objeto: Contrata\u00e7\u00e3o de empresa especializada na presta\u00e7\u00e3o, de forma cont\u00ednua, dos servi\u00e7os de limpeza, conserva\u00e7\u00e3o patrimonial e apoio administrativo. Termo de Homologa\u00e7\u00e3o Anexo I &#8211; Termo de Refer\u00eancia Edital<\/p>\n","protected":false},"author":158,"featured_media":0,"parent":41564,"menu_order":0,"comment_status":"closed","ping_status":"closed","template":"","meta":[],"_links":{"self":[{"href":"https:\/\/www.ifbaiano.edu.br\/unidades\/itapetinga\/wp-json\/wp\/v2\/pages\/41568"}],"collection":[{"href":"https:\/\/www.ifbaiano.edu.br\/unidades\/itapetinga\/wp-json\/wp\/v2\/pages"}],"about":[{"href":"https:\/\/www.ifbaiano.edu.br\/unidades\/itapetinga\/wp-json\/wp\/v2\/types\/page"}],"author":[{"embeddable":true,"href":"https:\/\/www.ifbaiano.edu.br\/unidades\/itapetinga\/wp-json\/wp\/v2\/users\/158"}],"replies":[{"embeddable":true,"href":"https:\/\/www.ifbaiano.edu.br\/unidades\/itapetinga\/wp-json\/wp\/v2\/comments?post=41568"}],"version-history":[{"count":6,"href":"https:\/\/www.ifbaiano.edu.br\/unidades\/itapetinga\/wp-json\/wp\/v2\/pages\/41568\/revisions"}],"predecessor-version":[{"id":42404,"href":"https:\/\/www.ifbaiano.edu.br\/unidades\/itapetinga\/wp-json\/wp\/v2\/pages\/41568\/revisions\/42404"}],"up":[{"embeddable":true,"href":"https:\/\/www.ifbaiano.edu.br\/unidades\/itapetinga\/wp-json\/wp\/v2\/pages\/41564"}],"wp:attachment":[{"href":"https:\/\/www.ifbaiano.edu.br\/unidades\/itapetinga\/wp-json\/wp\/v2\/media?parent=41568"}],"curies":[{"name":"wp","href":"https:\/\/api.w.org\/{rel}","templated":true}]}}