{"id":41778,"date":"2024-03-12T10:15:11","date_gmt":"2024-03-12T13:15:11","guid":{"rendered":"https:\/\/www.ifbaiano.edu.br\/unidades\/itapetinga\/?page_id=41778"},"modified":"2024-04-08T11:24:59","modified_gmt":"2024-04-08T14:24:59","slug":"nppd-2024","status":"publish","type":"page","link":"https:\/\/www.ifbaiano.edu.br\/unidades\/itapetinga\/nppd-2024\/","title":{"rendered":"NPPD 2024"},"content":{"rendered":"\n<div class=\"wp-block-columns is-layout-flex wp-container-4\">\n<div class=\"wp-block-column is-layout-flow\" style=\"flex-basis:66.66%\">\n<p class=\"has-text-color\" style=\"color:#095d0d\"><strong>APRESENTA\u00c7\u00c3O<\/strong><\/p>\n\n\n\n<hr class=\"wp-block-separator has-alpha-channel-opacity\" \/>\n\n\n\n<p>O Diretor-Geral do Instituto Federal de Educa\u00e7\u00e3o, Ci\u00eancia e Tecnologia Baiano &#8211; campus Itapetinga, no uso de suas atribui\u00e7\u00f5es delegadas pela Portaria N\u00ba 280 de 18\/03\/2022, publicado no DOU de 21\/03\/2022, e de acordo com as disposi\u00e7\u00f5es contidas na Lei n\u00ba 11.892, de 29\/12\/2008, e na Lei n\u00ba 8.112, de 11\/12\/1990, torna p\u00fablica a abertura das inscri\u00e7\u00f5es e estabelece as normas que regulamentam o processo de elei\u00e7\u00e3o de integrantes do N\u00daCLEO PERMANENTE DE PESSOAL DOCENTE DO INSTITUTO FEDERAL DE EDUCA\u00c7\u00c3O, CI\u00caNCIA E TECNOLOGIA BAIANO &#8211; CAMPUS ITAPETINGA<\/p>\n<\/div>\n\n\n\n<div class=\"wp-block-column is-layout-flow\" style=\"flex-basis:33.33%\">\n<p class=\"has-text-color\" style=\"color:#095d0d\"><strong>Inscri\u00e7\u00f5es<\/strong><\/p>\n\n\n\n<hr class=\"wp-block-separator has-alpha-channel-opacity\" \/>\n\n\n\n<p>O processo eleitoral \u00e9 dia <strong>03\/04\/24<\/strong> das 08:00 as 22h:30min. Para votar,o Sistema Helios solicitar\u00e1 o nome do usu\u00e1rio e senha (o mesmo de acesso aos sistemas do IFBaiano):<\/p>\n\n\n\n<div class=\"wp-block-buttons is-layout-flex\">\n<div class=\"wp-block-button\"><a class=\"wp-block-button__link wp-element-button\" href=\"https:\/\/eleicoes.teste.ifbaiano.edu.br\/\">Link Vota\u00e7\u00e3o<\/a><\/div>\n<\/div>\n\n\n\n<p><\/p>\n<\/div>\n<\/div>\n\n\n\n<p class=\"has-text-color has-small-font-size\" style=\"color:#095d0d\"><strong>Editais e Documentos<\/strong><\/p>\n\n\n\n<p><strong><a href=\"https:\/\/www.ifbaiano.edu.br\/unidades\/itapetinga\/files\/2024\/04\/RESULTADO-FINAL-NPPD-2024.pdf\" data-type=\"URL\" data-id=\"https:\/\/www.ifbaiano.edu.br\/unidades\/itapetinga\/files\/2024\/04\/RESULTADO-FINAL-NPPD-2024.pdf\">Resultado Final<\/a><\/strong><\/p>\n\n\n\n<p><strong><a href=\"https:\/\/www.ifbaiano.edu.br\/unidades\/itapetinga\/files\/2024\/04\/RESULTADO-PRELIMINAR-ELEICOES-NPPD-2024.pdf\" data-type=\"URL\" data-id=\"https:\/\/www.ifbaiano.edu.br\/unidades\/itapetinga\/files\/2024\/04\/RESULTADO-PRELIMINAR-ELEICOES-NPPD-2024.pdf\">Resultado Preliminar<\/a><\/strong><\/p>\n\n\n\n<p><strong><a href=\"https:\/\/www.ifbaiano.edu.br\/unidades\/itapetinga\/files\/2024\/04\/INSCRICOES-HOMOLOGADAS-NPPD-2024.pdf\" data-type=\"URL\" data-id=\"https:\/\/www.ifbaiano.edu.br\/unidades\/itapetinga\/files\/2024\/04\/INSCRICOES-HOMOLOGADAS-NPPD-2024.pdf\">Inscri\u00e7\u00f5es Homologadas<\/a><\/strong><\/p>\n\n\n\n<p><strong><a href=\"https:\/\/www.ifbaiano.edu.br\/unidades\/itapetinga\/files\/2024\/03\/Perfil-Candidatos-NPPD-2024.pdf\" data-type=\"URL\" data-id=\"https:\/\/www.ifbaiano.edu.br\/unidades\/itapetinga\/files\/2024\/03\/Perfil-Candidatos-NPPD-2024.pdf\">Perfil Candidatos<\/a><\/strong><\/p>\n\n\n\n<p><strong><a href=\"https:\/\/www.ifbaiano.edu.br\/unidades\/itapetinga\/files\/2024\/03\/Lista-de-Votantes-Pos-Recursos-NPPD.pdf\" data-type=\"URL\" data-id=\"https:\/\/www.ifbaiano.edu.br\/unidades\/itapetinga\/files\/2024\/03\/Lista-de-Votantes-Pos-Recursos-NPPD.pdf\">Lista de Votantes P\u00f3s Recursos<\/a><\/strong><\/p>\n\n\n\n<p><strong><a href=\"https:\/\/www.ifbaiano.edu.br\/unidades\/itapetinga\/files\/2024\/03\/Lista-de-votantes-NPPD-2024.pdf\" data-type=\"URL\" data-id=\"https:\/\/www.ifbaiano.edu.br\/unidades\/itapetinga\/files\/2024\/03\/Lista-de-votantes-NPPD-2024.pdf\">Lista de Votantes<\/a><\/strong><\/p>\n\n\n\n<p><strong><a href=\"https:\/\/www.ifbaiano.edu.br\/unidades\/itapetinga\/files\/2024\/03\/RESULTADO-PRELIMINAR-DAS-INSCRICOES-NPPD-2024.pdf\" data-type=\"URL\" data-id=\"https:\/\/www.ifbaiano.edu.br\/unidades\/itapetinga\/files\/2024\/03\/RESULTADO-PRELIMINAR-DAS-INSCRICOES-NPPD-2024.pdf\">Resultado Preliminar das Incri\u00e7\u00f5es<\/a><\/strong><\/p>\n\n\n\n<p><strong><a href=\"https:\/\/www.ifbaiano.edu.br\/unidades\/itapetinga\/files\/2024\/03\/resultado-nao-impugnacao-nppd-2024.pdf\" data-type=\"URL\" data-id=\"https:\/\/www.ifbaiano.edu.br\/unidades\/itapetinga\/files\/2024\/03\/resultado-nao-impugnacao-nppd-2024.pdf\">Resultado N\u00e3o Impugna\u00e7\u00e3o<\/a><\/strong><\/p>\n\n\n\n<p><strong><a href=\"https:\/\/www.ifbaiano.edu.br\/unidades\/itapetinga\/files\/2024\/03\/edital-n-4.2024-NPPD.pdf\" data-type=\"URL\" data-id=\"https:\/\/www.ifbaiano.edu.br\/unidades\/itapetinga\/files\/2024\/03\/edital-n-4.2024-NPPD.pdf\">Edital<\/a><\/strong><\/p>\n\n\n\n<p><\/p>\n","protected":false},"excerpt":{"rendered":"<p>APRESENTA\u00c7\u00c3O O Diretor-Geral do Instituto Federal de Educa\u00e7\u00e3o, Ci\u00eancia e Tecnologia Baiano &#8211; campus Itapetinga, no uso de suas atribui\u00e7\u00f5es delegadas pela Portaria N\u00ba 280 de 18\/03\/2022, publicado no DOU de 21\/03\/2022, e de acordo com as disposi\u00e7\u00f5es contidas na Lei n\u00ba 11.892, de 29\/12\/2008, e na Lei n\u00ba 8.112, de 11\/12\/1990, torna p\u00fablica a [&hellip;]<\/p>\n","protected":false},"author":158,"featured_media":0,"parent":0,"menu_order":0,"comment_status":"closed","ping_status":"closed","template":"","meta":[],"_links":{"self":[{"href":"https:\/\/www.ifbaiano.edu.br\/unidades\/itapetinga\/wp-json\/wp\/v2\/pages\/41778"}],"collection":[{"href":"https:\/\/www.ifbaiano.edu.br\/unidades\/itapetinga\/wp-json\/wp\/v2\/pages"}],"about":[{"href":"https:\/\/www.ifbaiano.edu.br\/unidades\/itapetinga\/wp-json\/wp\/v2\/types\/page"}],"author":[{"embeddable":true,"href":"https:\/\/www.ifbaiano.edu.br\/unidades\/itapetinga\/wp-json\/wp\/v2\/users\/158"}],"replies":[{"embeddable":true,"href":"https:\/\/www.ifbaiano.edu.br\/unidades\/itapetinga\/wp-json\/wp\/v2\/comments?post=41778"}],"version-history":[{"count":23,"href":"https:\/\/www.ifbaiano.edu.br\/unidades\/itapetinga\/wp-json\/wp\/v2\/pages\/41778\/revisions"}],"predecessor-version":[{"id":42120,"href":"https:\/\/www.ifbaiano.edu.br\/unidades\/itapetinga\/wp-json\/wp\/v2\/pages\/41778\/revisions\/42120"}],"wp:attachment":[{"href":"https:\/\/www.ifbaiano.edu.br\/unidades\/itapetinga\/wp-json\/wp\/v2\/media?parent=41778"}],"curies":[{"name":"wp","href":"https:\/\/api.w.org\/{rel}","templated":true}]}}