{"id":41853,"date":"2024-03-14T10:05:18","date_gmt":"2024-03-14T13:05:18","guid":{"rendered":"https:\/\/www.ifbaiano.edu.br\/unidades\/itapetinga\/?page_id=41853"},"modified":"2025-05-07T09:06:57","modified_gmt":"2025-05-07T12:06:57","slug":"relatorios-cpa","status":"publish","type":"page","link":"https:\/\/www.ifbaiano.edu.br\/unidades\/itapetinga\/relatorios-cpa\/","title":{"rendered":"Relat\u00f3rios CPA"},"content":{"rendered":"\n<div class=\"wp-block-file\"><a id=\"wp-block-file--media-49c5ca16-7f8d-4611-9035-ab8e8272969c\" href=\"https:\/\/www.ifbaiano.edu.br\/unidades\/itapetinga\/files\/2025\/05\/Relatorio-parcial-de-autoavaliacao-institucional-2024-1.pdf\">Relatorio-parcial-de-autoavaliacao-institucional-2024-1<\/a><\/div>\n\n\n\n<p style=\"font-size:15px\"><a href=\"https:\/\/www.ifbaiano.edu.br\/unidades\/itapetinga\/files\/2024\/11\/RELATORIO-FINAL-DE-AUTOAVALIACAO-CPA-2021-2023.pdf\" data-type=\"URL\" data-id=\"https:\/\/www.ifbaiano.edu.br\/unidades\/itapetinga\/files\/2024\/11\/RELATORIO-FINAL-DE-AUTOAVALIACAO-CPA-2021-2023.pdf\">Relat\u00f3rio Final de Autoavalia\u00e7\u00e3o Institucional (2021-2023)<\/a><\/p>\n\n\n\n<p><a href=\"https:\/\/www.ifbaiano.edu.br\/unidades\/itapetinga\/files\/2023\/11\/Relatorio-Parcial-de-Autoavaliacao-Institucional-2022-CPA.pdf\" data-type=\"URL\" data-id=\"https:\/\/www.ifbaiano.edu.br\/unidades\/itapetinga\/files\/2023\/11\/Relatorio-Parcial-de-Autoavaliacao-Institucional-2022-CPA.pdf\">Relat\u00f3rio Parcial de Autoavalia\u00e7\u00e3o Institucional 2022<\/a><\/p>\n\n\n\n<p><\/p>\n","protected":false},"excerpt":{"rendered":"<p>Relat\u00f3rio Final de Autoavalia\u00e7\u00e3o Institucional (2021-2023) Relat\u00f3rio Parcial de Autoavalia\u00e7\u00e3o Institucional 2022<\/p>\n","protected":false},"author":158,"featured_media":0,"parent":0,"menu_order":0,"comment_status":"closed","ping_status":"closed","template":"","meta":[],"_links":{"self":[{"href":"https:\/\/www.ifbaiano.edu.br\/unidades\/itapetinga\/wp-json\/wp\/v2\/pages\/41853"}],"collection":[{"href":"https:\/\/www.ifbaiano.edu.br\/unidades\/itapetinga\/wp-json\/wp\/v2\/pages"}],"about":[{"href":"https:\/\/www.ifbaiano.edu.br\/unidades\/itapetinga\/wp-json\/wp\/v2\/types\/page"}],"author":[{"embeddable":true,"href":"https:\/\/www.ifbaiano.edu.br\/unidades\/itapetinga\/wp-json\/wp\/v2\/users\/158"}],"replies":[{"embeddable":true,"href":"https:\/\/www.ifbaiano.edu.br\/unidades\/itapetinga\/wp-json\/wp\/v2\/comments?post=41853"}],"version-history":[{"count":11,"href":"https:\/\/www.ifbaiano.edu.br\/unidades\/itapetinga\/wp-json\/wp\/v2\/pages\/41853\/revisions"}],"predecessor-version":[{"id":44078,"href":"https:\/\/www.ifbaiano.edu.br\/unidades\/itapetinga\/wp-json\/wp\/v2\/pages\/41853\/revisions\/44078"}],"wp:attachment":[{"href":"https:\/\/www.ifbaiano.edu.br\/unidades\/itapetinga\/wp-json\/wp\/v2\/media?parent=41853"}],"curies":[{"name":"wp","href":"https:\/\/api.w.org\/{rel}","templated":true}]}}