{"id":41900,"date":"2024-03-21T07:37:07","date_gmt":"2024-03-21T10:37:07","guid":{"rendered":"https:\/\/www.ifbaiano.edu.br\/unidades\/itapetinga\/?page_id=41900"},"modified":"2025-01-24T13:56:09","modified_gmt":"2025-01-24T16:56:09","slug":"apresentacao","status":"publish","type":"page","link":"https:\/\/www.ifbaiano.edu.br\/unidades\/itapetinga\/biblioteca\/apresentacao\/","title":{"rendered":"Apresenta\u00e7\u00e3o"},"content":{"rendered":"\n<p>A Biblioteca do Instituto Federal de Educa\u00e7\u00e3o, Ci\u00eancia e Tecnologia Baiano, localizada no Campus Itapetinga, desempenha um papel fundamental no apoio \u00e0s atividades de pesquisa, ensino e extens\u00e3o, proporcionando recursos e servi\u00e7os essenciais para a comunidade acad\u00eamica e o p\u00fablico externo. Assim, a Biblioteca tem por objetivo reunir, organizar e disseminar informa\u00e7\u00f5es para o usu\u00e1rio final.<\/p>\n\n\n\n<p>Acessando <a href=\"http:\/\/pergamum.ifbaiano.edu.br\/\">pergamum.ifbaiano.edu.br<\/a>, \u00e9 poss\u00edvel renovar empr\u00e9stimos, reservar exemplares e pesquisar todo o acervo.<\/p>\n\n\n\n<p><strong>EQUIPE<\/strong><\/p>\n\n\n\n<figure class=\"wp-block-table\"><table><tbody><tr><td><strong>Jairo Santos<\/strong><br>Cargo: Bibliotec\u00e1rio \u2013 Documentalista<br>E-mail: jairo.santos@ifbaiano.edu.br<\/td><td><strong>Mar\u00edlia Lessa dos Santos<\/strong><br>Cargo: Bibliotec\u00e1ria \u2013 Documentalista<br>E-mail: marilia.santos@ifbaiano.edu.br<\/td><\/tr><tr><td><strong>Marco Antonio Matos Santos<\/strong><br>Cargo: Assistente em Administra\u00e7\u00e3o<br>E-mail: marco.santos@ifbaiano.edu.br<\/td><td><strong>\u00cdris Santos Silva<br><\/strong>Cargo: Assistente em Administra\u00e7\u00e3o<br>E-mail: iris.silva@ifbaiano.edu.br<\/td><\/tr><\/tbody><\/table><\/figure>\n\n\n\n<p><strong>HOR\u00c1RIO DE FUNCIONAMENTO<\/strong><\/p>\n\n\n\n<p>Segunda a sexta-feira das 08h \u00e0s 20h (ininterrupto).<\/p>\n\n\n\n<p><strong>CONTATO<\/strong><\/p>\n\n\n\n<p>E-mail: biblioteca@itapetinga.ifbaiano.edu.br<\/p>\n","protected":false},"excerpt":{"rendered":"<p>A Biblioteca do Instituto Federal de Educa\u00e7\u00e3o, Ci\u00eancia e Tecnologia Baiano, localizada no Campus Itapetinga, desempenha um papel fundamental no apoio \u00e0s atividades de pesquisa, ensino e extens\u00e3o, proporcionando recursos e servi\u00e7os essenciais para a comunidade acad\u00eamica e o p\u00fablico externo. Assim, a Biblioteca tem por objetivo reunir, organizar e disseminar informa\u00e7\u00f5es para o usu\u00e1rio [&hellip;]<\/p>\n","protected":false},"author":158,"featured_media":0,"parent":42524,"menu_order":0,"comment_status":"closed","ping_status":"closed","template":"","meta":[],"_links":{"self":[{"href":"https:\/\/www.ifbaiano.edu.br\/unidades\/itapetinga\/wp-json\/wp\/v2\/pages\/41900"}],"collection":[{"href":"https:\/\/www.ifbaiano.edu.br\/unidades\/itapetinga\/wp-json\/wp\/v2\/pages"}],"about":[{"href":"https:\/\/www.ifbaiano.edu.br\/unidades\/itapetinga\/wp-json\/wp\/v2\/types\/page"}],"author":[{"embeddable":true,"href":"https:\/\/www.ifbaiano.edu.br\/unidades\/itapetinga\/wp-json\/wp\/v2\/users\/158"}],"replies":[{"embeddable":true,"href":"https:\/\/www.ifbaiano.edu.br\/unidades\/itapetinga\/wp-json\/wp\/v2\/comments?post=41900"}],"version-history":[{"count":8,"href":"https:\/\/www.ifbaiano.edu.br\/unidades\/itapetinga\/wp-json\/wp\/v2\/pages\/41900\/revisions"}],"predecessor-version":[{"id":43854,"href":"https:\/\/www.ifbaiano.edu.br\/unidades\/itapetinga\/wp-json\/wp\/v2\/pages\/41900\/revisions\/43854"}],"up":[{"embeddable":true,"href":"https:\/\/www.ifbaiano.edu.br\/unidades\/itapetinga\/wp-json\/wp\/v2\/pages\/42524"}],"wp:attachment":[{"href":"https:\/\/www.ifbaiano.edu.br\/unidades\/itapetinga\/wp-json\/wp\/v2\/media?parent=41900"}],"curies":[{"name":"wp","href":"https:\/\/api.w.org\/{rel}","templated":true}]}}