{"id":41914,"date":"2024-03-21T07:52:50","date_gmt":"2024-03-21T10:52:50","guid":{"rendered":"https:\/\/www.ifbaiano.edu.br\/unidades\/itapetinga\/?page_id=41914"},"modified":"2025-01-24T14:06:10","modified_gmt":"2025-01-24T17:06:10","slug":"documentos","status":"publish","type":"page","link":"https:\/\/www.ifbaiano.edu.br\/unidades\/itapetinga\/biblioteca\/documentos\/","title":{"rendered":"Documentos"},"content":{"rendered":"\n<p>01 &#8211; <a href=\"https:\/\/www.ifbaiano.edu.br\/unidades\/itapetinga\/files\/2024\/03\/PLANO-DE-ATUALIZACAO-DO-ACERVO.pdf\" data-type=\"URL\" data-id=\"https:\/\/www.ifbaiano.edu.br\/unidades\/itapetinga\/files\/2024\/03\/PLANO-DE-ATUALIZACAO-DO-ACERVO.pdf\">PLANO DE ATUALIZA\u00c7\u00c3O DO ACERVO<\/a><\/p>\n\n\n\n<p>02 &#8211;<a href=\"https:\/\/www.ifbaiano.edu.br\/unidades\/itapetinga\/files\/2024\/03\/PLANO-DE-CONTINGENCIA-DA-BIBLIOTECA.pdf\" data-type=\"URL\" data-id=\"https:\/\/www.ifbaiano.edu.br\/unidades\/itapetinga\/files\/2024\/03\/PLANO-DE-CONTINGENCIA-DA-BIBLIOTECA.pdf\">PLANO DE CONTING\u00caNCIA DA BIBLIOTECA<\/a><\/p>\n\n\n\n<p>03 &#8211;<a href=\"https:\/\/www.ifbaiano.edu.br\/unidades\/itapetinga\/files\/2024\/03\/Regimento-Geral-das-Bibliotecas-do-IFBaiano.pdf\" data-type=\"URL\" data-id=\"https:\/\/www.ifbaiano.edu.br\/unidades\/itapetinga\/files\/2024\/03\/Regimento-Geral-das-Bibliotecas-do-IFBaiano.pdf\">REGULAMENTO UNIFICADO DAS BIBLIOTECAS DO INSTITUTO FEDERAL DE EDUCA\u00c7\u00c3O, CI\u00caNCIA E TECNOLOGIA BAIANO<\/a><a href=\"https:\/\/www.ifbaiano.edu.br\/unidades\/itapetinga\/files\/2024\/03\/Regimento-Geral-das-Bibliotecas.pdf\"><\/a><\/p>\n\n\n\n<p>04 &#8211;<a href=\"https:\/\/www.ifbaiano.edu.br\/unidades\/itapetinga\/files\/2024\/03\/Resolucao-326_2023-REGIMENTO-DO-COMITE-GESTOR-DO-SISTEMA-DE-BIBLIOTECAS.pdf\" data-type=\"URL\" data-id=\"https:\/\/www.ifbaiano.edu.br\/unidades\/itapetinga\/files\/2024\/03\/Resolucao-326_2023-REGIMENTO-DO-COMITE-GESTOR-DO-SISTEMA-DE-BIBLIOTECAS.pdf\">REGIMENTO DO COMIT\u00ca GESTOR DO SISTEMA DE BIBLIOTECAS DO INSTITUTO FEDERAL DE EDUCA\u00c7\u00c3O, CI\u00caNCIA E TECNOLOGIA BAIANO<\/a><a href=\"https:\/\/www.ifbaiano.edu.br\/unidades\/itapetinga\/files\/2024\/03\/Resolucao-326_2023-REGIMENTO-DO-COMITE-GESTOR-DO-SISTEMA-DE-BIBLIOTECAS.pdf\"><\/a><\/p>\n","protected":false},"excerpt":{"rendered":"<p>01 &#8211; PLANO DE ATUALIZA\u00c7\u00c3O DO ACERVO 02 &#8211;PLANO DE CONTING\u00caNCIA DA BIBLIOTECA 03 &#8211;REGULAMENTO UNIFICADO DAS BIBLIOTECAS DO INSTITUTO FEDERAL DE EDUCA\u00c7\u00c3O, CI\u00caNCIA E TECNOLOGIA BAIANO 04 &#8211;REGIMENTO DO COMIT\u00ca GESTOR DO SISTEMA DE BIBLIOTECAS DO INSTITUTO FEDERAL DE EDUCA\u00c7\u00c3O, CI\u00caNCIA E TECNOLOGIA BAIANO<\/p>\n","protected":false},"author":158,"featured_media":0,"parent":42524,"menu_order":0,"comment_status":"closed","ping_status":"closed","template":"","meta":[],"_links":{"self":[{"href":"https:\/\/www.ifbaiano.edu.br\/unidades\/itapetinga\/wp-json\/wp\/v2\/pages\/41914"}],"collection":[{"href":"https:\/\/www.ifbaiano.edu.br\/unidades\/itapetinga\/wp-json\/wp\/v2\/pages"}],"about":[{"href":"https:\/\/www.ifbaiano.edu.br\/unidades\/itapetinga\/wp-json\/wp\/v2\/types\/page"}],"author":[{"embeddable":true,"href":"https:\/\/www.ifbaiano.edu.br\/unidades\/itapetinga\/wp-json\/wp\/v2\/users\/158"}],"replies":[{"embeddable":true,"href":"https:\/\/www.ifbaiano.edu.br\/unidades\/itapetinga\/wp-json\/wp\/v2\/comments?post=41914"}],"version-history":[{"count":5,"href":"https:\/\/www.ifbaiano.edu.br\/unidades\/itapetinga\/wp-json\/wp\/v2\/pages\/41914\/revisions"}],"predecessor-version":[{"id":41925,"href":"https:\/\/www.ifbaiano.edu.br\/unidades\/itapetinga\/wp-json\/wp\/v2\/pages\/41914\/revisions\/41925"}],"up":[{"embeddable":true,"href":"https:\/\/www.ifbaiano.edu.br\/unidades\/itapetinga\/wp-json\/wp\/v2\/pages\/42524"}],"wp:attachment":[{"href":"https:\/\/www.ifbaiano.edu.br\/unidades\/itapetinga\/wp-json\/wp\/v2\/media?parent=41914"}],"curies":[{"name":"wp","href":"https:\/\/api.w.org\/{rel}","templated":true}]}}