{"id":41926,"date":"2024-03-21T08:46:21","date_gmt":"2024-03-21T11:46:21","guid":{"rendered":"https:\/\/www.ifbaiano.edu.br\/unidades\/itapetinga\/?page_id=41926"},"modified":"2026-02-24T16:38:16","modified_gmt":"2026-02-24T19:38:16","slug":"educacao-fisica","status":"publish","type":"page","link":"https:\/\/www.ifbaiano.edu.br\/unidades\/itapetinga\/superior\/educacao-fisica\/","title":{"rendered":"Educa\u00e7\u00e3o F\u00edsica"},"content":{"rendered":"\n<p><a rel=\"noreferrer noopener\" href=\"https:\/\/ifbaiano.edu.br\/portal\/graduacao-educacao-fisica-itapetinga\/\" data-type=\"URL\" data-id=\"https:\/\/ifbaiano.edu.br\/portal\/graduacao-educacao-fisica-itapetinga\/\" target=\"_blank\">Acesse o Portal do Curso<\/a><\/p>\n\n\n\n<hr class=\"wp-block-separator has-alpha-channel-opacity\" \/>\n\n\n\n<p>Documentos<\/p>\n\n\n\n<p><a href=\"https:\/\/www.ifbaiano.edu.br\/unidades\/itapetinga\/files\/2024\/04\/PPC-DO-CURSO-DE-GRADUACAO-EM-EDUCACAO-FISICA.pdf\" data-type=\"URL\" data-id=\"https:\/\/www.ifbaiano.edu.br\/unidades\/itapetinga\/files\/2024\/04\/PPC-DO-CURSO-DE-GRADUACAO-EM-EDUCACAO-FISICA.pdf\">Projeto Pedag\u00f3gico do Curso<\/a><\/p>\n\n\n\n<p><a href=\"https:\/\/www.ifbaiano.edu.br\/unidades\/itapetinga\/files\/2024\/04\/MATRIZ-CURRICULAR-ETAPA-COMUM-E-BACHARELADO-ED.FISICA.pdf\" data-type=\"URL\" data-id=\"https:\/\/www.ifbaiano.edu.br\/unidades\/itapetinga\/files\/2024\/04\/MATRIZ-CURRICULAR-ETAPA-COMUM-E-BACHARELADO-ED.FISICA.pdf\">Matriz Curricular Bacharelado<\/a><\/p>\n\n\n\n<p><a href=\"https:\/\/www.ifbaiano.edu.br\/unidades\/itapetinga\/files\/2024\/04\/MATRIZ-CURRICULAR-ETAPA-COMUM-E-LICENCIATURA-ED.FISICA.pdf\" data-type=\"URL\" data-id=\"https:\/\/www.ifbaiano.edu.br\/unidades\/itapetinga\/files\/2024\/04\/MATRIZ-CURRICULAR-ETAPA-COMUM-E-LICENCIATURA-ED.FISICA.pdf\">Matriz Curricular Licenciatura<\/a><\/p>\n\n\n\n<p><a href=\"https:\/\/www.ifbaiano.edu.br\/unidades\/itapetinga\/files\/2024\/04\/RESOLUCAO-320-2023-AUTORIZACAO-DO-CURSO-ED.FISICA.pdf\" data-type=\"URL\" data-id=\"https:\/\/www.ifbaiano.edu.br\/unidades\/itapetinga\/files\/2024\/04\/RESOLUCAO-320-2023-AUTORIZACAO-DO-CURSO-ED.FISICA.pdf\">Resolu\u00e7\u00e3o 320\/2023 Autoriza\u00e7\u00e3o do Curso<\/a><\/p>\n\n\n\n<p><\/p>\n","protected":false},"excerpt":{"rendered":"<p>Acesse o Portal do Curso Documentos Projeto Pedag\u00f3gico do Curso Matriz Curricular Bacharelado Matriz Curricular Licenciatura Resolu\u00e7\u00e3o 320\/2023 Autoriza\u00e7\u00e3o do Curso<\/p>\n","protected":false},"author":158,"featured_media":0,"parent":41721,"menu_order":0,"comment_status":"closed","ping_status":"closed","template":"","meta":[],"_links":{"self":[{"href":"https:\/\/www.ifbaiano.edu.br\/unidades\/itapetinga\/wp-json\/wp\/v2\/pages\/41926"}],"collection":[{"href":"https:\/\/www.ifbaiano.edu.br\/unidades\/itapetinga\/wp-json\/wp\/v2\/pages"}],"about":[{"href":"https:\/\/www.ifbaiano.edu.br\/unidades\/itapetinga\/wp-json\/wp\/v2\/types\/page"}],"author":[{"embeddable":true,"href":"https:\/\/www.ifbaiano.edu.br\/unidades\/itapetinga\/wp-json\/wp\/v2\/users\/158"}],"replies":[{"embeddable":true,"href":"https:\/\/www.ifbaiano.edu.br\/unidades\/itapetinga\/wp-json\/wp\/v2\/comments?post=41926"}],"version-history":[{"count":6,"href":"https:\/\/www.ifbaiano.edu.br\/unidades\/itapetinga\/wp-json\/wp\/v2\/pages\/41926\/revisions"}],"predecessor-version":[{"id":44873,"href":"https:\/\/www.ifbaiano.edu.br\/unidades\/itapetinga\/wp-json\/wp\/v2\/pages\/41926\/revisions\/44873"}],"up":[{"embeddable":true,"href":"https:\/\/www.ifbaiano.edu.br\/unidades\/itapetinga\/wp-json\/wp\/v2\/pages\/41721"}],"wp:attachment":[{"href":"https:\/\/www.ifbaiano.edu.br\/unidades\/itapetinga\/wp-json\/wp\/v2\/media?parent=41926"}],"curies":[{"name":"wp","href":"https:\/\/api.w.org\/{rel}","templated":true}]}}